{"id":4697,"date":"2020-10-30T11:48:02","date_gmt":"2020-10-30T11:48:02","guid":{"rendered":"https:\/\/quickguides.info\/?page_id=4697"},"modified":"2023-08-10T20:24:13","modified_gmt":"2023-08-10T20:24:13","slug":"serif-yenen-hakkinda","status":"publish","type":"page","link":"https:\/\/quickguides.info\/tr\/serif-yenen-hakkinda\/","title":{"rendered":"\u015eerif Yenen Hakk\u0131nda"},"content":{"rendered":"<div class=\"wpb-content-wrapper\"><p>[vc_row][vc_column width=&#8221;1\/2&#8243;][vc_column_text text_larger=&#8221;no&#8221;]<\/p>\n<h1>\u015eerif Yenen Kimdir?<\/h1>\n<p>\u015eerif Yenen, 1989 y\u0131l\u0131ndan beri turizm sekt\u00f6r\u00fcnde aktif olarak rol al\u0131yor. Seyahat uzman\u0131, turist rehberi, uluslararas\u0131 konu\u015fmac\u0131, rehber kitaplar yazar\u0131 ve turizm filmleri yap\u0131mc\u0131s\u0131 gibi bir\u00e7ok farkl\u0131 g\u00f6revi \u00fcstlenmi\u015ftir.<\/p>\n<p>&#8220;Turkish Odyssey&#8221; adl\u0131 eseri, T\u00fcrkiye&#8217;nin ilk \u0130ngilizce gezi rehberi olarak bilinir ve bu kitapla T\u00fcrkiye&#8217;nin zengin k\u00fclt\u00fcrel miras\u0131n\u0131 uluslararas\u0131 kitlelere aktar\u0131yor. \u015eerif Yenen, T\u00fcrkiye&#8217;nin tan\u0131t\u0131m\u0131na da b\u00fcy\u00fck katk\u0131da bulunmu\u015f, Bilgi \u00dcniversitesi ve Bo\u011fazi\u00e7i \u00dcniversitesi&#8217;nde part-time \u00f6\u011fretim g\u00f6revlisi olarak gen\u00e7 turizm profesyonellerine rehberlik etmi\u015ftir.[\/vc_column_text][\/vc_column][vc_column width=&#8221;1\/2&#8243;][vc_video link=&#8221;https:\/\/vimeo.com\/85016137&#8243; image_poster_switch=&#8221;no&#8221;][\/vc_column][\/vc_row][vc_row][vc_column][vc_column_text text_larger=&#8221;no&#8221;]Sadece T\u00fcrkiye&#8217;de de\u011fil, uluslararas\u0131 arenada da sayg\u0131n kurulu\u015flarda liderlik yapm\u0131\u015ft\u0131r. \u0130stanbul Rehberler Odas\u0131 ve T\u00fcrkiye Turist Rehberleri Birli\u011fi&#8217;nde 13 y\u0131l ba\u015fkanl\u0131k yapm\u0131\u015f ve iki d\u00f6nem D\u00fcnya Rehberler Birli\u011fi&#8217;nin y\u00f6netiminde g\u00f6rev alm\u0131\u015ft\u0131r. Yay\u0131nlar\u0131, akademik \u00e7evrelerde de\u011ferli kaynaklar olarak kabul g\u00f6rmekte, makale ve yaz\u0131lar\u0131 uluslararas\u0131 dergilerde ve ulusal gazetelerde d\u00fczenli olarak yay\u0131mlanmaktad\u0131r.<\/p>\n<p>&#8220;Anadolu Destan\u0131&#8221; isimli eseriyle, 30 y\u0131l\u0131 a\u015fk\u0131n rehberlik deneyimini kullanarak T\u00fcrkiye&#8217;nin k\u00fclt\u00fcrel miras\u0131n\u0131 hem kronolojik hem de b\u00f6lgesel olarak detayl\u0131ca sunuyor. Bu eser, zengin g\u00f6rsel materyallerle desteklenerek, okuyucuya T\u00fcrkiye&#8217;nin tarihi ve k\u00fclt\u00fcrel g\u00fczelliklerini kapsaml\u0131 bir \u015fekilde aktar\u0131yor.<\/p>\n<p>K\u0131sacas\u0131, \u015eerif Yenen&#8217;in uzun y\u0131llard\u0131r sekt\u00f6rde edindi\u011fi deneyim, bilgi birikimi ve \u00f6zg\u00fcven, onu T\u00fcrkiye&#8217;nin en kapsaml\u0131 gezi rehberlerinden birini yazmaya te\u015fvik etmi\u015ftir. Sahada binlerce insana rehberlik yapman\u0131n getirdi\u011fi bilgiyle, okuyucular\u0131na unutulmaz bir gezi deneyimi sunmaktad\u0131r. Onun bu tutkusu, T\u00fcrkiye turizminin d\u00fcnya genelinde tan\u0131t\u0131m\u0131na ilham kayna\u011f\u0131 olmaya devam\u00a0edecektir.<\/p>\n<ol>\n<li><a href=\"http:\/\/www.serifyenen.com\" target=\"_blank\" rel=\"noopener noreferrer\">\u015eerif Yenen&#8217;in \u00d6zellikle Yabanc\u0131lara Sundu\u011fu Hizmetler (\u0130ngilizce)<\/a><\/li>\n<li><a href=\"http:\/\/en.wikipedia.org\/wiki\/Serif_Yenen\" target=\"_blank\" rel=\"noopener noreferrer\">\u015eerif Yenen Wikipedia&#8217;da (\u0130ngilizce)<\/a><\/li>\n<li><a href=\"https:\/\/www.wikizero.com\/tr\/\u015eerif_Yenen\" target=\"_blank\" rel=\"noopener noreferrer\">\u015eerif Yenen Vikipedi \u00d6zg\u00fcr Ansiklopedi&#8217;de<\/a><\/li>\n<li><a href=\"http:\/\/www.amazon.com\/Serif-Yenen\/e\/B001JWS564\/ref=sr_ntt_srch_lnk_1?qid=1423942412&amp;sr=8-1\" target=\"_blank\" rel=\"noopener noreferrer\">\u015eerif Yenen&#8217;in Yay\u0131nlar\u0131 Amazon&#8217;da, sat\u0131\u015fta<\/a><\/li>\n<li><a href=\"http:\/\/serifyenen.com\/tv-programs\/\" target=\"_blank\" rel=\"noopener noreferrer\">\u015eerif Yenen&#8217;in Televizyon Programlar\u0131<\/a><\/li>\n<li><a href=\"http:\/\/www.istanbulunveiled.com\" target=\"_blank\" rel=\"noopener noreferrer\">\u015eerif Yenen&#8217;in 9 \u00f6d\u00fcll\u00fc seyahat belgeseli: Istanbul Unveiled<\/a><\/li>\n<li><a href=\"http:\/\/www.youtube.com\/serifyenen\" target=\"_blank\" rel=\"noopener noreferrer\">\u015eerif Yenen&#8217;in Haftal\u0131k Video Klipleri<\/a><\/li>\n<li><a href=\"http:\/\/serifyenen.com\/in-the-press\/\" target=\"_blank\" rel=\"noopener noreferrer\">Bas\u0131nda \u015eerif Yenen<\/a><\/li>\n<li><a href=\"http:\/\/serifyenen.com\/awards\/\" target=\"_blank\" rel=\"noopener noreferrer\">\u015eerif Yenen&#8217;in Ald\u0131\u011f\u0131 \u00d6d\u00fcller (\u0130ngilizce)<\/a><\/li>\n<li><a href=\"http:\/\/serifyenen.com\/photo-album\/\" target=\"_blank\" rel=\"noopener noreferrer\">\u015eerif Yenen&#8217;in Foto\u011fraf Alb\u00fcm\u00fc<\/a><\/li>\n<li>\u015eerif Yenen Sosyal Medyada:<br \/>\n<a href=\"https:\/\/www.facebook.com\/travelinturkey\/\" target=\"_blank\" rel=\"noopener noreferrer\">Facebook<\/a>, <a href=\"https:\/\/twitter.com\/serifyenen\" target=\"_blank\" rel=\"noopener noreferrer\">Twitter<\/a>, <a href=\"https:\/\/www.instagram.com\/serifyenen\/\" target=\"_blank\" rel=\"noopener noreferrer\">Instagram<\/a>, <a href=\"http:\/\/tr.linkedin.com\/in\/serifyenen\" target=\"_blank\" rel=\"noopener noreferrer\">Linked in<\/a>, <a href=\"http:\/\/www.youtube.com\/serifyenen\" target=\"_blank\" rel=\"noopener noreferrer\">Youtube<\/a>,<br \/>\n<a href=\"https:\/\/vimeo.com\/serifyenen\" target=\"_blank\" rel=\"noopener noreferrer\">Vimeo<\/a>, <a href=\"https:\/\/plus.google.com\/105180520553212611231\" target=\"_blank\" rel=\"noopener noreferrer\">google+<\/a>, <a href=\"http:\/\/blog.serifyenen.com\" target=\"_blank\" rel=\"noopener noreferrer\">Blog ve Video Klipler<\/a><\/li>\n<\/ol>\n<p>[\/vc_column_text][\/vc_column][\/vc_row]<\/p>\n<\/div>","protected":false},"excerpt":{"rendered":"<p>[vc_row][vc_column width=&#8221;1\/2&#8243;][vc_column_text text_larger=&#8221;no&#8221;] \u015eerif Yenen Kimdir? \u015eerif Yenen, 1989 y\u0131l\u0131ndan beri turizm sekt\u00f6r\u00fcnde aktif olarak rol al\u0131yor. Seyahat uzman\u0131, turist<\/p>\n","protected":false},"author":1,"featured_media":0,"parent":0,"menu_order":0,"comment_status":"closed","ping_status":"closed","template":"","meta":{"footnotes":""},"class_list":["post-4697","page","type-page","status-publish","hentry"],"_links":{"self":[{"href":"https:\/\/quickguides.info\/tr\/wp-json\/wp\/v2\/pages\/4697","targetHints":{"allow":["GET"]}}],"collection":[{"href":"https:\/\/quickguides.info\/tr\/wp-json\/wp\/v2\/pages"}],"about":[{"href":"https:\/\/quickguides.info\/tr\/wp-json\/wp\/v2\/types\/page"}],"author":[{"embeddable":true,"href":"https:\/\/quickguides.info\/tr\/wp-json\/wp\/v2\/users\/1"}],"replies":[{"embeddable":true,"href":"https:\/\/quickguides.info\/tr\/wp-json\/wp\/v2\/comments?post=4697"}],"version-history":[{"count":0,"href":"https:\/\/quickguides.info\/tr\/wp-json\/wp\/v2\/pages\/4697\/revisions"}],"wp:attachment":[{"href":"https:\/\/quickguides.info\/tr\/wp-json\/wp\/v2\/media?parent=4697"}],"curies":[{"name":"wp","href":"https:\/\/api.w.org\/{rel}","templated":true}]}}