{"id":4731,"date":"2020-11-06T06:08:32","date_gmt":"2020-11-06T06:08:32","guid":{"rendered":"https:\/\/quickguides.info\/?page_id=4731"},"modified":"2025-02-02T20:16:04","modified_gmt":"2025-02-02T20:16:04","slug":"istanbul-unveiled-seyahat-belgeseli","status":"publish","type":"page","link":"https:\/\/quickguides.info\/tr\/film-videolar\/istanbul-unveiled-seyahat-belgeseli\/","title":{"rendered":"Istanbul Unveiled Seyahat Belgeseli"},"content":{"rendered":"<div class=\"wpb-content-wrapper\"><p>[vc_row][vc_column][vc_video link=&#8221;https:\/\/vimeo.com\/62818595&#8243; image_poster_switch=&#8221;no&#8221;][vc_column_text css=&#8221;&#8221; text_larger=&#8221;no&#8221; woodmart_inline=&#8221;no&#8221;]\u015eerif Yenen, <strong>\u0130stanbul Unveiled<\/strong>\u00a0adl\u0131 bir seyahat belgesel filmini yap\u0131mc\u0131l\u0131\u011f\u0131n\u0131 ve y\u00f6netmenli\u011fini \u00fcstlenmi\u015ftir. Film, bug\u00fcne kadar sekiz uluslararas\u0131 festival \u00f6d\u00fcl\u00fc kazanm\u0131\u015ft\u0131r. \u015eerif Yenen ayr\u0131ca filmi farkl\u0131 \u00fclkelerde, m\u00fczelerde, b\u00fcy\u00fckel\u00e7iliklerde, kul\u00fcplerde ve di\u011fer mekanlarda g\u00f6stermeye ba\u015flam\u0131\u015ft\u0131r. Film g\u00f6steriminden sonra, \u0130stanbul ve T\u00fcrkiye hakk\u0131nda soru-cevap oturumlar\u0131na kat\u0131lmaktan b\u00fcy\u00fck keyif almaktad\u0131r.<\/p>\n<p><strong>\u0130stanbul Unveiled<\/strong><\/p>\n<p><strong>Y\u00f6netmen:<\/strong> \u015eerif Yenen, Levent Aya\u015fl\u0131<br \/>\n<strong>Medya Format\u0131:<\/strong> \u00c7e\u015fitli Formatlar, Tam Ekran, PAL\/NTSC, Geni\u015f Ekran<br \/>\n<strong>S\u00fcre:<\/strong> 1 saat 1 dakika<br \/>\n<strong>Yay\u0131n Tarihi:<\/strong> 1 May\u0131s 2014<br \/>\n<strong>Oyuncular:<\/strong> Jessica Berkmen<br \/>\n<strong>Altyaz\u0131lar:<\/strong> \u0130ngilizce, T\u00fcrk\u00e7e, Almanca, Frans\u0131zca, \u0130talyanca, \u0130spanyolca, Arap\u00e7a, Rus\u00e7a, \u00c7ince, Korece, Japonca<br \/>\n<strong>St\u00fcdyo:<\/strong> Yenen Travel Publishing<\/p>\n<p><strong>Fiyat:<\/strong><br \/>\nDVD: 16,99 ABD Dolar\u0131<br \/>\nBlu-Ray: 23,99 ABD Dolar\u0131<\/p>\n<p>DVD veya Blu-Ray\u2019i <strong>\u015eerif Yenen<\/strong>\u2019den veya <a href=\"https:\/\/www.amazon.com\/Istanbul-Unveiled-Travel-Documentary-Film\/dp\/B00K7ZIZMS\/ref=sr_sp-atf_title_1_1?s=movies-tv&amp;ie=UTF8&amp;qid=1407413624&amp;sr=1-1&amp;keywords=Serif+Yenen\" target=\"_blank\" rel=\"noopener\"><strong>Amazon.com<\/strong><\/a>\u2019dan sat\u0131n alabilirsiniz.[\/vc_column_text][vc_single_image image=&#8221;3911&#8243; img_size=&#8221;full&#8221; parallax_scroll=&#8221;no&#8221;]\t\t<div class=\"promo-banner-wrapper  wd-rs-5fad4ec24ead5 \">\n\t\t\t<div id=\"wd-5fad4ec24ead5\" class=\"promo-banner  banner-background banner-hover-none color-scheme-dark banner-btn-size-default banner-btn-style-default  wd-with-link wd-underline-colored\">\n\t\t\t\t<div class=\"main-wrapp-img\">\n\t\t\t\t\t<div class=\"banner-image wd-bg-position-center\" >\n\t\t\t\t\t\t<img loading=\"lazy\" decoding=\"async\" width=\"300\" height=\"40\" src=\"https:\/\/quickguides.info\/wp-content\/uploads\/2020\/11\/bg_istanbulunveiled-300x40.jpg\" class=\"attachment-300x40 size-300x40\" alt=\"Istanbul Unveiled background\" title=\"\">\t\t\t\t\t<\/div>\n\t\t\t\t<\/div>\n\n\t\t\t\t<div class=\"wrapper-content-banner wd-fill  wd-items-middle wd-justify-center\">\n\t\t\t\t\t<div class=\"content-banner  text-center\">\n\t\t\t\t\t\t<h4 class=\"banner-title wd-font-weight- font-text wd-fontsize-l\">Istanbul Unveiled Website<\/h4>\t\t\t\t\t\t\n\t\t\t\t\t\t\n\t\t\t\t\t\t\t\t\t\t\t<\/div>\n\t\t\t\t<\/div>\n\n\t\t\t\t\t\t\t\t\t<a class=\"wd-promo-banner-link wd-fill\" aria-label=\"Banner link\" href=\"https:\/\/istanbulunveiled.com\" title=\"\" target=\"_blank\" rel=\"noopener\"><\/a>\n\t\t\t\t\n\t\t\t\t\t\t\t<\/div>\n\t\t<\/div>\n\n\t\t[\/vc_column][\/vc_row][vc_row][vc_column][vc_column_text css=&#8221;&#8221; text_larger=&#8221;no&#8221; woodmart_inline=&#8221;no&#8221;]<strong>\u015eerif Yenen\u2019in \u0130stanbul Unveiled&#8217;i Anlat\u0131\u015f\u0131<\/strong><\/p>\n<p>T\u00fcrkiye\u2019de profesyonel bir turist rehberi olarak \u00e7al\u0131\u015ft\u0131\u011f\u0131m s\u00fcre boyunca bir \u015fey \u00e7ok netle\u015fti: Ziyaret\u00e7iler \u201cturist\u201d olarak adland\u0131r\u0131lmaktan ho\u015flanm\u0131yorlar ve turist gibi muamele g\u00f6rmek istemiyorlar. Turist olmak fikri, \u00f6nceden belirlenmi\u015f etkinliklere g\u00f6t\u00fcr\u00fclmek, yerlilerin yabanc\u0131larla nas\u0131l ilgileneceklerini iyi bildikleri d\u00fckk\u00e2nlara veya mekanlara y\u00f6nlendirilmek anlam\u0131na geldi\u011finden, spontane ve samimi insan etkile\u015fimlerinin ortadan kalkmas\u0131na neden oluyor. Peki, bunu nas\u0131l de\u011fi\u015ftirebiliriz?<\/p>\n<p>\u00dclkemizi ziyaret edenler i\u00e7in \u00e7ar\u015f\u0131lar, restoranlar, g\u00f6steriler ve elbette \u00f6nemli turistik noktalar ve m\u00fczeler ka\u00e7\u0131r\u0131lmamas\u0131 gereken yerlerdir. Ancak onlar\u0131 klasik \u201cturistik\u201d destinasyonlar yerine, ke\u015ffedilmemi\u015f yerlere g\u00f6t\u00fcrerek k\u00fclt\u00fcrel etkile\u015fim ya\u015famalar\u0131n\u0131 sa\u011flayabiliriz. B\u00f6ylece geni\u015f bir k\u00fclt\u00fcrel yelpazeden yerel insanlarla do\u011frudan ileti\u015fim kurarak \u00e7ok daha derin bir deneyim elde edebilirler.<\/p>\n<p>Bu bak\u0131\u015f a\u00e7\u0131s\u0131yla, T\u00fcrkiye ve T\u00fcrk k\u00fclt\u00fcr\u00fc hakk\u0131nda rehber kitaplar yazan ve yay\u0131mlayan biri olarak, T\u00fcrkiye\u2019ye ve T\u00fcrk k\u00fclt\u00fcr\u00fcne dair seyahat rehberleri ve belgeseller \u00fcretmeye kendimi ad\u0131yorum. \u0130\u00e7erik haz\u0131r: 30 y\u0131l\u0131 a\u015fk\u0131n turizm rehberli\u011fi deneyimim sayesinde gerekli bilgi birikimi zaten edinilmi\u015f durumda.<\/p>\n<p><strong>&#8220;\u0130stanbul Unveiled&#8221;<\/strong>, <strong>&#8220;K\u00fclt\u00fcrel Etkile\u015fimler&#8221;<\/strong> projesinin bir par\u00e7as\u0131 olan bir belgesel filmdir.[\/vc_column_text][\/vc_column][\/vc_row]<\/p>\n<\/div>","protected":false},"excerpt":{"rendered":"<p>[vc_row][vc_column][vc_video link=&#8221;https:\/\/vimeo.com\/62818595&#8243; image_poster_switch=&#8221;no&#8221;][vc_column_text css=&#8221;&#8221; text_larger=&#8221;no&#8221; woodmart_inline=&#8221;no&#8221;]\u015eerif Yenen, \u0130stanbul Unveiled\u00a0adl\u0131 bir seyahat belgesel filmini yap\u0131mc\u0131l\u0131\u011f\u0131n\u0131 ve y\u00f6netmenli\u011fini \u00fcstlenmi\u015ftir. Film, bug\u00fcne kadar<\/p>\n","protected":false},"author":1,"featured_media":4659,"parent":4714,"menu_order":0,"comment_status":"closed","ping_status":"closed","template":"","meta":{"footnotes":""},"class_list":["post-4731","page","type-page","status-publish","has-post-thumbnail","hentry"],"_links":{"self":[{"href":"https:\/\/quickguides.info\/tr\/wp-json\/wp\/v2\/pages\/4731","targetHints":{"allow":["GET"]}}],"collection":[{"href":"https:\/\/quickguides.info\/tr\/wp-json\/wp\/v2\/pages"}],"about":[{"href":"https:\/\/quickguides.info\/tr\/wp-json\/wp\/v2\/types\/page"}],"author":[{"embeddable":true,"href":"https:\/\/quickguides.info\/tr\/wp-json\/wp\/v2\/users\/1"}],"replies":[{"embeddable":true,"href":"https:\/\/quickguides.info\/tr\/wp-json\/wp\/v2\/comments?post=4731"}],"version-history":[{"count":0,"href":"https:\/\/quickguides.info\/tr\/wp-json\/wp\/v2\/pages\/4731\/revisions"}],"up":[{"embeddable":true,"href":"https:\/\/quickguides.info\/tr\/wp-json\/wp\/v2\/pages\/4714"}],"wp:featuredmedia":[{"embeddable":true,"href":"https:\/\/quickguides.info\/tr\/wp-json\/wp\/v2\/media\/4659"}],"wp:attachment":[{"href":"https:\/\/quickguides.info\/tr\/wp-json\/wp\/v2\/media?parent=4731"}],"curies":[{"name":"wp","href":"https:\/\/api.w.org\/{rel}","templated":true}]}}