{"id":4814,"date":"2020-11-06T06:03:17","date_gmt":"2020-11-06T06:03:17","guid":{"rendered":"https:\/\/quickguides.info\/?page_id=4814"},"modified":"2025-02-02T16:12:30","modified_gmt":"2025-02-02T16:12:30","slug":"istanbul","status":"publish","type":"page","link":"https:\/\/quickguides.info\/tr\/resimli-haritalar\/istanbul\/","title":{"rendered":"Istanbul"},"content":{"rendered":"<div class=\"wpb-content-wrapper\"><p>[vc_row][vc_column width=&#8221;3\/4&#8243;]<div class=\"widget_products wd-rs-679f94fa8d0b6 vc_custom_1738511634111\"><div class=\"widget woocommerce widget_products\"><h2 class=\"widgettitle\">Sat\u0131n almak i\u00e7in t\u0131klay\u0131n!<\/h2><ul class=\"product_list_widget\"><li>\n\t\t<span class=\"widget-product-wrap\">\n\t\t<a href=\"https:\/\/quickguides.info\/tr\/urun\/illustrasyonlu-zeytinburnu-haritasi\/\" title=\"\u0130ll\u00fcstrasyonlu Zeytinburnu Haritas\u0131\" class=\"widget-product-img\">\n\t\t\t<img loading=\"lazy\" decoding=\"async\" width=\"159\" height=\"300\" src=\"https:\/\/quickguides.info\/wp-content\/uploads\/2020\/11\/zeytinburnu-map-159x300.jpg\" class=\"attachment-medium size-medium\" alt=\"\" srcset=\"https:\/\/quickguides.info\/wp-content\/uploads\/2020\/11\/zeytinburnu-map-159x300.jpg 159w, https:\/\/quickguides.info\/wp-content\/uploads\/2020\/11\/zeytinburnu-map-300x565.jpg 300w, https:\/\/quickguides.info\/wp-content\/uploads\/2020\/11\/zeytinburnu-map-150x283.jpg 150w, https:\/\/quickguides.info\/wp-content\/uploads\/2020\/11\/zeytinburnu-map-600x1130.jpg 600w, https:\/\/quickguides.info\/wp-content\/uploads\/2020\/11\/zeytinburnu-map-544x1024.jpg 544w, https:\/\/quickguides.info\/wp-content\/uploads\/2020\/11\/zeytinburnu-map-768x1447.jpg 768w, https:\/\/quickguides.info\/wp-content\/uploads\/2020\/11\/zeytinburnu-map.jpg 790w\" sizes=\"auto, (max-width: 159px) 100vw, 159px\" title=\"\">\t\t<\/a>\n\t\t<span class=\"widget-product-info\">\n\t\t\t<a href=\"https:\/\/quickguides.info\/tr\/urun\/illustrasyonlu-zeytinburnu-haritasi\/\" title=\"\u0130ll\u00fcstrasyonlu Zeytinburnu Haritas\u0131\" class=\"wd-entities-title\">\n\t\t\t\t\u0130ll\u00fcstrasyonlu Zeytinburnu Haritas\u0131\t\t\t<\/a>\n\t\t\t\t\t\t\t\t\t\t\t\t\t<span class=\"price\"><span class=\"woocommerce-Price-amount amount\"><bdi>55.00<span class=\"woocommerce-Price-currencySymbol\">&#8378;<\/span><\/bdi><\/span><\/span>\n\t\t<\/span>\n\t<\/span>\n\t<\/li>\n<\/ul><\/div><\/div>[vc_column_text css=&#8221;&#8221; text_larger=&#8221;no&#8221; woodmart_inline=&#8221;no&#8221;]<\/p>\n<h1>\u0130stanbul&#8217;un \u0130ll\u00fcstrasyonlu Haritalar\u0131<\/h1>\n<p>\u015eerif Yenen&#8217;in y\u00fcr\u00fctt\u00fc\u011f\u00fc devam eden bir di\u011fer Quick Guide Projesi, \u0130stanbul&#8217;un ill\u00fcstrasyonlu haritas\u0131d\u0131r.<\/p>\n<p>Bu harita, Alt\u0131n Boynuz ile Eski \u015eehir, Pera, Beyo\u011flu, Bo\u011fazi\u00e7i K\u00f6pr\u00fcs\u00fc\u2019ne kadar Bo\u011faz ve \u0130stanbul&#8217;un Asya yakas\u0131ndaki k\u0131y\u0131lar\u0131 kapsayan bir ill\u00fcstrasyonlu \u015fehir plan\u0131 ve gezi haritas\u0131d\u0131r. G\u00fcnl\u00fck olarak \u00f6nerilen gezilecek yerler listesi ve tematik rotalar, \u015fehri ke\u015ffetmenize rehberlik edecektir.<\/p>\n<p>\u0130ll\u00fcstrasyonlar, tarihi ve turistik yerleri, an\u0131tlar\u0131, m\u00fczeleri, saraylar\u0131, camileri, kiliseleri, sinagoglar\u0131, kaleleri, hamamlar\u0131, \u00e7ar\u015f\u0131lar\u0131 ve pazarlar\u0131 kapsamaktad\u0131r.<\/p>\n<p>Haritan\u0131n arka y\u00fcz\u00fcnde tam bir Bo\u011faz haritas\u0131 ile farkl\u0131 versiyonlarda \u00e7e\u015fitli faydal\u0131 haritalar veya planlar yer almaktad\u0131r.<\/p>\n<p>\u00dcsk\u00fcdar haritas\u0131 ve yemek haritas\u0131 hen\u00fcz bas\u0131lmam\u0131\u015ft\u0131r.<\/p>\n<p>Fiyat: 1,50 ABD Dolar\u0131 (\u015eerif Yenen&#8217;den sipari\u015f verebilirsiniz.)<\/p>\n<p><strong>Katlanabilir Haritalar<\/strong><br \/>\nTam renkli foto\u011fraflar, haritalar, planlar, ill\u00fcstrasyonlar ve 3D rekonstr\u00fcksiyon \u00e7izimleri<br \/>\n\u015eerif Yenen taraf\u0131ndan 2012 \u2013 2021 y\u0131llar\u0131 aras\u0131nda yay\u0131mland\u0131.<\/p>\n<p><strong>\u00d6zel Sat\u0131\u015flar<\/strong><br \/>\n\u201cQuick Guide \u0130ll\u00fcstrasyonlu \u0130stanbul Haritalar\u0131\u201d, toplu al\u0131mlarda \u00f6zel indirimle sunulmaktad\u0131r. \u00d6zel ihtiya\u00e7lar do\u011frultusunda, ki\u015fiselle\u015ftirilmi\u015f kapaklar, al\u0131nt\u0131lar ve kurumsal logolar i\u00e7eren \u00f6zel bask\u0131lar olu\u015fturulabilir.[\/vc_column_text][\/vc_column][vc_column width=&#8221;1\/4&#8243;][vc_single_image image=&#8221;4539&#8243; img_size=&#8221;medium&#8221; add_caption=&#8221;yes&#8221; style=&#8221;vc_box_shadow_border&#8221; onclick=&#8221;link_image&#8221; parallax_scroll=&#8221;no&#8221;][\/vc_column][\/vc_row][vc_row][vc_column width=&#8221;1\/3&#8243;][vc_column_text text_larger=&#8221;no&#8221;]<div class=\"_df_thumb \" id=\"df_3639\"  title=\"istanbul-with-zeytinburnu-november-2020\" _slug=\"illustration-map\" wpoptions=\"true\" thumb=\"https:\/\/quickguides.info\/wp-content\/uploads\/2020\/11\/zeytinburnu-map.jpg\" thumbtype=\"bg\" >Istanbul with Zeytinburnu &#8211; November 2020<\/div><script data-cfasync=\"false\">var option_df_3639 = {\"outline\":[],\"forceFit\":\"true\",\"autoEnableOutline\":\"false\",\"autoEnableThumbnail\":\"false\",\"overwritePDFOutline\":\"false\",\"direction\":\"1\",\"pageSize\":\"0\",\"source\":\"https:\\\/\\\/quickguides.info\\\/wp-content\\\/uploads\\\/2020\\\/11\\\/Zeytinburnu-Harita-27.10-SON.pdf\",\"wpOptions\":\"true\"}; if(window.DFLIP && DFLIP.parseBooks){DFLIP.parseBooks();}<\/script>[\/vc_column_text][\/vc_column][vc_column width=&#8221;1\/3&#8243;][vc_column_text text_larger=&#8221;no&#8221;]<div class=\"_df_thumb \" id=\"df_3743\"  title=\"istanbul-with-uskudar\" _slug=\"istanbul-with-uskudar\" wpoptions=\"true\" thumb=\"https:\/\/quickguides.info\/wp-content\/uploads\/2021\/02\/istanbul-uskudar-map-eng.jpg\" thumbtype=\"bg\" >Istanbul with Uskudar<\/div><script data-cfasync=\"false\">var option_df_3743 = {\"outline\":[],\"forceFit\":\"true\",\"autoEnableOutline\":\"false\",\"autoEnableThumbnail\":\"false\",\"overwritePDFOutline\":\"false\",\"direction\":\"1\",\"pageSize\":\"0\",\"source\":\"https:\\\/\\\/quickguides.info\\\/wp-content\\\/uploads\\\/2021\\\/02\\\/istanbul-uskudar-download-eng.pdf\",\"wpOptions\":\"true\"}; if(window.DFLIP && DFLIP.parseBooks){DFLIP.parseBooks();}<\/script>[\/vc_column_text][\/vc_column][vc_column width=&#8221;1\/3&#8243;][vc_column_text text_larger=&#8221;no&#8221;]<div class=\"_df_thumb \" id=\"df_3733\"  title=\"delicious-istanbul-under-construction\" _slug=\"delicious-map\" wpoptions=\"true\" thumb=\"https:\/\/quickguides.info\/wp-content\/uploads\/2020\/11\/delicious-istanbul.jpg\" thumbtype=\"bg\" >Delicious Istanbul &#8211; Under Construction<\/div><script data-cfasync=\"false\">var option_df_3733 = {\"outline\":[],\"forceFit\":\"true\",\"autoEnableOutline\":\"false\",\"autoEnableThumbnail\":\"false\",\"overwritePDFOutline\":\"false\",\"direction\":\"1\",\"pageSize\":\"0\",\"source\":\"https:\\\/\\\/quickguides.info\\\/wp-content\\\/uploads\\\/2020\\\/11\\\/Gastronomi-Haritasi.pdf\",\"wpOptions\":\"true\"}; if(window.DFLIP && DFLIP.parseBooks){DFLIP.parseBooks();}<\/script>[\/vc_column_text][\/vc_column][\/vc_row][vc_row][vc_column width=&#8221;1\/3&#8243;][vc_column_text text_larger=&#8221;no&#8221;]<div class=\"_df_thumb \" id=\"df_3852\"  title=\"ibb-december-2019\" _slug=\"ibb-december-2019\" wpoptions=\"true\" thumb=\"https:\/\/quickguides.info\/wp-content\/uploads\/2020\/11\/ibb-map.jpg\" thumbtype=\"bg\" >IBB &#8211; December 2019<\/div><script data-cfasync=\"false\">var option_df_3852 = {\"outline\":[],\"forceFit\":\"true\",\"autoEnableOutline\":\"false\",\"autoEnableThumbnail\":\"false\",\"overwritePDFOutline\":\"false\",\"direction\":\"1\",\"pageSize\":\"0\",\"source\":\"https:\\\/\\\/quickguides.info\\\/wp-content\\\/uploads\\\/2020\\\/11\\\/IBB_December-2019.pdf\",\"wpOptions\":\"true\"}; if(window.DFLIP && DFLIP.parseBooks){DFLIP.parseBooks();}<\/script><br \/>\n[\/vc_column_text][\/vc_column][vc_column width=&#8221;1\/3&#8243;][vc_column_text text_larger=&#8221;no&#8221;]<div class=\"_df_thumb \" id=\"df_3849\"  title=\"kanyon-august-2014\" _slug=\"kanyon-hardrock-cafe-august-2014\" wpoptions=\"true\" thumb=\"https:\/\/quickguides.info\/wp-content\/uploads\/2020\/11\/Ekran-Resmi-2020-11-12-12.37.38.jpg\" thumbtype=\"bg\" >Kanyon &#8211; August 2014<\/div><script data-cfasync=\"false\">var option_df_3849 = {\"outline\":[],\"forceFit\":\"true\",\"autoEnableOutline\":\"false\",\"autoEnableThumbnail\":\"false\",\"overwritePDFOutline\":\"false\",\"direction\":\"1\",\"pageSize\":\"0\",\"source\":\"https:\\\/\\\/quickguides.info\\\/wp-content\\\/uploads\\\/2020\\\/11\\\/Kanyon_Hardrock-cafe_August-2014.pdf\",\"wpOptions\":\"true\"}; if(window.DFLIP && DFLIP.parseBooks){DFLIP.parseBooks();}<\/script>[\/vc_column_text][\/vc_column][vc_column width=&#8221;1\/3&#8243;][vc_column_text text_larger=&#8221;no&#8221;]<div class=\"_df_thumb \" id=\"df_4050\"  title=\"gizia-2013\" _slug=\"gizia-2013\" wpoptions=\"true\" thumb=\"https:\/\/quickguides.info\/wp-content\/uploads\/2020\/12\/IST-Harita-no-sponsor-2013.jpg\" thumbtype=\"bg\" >Gizia &#8211; 2013<\/div><script data-cfasync=\"false\">var option_df_4050 = {\"outline\":[],\"forceFit\":\"true\",\"autoEnableOutline\":\"false\",\"autoEnableThumbnail\":\"false\",\"overwritePDFOutline\":\"false\",\"direction\":\"1\",\"pageSize\":\"0\",\"source\":\"https:\\\/\\\/quickguides.info\\\/wp-content\\\/uploads\\\/2020\\\/12\\\/IST-Harita-GIZIA-2013.pdf\",\"wpOptions\":\"true\"}; if(window.DFLIP && DFLIP.parseBooks){DFLIP.parseBooks();}<\/script>[\/vc_column_text][\/vc_column][\/vc_row][vc_row][vc_column width=&#8221;1\/3&#8243;][vc_column_text text_larger=&#8221;no&#8221;]<div class=\"_df_thumb \" id=\"df_4048\"  title=\"istanbul-map-2013\" _slug=\"istanbul-map-no-sponsor\" wpoptions=\"true\" thumb=\"https:\/\/quickguides.info\/wp-content\/uploads\/2020\/12\/IST-Harita-no-sponsor-2013.jpg\" thumbtype=\"bg\" >Istanbul Map &#8211; 2013<\/div><script data-cfasync=\"false\">var option_df_4048 = {\"outline\":[],\"forceFit\":\"true\",\"autoEnableOutline\":\"false\",\"autoEnableThumbnail\":\"false\",\"overwritePDFOutline\":\"false\",\"direction\":\"1\",\"pageSize\":\"0\",\"source\":\"https:\\\/\\\/quickguides.info\\\/wp-content\\\/uploads\\\/2020\\\/12\\\/IST-Harita-no-sponsor-2013.pdf\",\"wpOptions\":\"true\"}; if(window.DFLIP && DFLIP.parseBooks){DFLIP.parseBooks();}<\/script>[\/vc_column_text][\/vc_column][vc_column width=&#8221;1\/3&#8243;][\/vc_column][vc_column width=&#8221;1\/3&#8243;][\/vc_column][\/vc_row]<\/p>\n<\/div>","protected":false},"excerpt":{"rendered":"<p>[vc_row][vc_column width=&#8221;3\/4&#8243;][vc_column_text css=&#8221;&#8221; text_larger=&#8221;no&#8221; woodmart_inline=&#8221;no&#8221;] \u0130stanbul&#8217;un \u0130ll\u00fcstrasyonlu Haritalar\u0131 \u015eerif Yenen&#8217;in y\u00fcr\u00fctt\u00fc\u011f\u00fc devam eden bir di\u011fer Quick Guide Projesi, \u0130stanbul&#8217;un ill\u00fcstrasyonlu<\/p>\n","protected":false},"author":1,"featured_media":0,"parent":4811,"menu_order":0,"comment_status":"closed","ping_status":"closed","template":"","meta":{"footnotes":""},"class_list":["post-4814","page","type-page","status-publish","hentry"],"_links":{"self":[{"href":"https:\/\/quickguides.info\/tr\/wp-json\/wp\/v2\/pages\/4814","targetHints":{"allow":["GET"]}}],"collection":[{"href":"https:\/\/quickguides.info\/tr\/wp-json\/wp\/v2\/pages"}],"about":[{"href":"https:\/\/quickguides.info\/tr\/wp-json\/wp\/v2\/types\/page"}],"author":[{"embeddable":true,"href":"https:\/\/quickguides.info\/tr\/wp-json\/wp\/v2\/users\/1"}],"replies":[{"embeddable":true,"href":"https:\/\/quickguides.info\/tr\/wp-json\/wp\/v2\/comments?post=4814"}],"version-history":[{"count":0,"href":"https:\/\/quickguides.info\/tr\/wp-json\/wp\/v2\/pages\/4814\/revisions"}],"up":[{"embeddable":true,"href":"https:\/\/quickguides.info\/tr\/wp-json\/wp\/v2\/pages\/4811"}],"wp:attachment":[{"href":"https:\/\/quickguides.info\/tr\/wp-json\/wp\/v2\/media?parent=4814"}],"curies":[{"name":"wp","href":"https:\/\/api.w.org\/{rel}","templated":true}]}}