{"id":4817,"date":"2020-11-06T06:03:43","date_gmt":"2020-11-06T06:03:43","guid":{"rendered":"https:\/\/quickguides.info\/?page_id=4817"},"modified":"2025-02-02T16:15:38","modified_gmt":"2025-02-02T16:15:38","slug":"turkiye","status":"publish","type":"page","link":"https:\/\/quickguides.info\/tr\/resimli-haritalar\/turkiye\/","title":{"rendered":"T\u00fcrkiye"},"content":{"rendered":"<div class=\"wpb-content-wrapper\"><p>[vc_row][vc_column]<div class=\"widget_products wd-rs-679f9988120c9 vc_custom_1738512795245\"><div class=\"widget woocommerce widget_products\"><h2 class=\"widgettitle\">Sat\u0131n almak i\u00e7in t\u0131klay\u0131n!<\/h2><ul class=\"product_list_widget\"><li>\n\t\t<span class=\"widget-product-wrap\">\n\t\t<a href=\"https:\/\/quickguides.info\/tr\/urun\/quick-guide-turkey-an-illustrated-map-for-visitors\/\" title=\"Quick Guide Turkiye, Ziyaret\u00e7iler \u0130\u00e7in \u0130ll\u00fcstrasyonlu Harita\" class=\"widget-product-img\">\n\t\t\t<img loading=\"lazy\" decoding=\"async\" width=\"146\" height=\"300\" src=\"https:\/\/quickguides.info\/wp-content\/uploads\/2020\/12\/tr-harita-146x300.jpeg\" class=\"attachment-medium size-medium\" alt=\"\" srcset=\"https:\/\/quickguides.info\/wp-content\/uploads\/2020\/12\/tr-harita-146x300.jpeg 146w, https:\/\/quickguides.info\/wp-content\/uploads\/2020\/12\/tr-harita-300x614.jpeg 300w, https:\/\/quickguides.info\/wp-content\/uploads\/2020\/12\/tr-harita-150x307.jpeg 150w, https:\/\/quickguides.info\/wp-content\/uploads\/2020\/12\/tr-harita.jpeg 477w\" sizes=\"auto, (max-width: 146px) 100vw, 146px\" title=\"\">\t\t<\/a>\n\t\t<span class=\"widget-product-info\">\n\t\t\t<a href=\"https:\/\/quickguides.info\/tr\/urun\/quick-guide-turkey-an-illustrated-map-for-visitors\/\" title=\"Quick Guide Turkiye, Ziyaret\u00e7iler \u0130\u00e7in \u0130ll\u00fcstrasyonlu Harita\" class=\"wd-entities-title\">\n\t\t\t\tQuick Guide Turkiye, Ziyaret\u00e7iler \u0130\u00e7in \u0130ll\u00fcstrasyonlu Harita\t\t\t<\/a>\n\t\t\t\t\t\t\t\t\t\t\t\t\t<span class=\"price\"><span class=\"woocommerce-Price-amount amount\"><bdi>350.00<span class=\"woocommerce-Price-currencySymbol\">&#8378;<\/span><\/bdi><\/span><\/span>\n\t\t<\/span>\n\t<\/span>\n\t<\/li>\n<\/ul><\/div><\/div>[vc_column_text css=&#8221;&#8221; text_larger=&#8221;no&#8221; woodmart_inline=&#8221;no&#8221;]<\/p>\n<h1>T\u00fcrkiye, Ziyaret\u00e7iler \u0130\u00e7in \u0130ll\u00fcstrasyonlu Harita<\/h1>\n<p>T\u00fcrkiye\u2019nin co\u011frafi b\u00f6lgeleri, milli parklar\u0131, Roma eyaletleri, UNESCO D\u00fcnya Miras\u0131 Alanlar\u0131, Vahiy\u2019in Yedi Kilisesi ve Aziz Paulus\u2019un Yolculuklar\u0131n\u0131 kapsayan lamine edilmi\u015f ve ill\u00fcstrasyonlu bir seyahat haritas\u0131d\u0131r.<\/p>\n<p>Arka y\u00fcz\u00fcnde Efes ve Hierapolis (Pamukkale) antik kentlerinin planlar\u0131, Kapadokya\u2019n\u0131n b\u00f6lgesel haritas\u0131 ve Bizans d\u00f6nemine ait ill\u00fcstrasyonlu bir Konstantinopolis haritas\u0131 yer almaktad\u0131r.<\/p>\n<h2>Quick Guide T\u00fcrkiye, Ziyaret\u00e7iler \u0130\u00e7in \u0130ll\u00fcstrasyonlu Harita<\/h2>\n<p>ISBN 978-605-4541263<br \/>\n\u0130ngilizce olarak mevcuttur<br \/>\nKatlanabilir Harita<br \/>\n2 sayfa<br \/>\nTam renkli harita, planlar, ill\u00fcstrasyonlar ve 3D rekonstr\u00fcksiyon \u00e7izimleri<br \/>\n2016 y\u0131l\u0131nda yay\u0131mland\u0131<br \/>\nFiyat: 9,99 ABD Dolar\u0131 (\u015eerif Yenen veya Amazon.com\u2019dan sipari\u015f verebilirsiniz.)<\/p>\n<p><strong>\u00d6zel Sat\u0131\u015flar<\/strong><br \/>\n\u201cQuick Guide T\u00fcrkiye, Ziyaret\u00e7iler \u0130\u00e7in \u0130ll\u00fcstrasyonlu Harita\u201d, toplu al\u0131mlarda \u00f6zel indirimle sunulmaktad\u0131r. \u00d6zel ihtiya\u00e7lar do\u011frultusunda, ki\u015fiselle\u015ftirilmi\u015f kapaklar, al\u0131nt\u0131lar ve kurumsal logolar i\u00e7eren \u00f6zel bask\u0131lar olu\u015fturulabilir.[\/vc_column_text][vc_column_text text_larger=&#8221;no&#8221;]<div class=\"_df_thumb \" id=\"df_4046\"  title=\"turkey-map\" _slug=\"turkey-map\" wpoptions=\"true\" thumb=\"https:\/\/quickguides.info\/wp-content\/uploads\/2020\/12\/tr-harita.jpeg\" thumbtype=\"bg\" >Turkey Map<\/div><script data-cfasync=\"false\">var option_df_4046 = {\"outline\":[],\"forceFit\":\"true\",\"autoEnableOutline\":\"false\",\"autoEnableThumbnail\":\"false\",\"overwritePDFOutline\":\"false\",\"direction\":\"1\",\"pageSize\":\"0\",\"source\":\"https:\\\/\\\/quickguides.info\\\/wp-content\\\/uploads\\\/2020\\\/12\\\/TR-Harita.pdf\",\"wpOptions\":\"true\"}; if(window.DFLIP && DFLIP.parseBooks){DFLIP.parseBooks();}<\/script>[\/vc_column_text][\/vc_column][\/vc_row]<\/p>\n<\/div>","protected":false},"excerpt":{"rendered":"<p>[vc_row][vc_column][vc_column_text css=&#8221;&#8221; text_larger=&#8221;no&#8221; woodmart_inline=&#8221;no&#8221;] T\u00fcrkiye, Ziyaret\u00e7iler \u0130\u00e7in \u0130ll\u00fcstrasyonlu Harita T\u00fcrkiye\u2019nin co\u011frafi b\u00f6lgeleri, milli parklar\u0131, Roma eyaletleri, UNESCO D\u00fcnya Miras\u0131 Alanlar\u0131,<\/p>\n","protected":false},"author":1,"featured_media":0,"parent":4811,"menu_order":0,"comment_status":"closed","ping_status":"closed","template":"","meta":{"footnotes":""},"class_list":["post-4817","page","type-page","status-publish","hentry"],"_links":{"self":[{"href":"https:\/\/quickguides.info\/tr\/wp-json\/wp\/v2\/pages\/4817","targetHints":{"allow":["GET"]}}],"collection":[{"href":"https:\/\/quickguides.info\/tr\/wp-json\/wp\/v2\/pages"}],"about":[{"href":"https:\/\/quickguides.info\/tr\/wp-json\/wp\/v2\/types\/page"}],"author":[{"embeddable":true,"href":"https:\/\/quickguides.info\/tr\/wp-json\/wp\/v2\/users\/1"}],"replies":[{"embeddable":true,"href":"https:\/\/quickguides.info\/tr\/wp-json\/wp\/v2\/comments?post=4817"}],"version-history":[{"count":0,"href":"https:\/\/quickguides.info\/tr\/wp-json\/wp\/v2\/pages\/4817\/revisions"}],"up":[{"embeddable":true,"href":"https:\/\/quickguides.info\/tr\/wp-json\/wp\/v2\/pages\/4811"}],"wp:attachment":[{"href":"https:\/\/quickguides.info\/tr\/wp-json\/wp\/v2\/media?parent=4817"}],"curies":[{"name":"wp","href":"https:\/\/api.w.org\/{rel}","templated":true}]}}