{"id":4837,"date":"2020-11-04T17:41:50","date_gmt":"2020-11-04T17:41:50","guid":{"rendered":"https:\/\/quickguides.info\/?page_id=4837"},"modified":"2025-02-02T21:00:20","modified_gmt":"2025-02-02T21:00:20","slug":"quick-guide-istanbul","status":"publish","type":"page","link":"https:\/\/quickguides.info\/tr\/quick-guide-istanbul\/","title":{"rendered":"Quick Guide Istanbul"},"content":{"rendered":"<div class=\"wpb-content-wrapper\"><p>[vc_row][vc_column width=&#8221;3\/4&#8243;]<div class=\"widget_products wd-rs-679fdcc907890 vc_custom_1738530016411\"><div class=\"widget woocommerce widget_products\"><h2 class=\"widgettitle\">Sat\u0131n almak i\u00e7in t\u0131klay\u0131n!<\/h2><ul class=\"product_list_widget\"><li>\n\t\t<span class=\"widget-product-wrap\">\n\t\t<a href=\"https:\/\/quickguides.info\/tr\/urun\/quick-guide-istanbul\/\" title=\"Quick Guide Istanbul\" class=\"widget-product-img\">\n\t\t\t<img loading=\"lazy\" decoding=\"async\" width=\"206\" height=\"300\" src=\"https:\/\/quickguides.info\/wp-content\/uploads\/2020\/11\/qg-istanbul-2013-01-206x300.jpg\" class=\"attachment-medium size-medium\" alt=\"\" srcset=\"https:\/\/quickguides.info\/wp-content\/uploads\/2020\/11\/qg-istanbul-2013-01-206x300.jpg 206w, https:\/\/quickguides.info\/wp-content\/uploads\/2020\/11\/qg-istanbul-2013-01-300x437.jpg 300w, https:\/\/quickguides.info\/wp-content\/uploads\/2020\/11\/qg-istanbul-2013-01-150x218.jpg 150w, https:\/\/quickguides.info\/wp-content\/uploads\/2020\/11\/qg-istanbul-2013-01-600x874.jpg 600w, https:\/\/quickguides.info\/wp-content\/uploads\/2020\/11\/qg-istanbul-2013-01-703x1024.jpg 703w, https:\/\/quickguides.info\/wp-content\/uploads\/2020\/11\/qg-istanbul-2013-01-768x1118.jpg 768w, https:\/\/quickguides.info\/wp-content\/uploads\/2020\/11\/qg-istanbul-2013-01-1055x1536.jpg 1055w, https:\/\/quickguides.info\/wp-content\/uploads\/2020\/11\/qg-istanbul-2013-01-1406x2048.jpg 1406w, https:\/\/quickguides.info\/wp-content\/uploads\/2020\/11\/qg-istanbul-2013-01.jpg 1442w\" sizes=\"auto, (max-width: 206px) 100vw, 206px\" title=\"\">\t\t<\/a>\n\t\t<span class=\"widget-product-info\">\n\t\t\t<a href=\"https:\/\/quickguides.info\/tr\/urun\/quick-guide-istanbul\/\" title=\"Quick Guide Istanbul\" class=\"wd-entities-title\">\n\t\t\t\tQuick Guide Istanbul\t\t\t<\/a>\n\t\t\t\t\t\t\t\t\t\t\t\t\t<span class=\"price\"><span class=\"woocommerce-Price-amount amount\"><bdi>530.00<span class=\"woocommerce-Price-currencySymbol\">&#8378;<\/span><\/bdi><\/span><\/span>\n\t\t<\/span>\n\t<\/span>\n\t<\/li>\n<\/ul><\/div><\/div>[vc_column_text text_larger=&#8221;no&#8221;]<\/p>\n<h1>Quick Guide Istanbul<\/h1>\n<p>Serif Yenen&#8217;s second guidebook is Quick Guide Istanbul. This is a pocket size guide with maps, illustrations, photos and a lot of practical information. Special editions were made and published for Istanbul 2010 Cultural Capital, Turkish Airlines, meetings, conventions and many travel agencies.<\/p>\n<p>Quick Guide Istanbul<br \/>\nISBN 978-975-94638-8-5<\/p>\n<p>Price: US $14.95<br \/>\nYou can order the 2013 edition of Quick Guide Istanbul from Serif Yenen or <a href=\"https:\/\/www.amazon.com\/Serif-Yenen\/e\/B001JWS564\/ref=ntt_athr_dp_pel_1\" target=\"_blank\" rel=\"noopener noreferrer\">Amazon.com<\/a>[\/vc_column_text][\/vc_column][vc_column width=&#8221;1\/4&#8243;][vc_images_carousel images=&#8221;4554&#8243; img_size=&#8221;medium&#8221; hide_pagination_control=&#8221;yes&#8221; hide_prev_next_buttons=&#8221;yes&#8221; wrap=&#8221;yes&#8221;][\/vc_column][\/vc_row][vc_row mobile_bg_img_hidden=&#8221;no&#8221; tablet_bg_img_hidden=&#8221;no&#8221; woodmart_parallax=&#8221;0&#8243; woodmart_gradient_switch=&#8221;no&#8221; row_reverse_mobile=&#8221;0&#8243; row_reverse_tablet=&#8221;0&#8243; woodmart_disable_overflow=&#8221;0&#8243; css=&#8221;.vc_custom_1605194720923{margin-top: 0px !important;padding-top: 0px !important;}&#8221;][vc_column mobile_bg_img_hidden=&#8221;no&#8221; tablet_bg_img_hidden=&#8221;no&#8221; woodmart_parallax=&#8221;0&#8243; woodmart_sticky_column=&#8221;false&#8221; parallax_scroll=&#8221;no&#8221; mobile_reset_margin=&#8221;no&#8221; tablet_reset_margin=&#8221;no&#8221;][vc_column_text text_larger=&#8221;no&#8221;]<\/p>\n<h2>Quick Guide Istanbul by Serif Yenen<\/h2>\n<p>Softcover with 488 pages<br \/>\nMore than 275 full-color photographs, maps, plans, 3D reconstruction drawings<br \/>\nDimensions (in inches) 6.30 x 4.33 x 0.59<br \/>\n(in centimeters) 16.00 x 11.00 x 1.50<br \/>\nWeight 325 grams \/ 0.71 pounds<\/p>\n<p><strong>Special Sales<\/strong><br \/>\n\u201cQuick Guide Istanbul\u201d is available at special discount for bulk purchases. Special editions, including personalized covers, excerpts, and corporate imprints, can be created for special needs.[\/vc_column_text][\/vc_column][\/vc_row][vc_row mobile_bg_img_hidden=&#8221;no&#8221; tablet_bg_img_hidden=&#8221;no&#8221; woodmart_parallax=&#8221;0&#8243; woodmart_gradient_switch=&#8221;no&#8221; row_reverse_mobile=&#8221;0&#8243; row_reverse_tablet=&#8221;0&#8243; woodmart_disable_overflow=&#8221;0&#8243;][vc_column][vc_column_text text_larger=&#8221;no&#8221;]<div class=\"_df_thumb \" id=\"df_3865\"  title=\"quick-guide-istanbul-2013-edition\" _slug=\"qg-istanbul\" wpoptions=\"true\" thumb=\"https:\/\/quickguides.info\/wp-content\/uploads\/2020\/11\/qg-istanbul-2013-01.jpg\" thumbtype=\"bg\" >Quick Guide Istanbul 2013 Edition<\/div><script data-cfasync=\"false\">var option_df_3865 = {\"outline\":[],\"forceFit\":\"true\",\"autoEnableOutline\":\"false\",\"autoEnableThumbnail\":\"false\",\"overwritePDFOutline\":\"false\",\"direction\":\"1\",\"pageSize\":\"0\",\"source\":\"https:\\\/\\\/quickguides.info\\\/wp-content\\\/uploads\\\/2020\\\/11\\\/I\\u0307stanbul_2013.pdf\",\"wpOptions\":\"true\"}; if(window.DFLIP && DFLIP.parseBooks){DFLIP.parseBooks();}<\/script><br \/>\n[\/vc_column_text][\/vc_column][\/vc_row][vc_row mobile_bg_img_hidden=&#8221;no&#8221; tablet_bg_img_hidden=&#8221;no&#8221; woodmart_parallax=&#8221;0&#8243; woodmart_gradient_switch=&#8221;no&#8221; row_reverse_mobile=&#8221;0&#8243; row_reverse_tablet=&#8221;0&#8243; woodmart_disable_overflow=&#8221;0&#8243;][vc_column][vc_column_text css=&#8221;.vc_custom_1605203808916{margin-bottom: 0px !important;padding-bottom: 0px !important;}&#8221; text_larger=&#8221;no&#8221;]<\/p>\n<h3>Sponsored Editions<\/h3>\n<p>[\/vc_column_text][vc_column_text text_larger=&#8221;no&#8221;][\/vc_column_text][\/vc_column][\/vc_row][vc_row woodmart_css_id=&#8221;678775207dc05&#8243; responsive_spacing=&#8221;eyJwYXJhbV90eXBlIjoid29vZG1hcnRfcmVzcG9uc2l2ZV9zcGFjaW5nIiwic2VsZWN0b3JfaWQiOiI2Nzg3NzUyMDdkYzA1Iiwic2hvcnRjb2RlIjoidmNfcm93IiwiZGF0YSI6eyJ0YWJsZXQiOnt9LCJtb2JpbGUiOnt9fX0=&#8221; mobile_bg_img_hidden=&#8221;no&#8221; tablet_bg_img_hidden=&#8221;no&#8221; woodmart_parallax=&#8221;0&#8243; woodmart_gradient_switch=&#8221;no&#8221; woodmart_box_shadow=&#8221;no&#8221; wd_z_index=&#8221;no&#8221; woodmart_disable_overflow=&#8221;0&#8243; row_reverse_mobile=&#8221;0&#8243; row_reverse_tablet=&#8221;0&#8243;][vc_column width=&#8221;1\/3&#8243;][vc_images_carousel images=&#8221;4543,4544&#8243; img_size=&#8221;medium&#8221; hide_pagination_control=&#8221;yes&#8221; wrap=&#8221;yes&#8221; css=&#8221;&#8221;][\/vc_column][vc_column width=&#8221;1\/3&#8243;][vc_images_carousel images=&#8221;4547,4548&#8243; img_size=&#8221;medium&#8221; hide_pagination_control=&#8221;yes&#8221; wrap=&#8221;yes&#8221; css=&#8221;&#8221;][\/vc_column][vc_column width=&#8221;1\/3&#8243;][vc_images_carousel images=&#8221;4545,4546&#8243; img_size=&#8221;medium&#8221; hide_pagination_control=&#8221;yes&#8221; wrap=&#8221;yes&#8221; css=&#8221;&#8221;][\/vc_column][\/vc_row][vc_row][vc_column width=&#8221;1\/3&#8243;][vc_images_carousel images=&#8221;4549,4550&#8243; img_size=&#8221;medium&#8221; hide_pagination_control=&#8221;yes&#8221; wrap=&#8221;yes&#8221; css=&#8221;&#8221;][\/vc_column][vc_column width=&#8221;1\/3&#8243;][vc_images_carousel images=&#8221;4556,4541&#8243; img_size=&#8221;medium&#8221; hide_pagination_control=&#8221;yes&#8221; wrap=&#8221;yes&#8221; css=&#8221;&#8221;][\/vc_column][vc_column width=&#8221;1\/3&#8243;][vc_images_carousel images=&#8221;4629,4630&#8243; img_size=&#8221;medium&#8221; hide_pagination_control=&#8221;yes&#8221; wrap=&#8221;yes&#8221; css=&#8221;&#8221;][\/vc_column][\/vc_row][vc_row][vc_column width=&#8221;1\/3&#8243;][vc_images_carousel images=&#8221;4666,4667&#8243; img_size=&#8221;medium&#8221; hide_pagination_control=&#8221;yes&#8221; wrap=&#8221;yes&#8221; css=&#8221;&#8221;][\/vc_column][vc_column width=&#8221;1\/3&#8243;][vc_images_carousel images=&#8221;4668&#8243; img_size=&#8221;medium&#8221; hide_pagination_control=&#8221;yes&#8221; wrap=&#8221;yes&#8221; css=&#8221;&#8221;][\/vc_column][vc_column width=&#8221;1\/3&#8243;][vc_images_carousel images=&#8221;4669,4670&#8243; img_size=&#8221;medium&#8221; hide_pagination_control=&#8221;yes&#8221; wrap=&#8221;yes&#8221; css=&#8221;&#8221;][\/vc_column][\/vc_row][vc_row][vc_column width=&#8221;1\/3&#8243;][vc_images_carousel images=&#8221;4671,4665&#8243; img_size=&#8221;medium&#8221; hide_pagination_control=&#8221;yes&#8221; wrap=&#8221;yes&#8221; css=&#8221;&#8221;][\/vc_column][vc_column width=&#8221;1\/3&#8243;][\/vc_column][vc_column width=&#8221;1\/3&#8243;][\/vc_column][\/vc_row]<\/p>\n<\/div>","protected":false},"excerpt":{"rendered":"<p>[vc_row][vc_column width=&#8221;3\/4&#8243;][vc_column_text text_larger=&#8221;no&#8221;] Quick Guide Istanbul Serif Yenen&#8217;s second guidebook is Quick Guide Istanbul. This is a pocket size guide<\/p>\n","protected":false},"author":1,"featured_media":0,"parent":0,"menu_order":0,"comment_status":"closed","ping_status":"closed","template":"","meta":{"footnotes":""},"class_list":["post-4837","page","type-page","status-publish","hentry"],"_links":{"self":[{"href":"https:\/\/quickguides.info\/tr\/wp-json\/wp\/v2\/pages\/4837","targetHints":{"allow":["GET"]}}],"collection":[{"href":"https:\/\/quickguides.info\/tr\/wp-json\/wp\/v2\/pages"}],"about":[{"href":"https:\/\/quickguides.info\/tr\/wp-json\/wp\/v2\/types\/page"}],"author":[{"embeddable":true,"href":"https:\/\/quickguides.info\/tr\/wp-json\/wp\/v2\/users\/1"}],"replies":[{"embeddable":true,"href":"https:\/\/quickguides.info\/tr\/wp-json\/wp\/v2\/comments?post=4837"}],"version-history":[{"count":0,"href":"https:\/\/quickguides.info\/tr\/wp-json\/wp\/v2\/pages\/4837\/revisions"}],"wp:attachment":[{"href":"https:\/\/quickguides.info\/tr\/wp-json\/wp\/v2\/media?parent=4837"}],"curies":[{"name":"wp","href":"https:\/\/api.w.org\/{rel}","templated":true}]}}