{"id":4875,"date":"2020-10-27T08:39:02","date_gmt":"2020-10-27T08:39:02","guid":{"rendered":"https:\/\/quickguides.info\/?page_id=4875"},"modified":"2025-02-02T20:46:41","modified_gmt":"2025-02-02T20:46:41","slug":"yerebatan-sarnici","status":"publish","type":"page","link":"https:\/\/quickguides.info\/tr\/turkiye\/istanbul\/yerebatan-sarnici\/","title":{"rendered":"Yerebatan Sarn\u0131c\u0131"},"content":{"rendered":"<div class=\"wpb-content-wrapper\"><p>[vc_row][vc_column]<div class=\"widget_products wd-rs-679fd9a321571 vc_custom_1738529197953\"><div class=\"widget woocommerce widget_products\"><h2 class=\"widgettitle\">Sat\u0131n almak i\u00e7in t\u0131klay\u0131n!<\/h2><ul class=\"product_list_widget\"><li>\n\t\t<span class=\"widget-product-wrap\">\n\t\t<a href=\"https:\/\/quickguides.info\/tr\/urun\/yerebatan-sarayi\/\" title=\"Yerebatan Saray\u0131\" class=\"widget-product-img\">\n\t\t\t<img loading=\"lazy\" decoding=\"async\" width=\"219\" height=\"300\" src=\"https:\/\/quickguides.info\/wp-content\/uploads\/2020\/12\/Yerebatan-webbook-TR-219x300.jpeg\" class=\"attachment-medium size-medium\" alt=\"\" srcset=\"https:\/\/quickguides.info\/wp-content\/uploads\/2020\/12\/Yerebatan-webbook-TR-219x300.jpeg 219w, https:\/\/quickguides.info\/wp-content\/uploads\/2020\/12\/Yerebatan-webbook-TR-300x412.jpeg 300w, https:\/\/quickguides.info\/wp-content\/uploads\/2020\/12\/Yerebatan-webbook-TR-150x206.jpeg 150w, https:\/\/quickguides.info\/wp-content\/uploads\/2020\/12\/Yerebatan-webbook-TR-600x824.jpeg 600w, https:\/\/quickguides.info\/wp-content\/uploads\/2020\/12\/Yerebatan-webbook-TR-746x1024.jpeg 746w, https:\/\/quickguides.info\/wp-content\/uploads\/2020\/12\/Yerebatan-webbook-TR-768x1054.jpeg 768w, https:\/\/quickguides.info\/wp-content\/uploads\/2020\/12\/Yerebatan-webbook-TR.jpeg 861w\" sizes=\"auto, (max-width: 219px) 100vw, 219px\" title=\"\">\t\t<\/a>\n\t\t<span class=\"widget-product-info\">\n\t\t\t<a href=\"https:\/\/quickguides.info\/tr\/urun\/yerebatan-sarayi\/\" title=\"Yerebatan Saray\u0131\" class=\"wd-entities-title\">\n\t\t\t\tYerebatan Saray\u0131\t\t\t<\/a>\n\t\t\t\t\t\t\t\t\t\t\t\t\t<span class=\"price\"><span class=\"woocommerce-Price-amount amount\"><bdi>200.00<span class=\"woocommerce-Price-currencySymbol\">&#8378;<\/span><\/bdi><\/span><\/span>\n\t\t<\/span>\n\t<\/span>\n\t<\/li>\n<\/ul><\/div><\/div>[vc_column_text text_larger=&#8221;no&#8221;]<\/p>\n<h1>Basilica Cistern \u2013 Yerebatan (Sunken) Palace<\/h1>\n<p>A user friendly and informative Pamphlet with illustrations and plans. Its content is very easy to understand. In addition to general information about the Basilica Cistern \u2013 Yerebatan (Sunken) Palace in Istanbul, Turkey. A general plan of the surrounding areas will help the reader to get oriented to the Sultanahmet neighborhood. This Pamphlet type guide is also perfect for cruise ship passengers on their shore excursions.<\/p>\n<h2>Basilica Cistern<\/h2>\n<p>ISBN 9786058762459<br \/>\nAvailable in English and Turkish<\/p>\n<p><strong>Price:<\/strong> $3.00 USD (You can order it from Serif Yenen or <a href=\"https:\/\/www.amazon.com\/Serif-Yenen\/e\/B001JWS564\/ref=ntt_athr_dp_pel_1\" target=\"_blank\" rel=\"noopener noreferrer\">Amazon.com<\/a>)<\/p>\n<p>Fold-out Pamphlet with 8 pages<br \/>\nFull-color photographs, maps, plans, illustrations and 3D reconstruction drawings<br \/>\nPublished by Serif Yenen in 2009 \u2013 2011<br \/>\nDimensions (in inches) 8.66 x 6.30 (in centimeters) 22.00 x 16.00<\/p>\n<p><strong>Special Sales<\/strong><br \/>\n\u201cQuick Guides\u201d are available at special discount for bulk purchases. Special editions, including personalized covers, excerpts, and corporate imprints, can be created for special needs.[\/vc_column_text][vc_row_inner][vc_column_inner width=&#8221;1\/3&#8243;][vc_column_text text_larger=&#8221;no&#8221;]<div class=\"_df_thumb \" id=\"df_4025\"  title=\"basilica-cistern\" _slug=\"basilica-cistern\" wpoptions=\"true\" thumb=\"https:\/\/quickguides.info\/wp-content\/uploads\/2020\/12\/Yerebatan-webbook-ENG.jpeg\" thumbtype=\"bg\" >Basilica Cistern<\/div><script data-cfasync=\"false\">var option_df_4025 = {\"outline\":[],\"forceFit\":\"true\",\"autoEnableOutline\":\"false\",\"autoEnableThumbnail\":\"false\",\"overwritePDFOutline\":\"false\",\"direction\":\"1\",\"pageSize\":\"0\",\"source\":\"https:\\\/\\\/quickguides.info\\\/wp-content\\\/uploads\\\/2020\\\/12\\\/Yerebatan-webbook-ENG.pdf\",\"wpOptions\":\"true\"}; if(window.DFLIP && DFLIP.parseBooks){DFLIP.parseBooks();}<\/script><br \/>\n<div class=\"_df_button \" id=\"df_4025\"  title=\"basilica-cistern\" _slug=\"basilica-cistern\" wpoptions=\"true\" thumb=\"https:\/\/quickguides.info\/wp-content\/uploads\/2020\/12\/Yerebatan-webbook-ENG.jpeg\" thumbtype=\"bg\" >Basilica Cistern<\/div><script data-cfasync=\"false\">var option_df_4025 = {\"outline\":[],\"forceFit\":\"true\",\"autoEnableOutline\":\"false\",\"autoEnableThumbnail\":\"false\",\"overwritePDFOutline\":\"false\",\"direction\":\"1\",\"pageSize\":\"0\",\"source\":\"https:\\\/\\\/quickguides.info\\\/wp-content\\\/uploads\\\/2020\\\/12\\\/Yerebatan-webbook-ENG.pdf\",\"wpOptions\":\"true\"}; if(window.DFLIP && DFLIP.parseBooks){DFLIP.parseBooks();}<\/script>            <div class=\"std-popup-outerwrap std-popup-basilica_cistern\">\n            <input type=\"button\" class=\"std-popup-trigger std-popup-template-10\" value=\"Download\">\n            <div class=\"std-popup-innerwrap\" style=\"display:none;\">\n                <div class=\"std-overlay std-popup-wrapper\">\n\n                    <div class=\"std-popup-contetn-wrap\">\n                        <a href=\"javascript:void(0)\" class=\"std-popup-close\"><i class=\"fas fa-times\"><\/i><\/a>\n                            <div class=\"std-form-wrap std-template-10 std-basilica_cistern\">\n    <form method=\"post\" action=\"\" class=\"std-subscription-form\" data-form-alias=\"basilica_cistern\">\n\n        \n<div class=\"std-form-content-wrap\">\n    <div class=\"std-icon-holder\">\n                <img decoding=\"async\" src=\"https:\/\/quickguides.info\/wp-content\/uploads\/2020\/10\/qg-icon.png\" title=\"\">\n    <\/div>\n\n            <h2 class=\"std-heading-text\">Subscribe to Download<\/h2>\n                    <p class=\"std-heading-text std-heading-paragraph\">Subscribe to our mailing list to receive our Pamplet for free.<\/p>\n            <div class=\"both-fields-wrap\">\n                    <div class=\"std-field-wrap name-field\">\n                <label for=\"std_name\" class=\"sr-only std-hidden-item\">Your Name<\/label>\n                <input type=\"text\" name=\"std_name\" class=\"std-name\" placeholder=\"Your Name\"\/>\n            <\/div>\n                    <!--Email Field-->\n        <div class=\"std-field-wrap\">\n            <label for=\"std_email\" class=\"sr-only std-hidden-item\">Your Email<\/label>\n            <input type=\"email\" name=\"std_email\" class=\"std-email\" placeholder=\"Your Email\"\/>\n        <\/div>\n        <!-- Email Field-->\n\n\n\n    <\/div>\n            <div class=\"std-field-wrap std-terms-agreement-wrap std-check-box-text\">\n            <label>\n                <input type=\"checkbox\" name=\"std_terms_agreement\" class=\"std-terms-agreement\"\/>\n                <span class=\"std-term-text\">I agree with the terms and agreement.<\/span>\n            <\/label>\n        <\/div>\n            \n    <!-- Subscribe Button-->\n    <div class=\"std-field-wrap std-submit-btn-wrap\">\n        <button type=\"submit\" name=\"std_form_submit\" class=\"std-form-submit\" value=\"Download\"><i class=\"fas fa-paper-plane\"><\/i><\/button>\n\n    <\/div>\n\n\n\n\n    \n    <span class=\"std-form-loader-wraper\">\n        <div class=\"std-form-loader std-form-loader-1\">Loading...<\/div>\n    <\/span>\n    <div class=\"std-form-message\"><\/div>\n\n<\/div>\n    <\/form>\n<\/div>                    <\/div>\n                <\/div>\n            <\/div>\n        <\/div>\n        [\/vc_column_text][\/vc_column_inner][vc_column_inner width=&#8221;1\/3&#8243;][vc_column_text text_larger=&#8221;no&#8221;]<div class=\"_df_thumb \" id=\"df_4026\"  title=\"yerebatan-sarnici\" _slug=\"yerebatan-sarnici\" wpoptions=\"true\" thumb=\"https:\/\/quickguides.info\/wp-content\/uploads\/2020\/12\/Yerebatan-webbook-TR.jpeg\" thumbtype=\"bg\" >Yerebatan Sarn\u0131c\u0131<\/div><script data-cfasync=\"false\">var option_df_4026 = {\"outline\":[],\"forceFit\":\"true\",\"autoEnableOutline\":\"false\",\"autoEnableThumbnail\":\"false\",\"overwritePDFOutline\":\"false\",\"direction\":\"1\",\"pageSize\":\"0\",\"source\":\"https:\\\/\\\/quickguides.info\\\/wp-content\\\/uploads\\\/2020\\\/12\\\/Yerebatan-webbook-TR.pdf\",\"wpOptions\":\"true\"}; if(window.DFLIP && DFLIP.parseBooks){DFLIP.parseBooks();}<\/script><br \/>\n<div class=\"_df_button \" id=\"df_4026\"  title=\"yerebatan-sarnici\" _slug=\"yerebatan-sarnici\" wpoptions=\"true\" thumb=\"https:\/\/quickguides.info\/wp-content\/uploads\/2020\/12\/Yerebatan-webbook-TR.jpeg\" thumbtype=\"bg\" >Yerebatan Sarn\u0131c\u0131<\/div><script data-cfasync=\"false\">var option_df_4026 = {\"outline\":[],\"forceFit\":\"true\",\"autoEnableOutline\":\"false\",\"autoEnableThumbnail\":\"false\",\"overwritePDFOutline\":\"false\",\"direction\":\"1\",\"pageSize\":\"0\",\"source\":\"https:\\\/\\\/quickguides.info\\\/wp-content\\\/uploads\\\/2020\\\/12\\\/Yerebatan-webbook-TR.pdf\",\"wpOptions\":\"true\"}; if(window.DFLIP && DFLIP.parseBooks){DFLIP.parseBooks();}<\/script>             <div class=\"std-popup-outerwrap std-popup-yerebatan_sarayi\">\n            <input type=\"button\" class=\"std-popup-trigger std-popup-template-10\" value=\"Download\">\n            <div class=\"std-popup-innerwrap\" style=\"display:none;\">\n                <div class=\"std-overlay std-popup-wrapper\">\n\n                    <div class=\"std-popup-contetn-wrap\">\n                        <a href=\"javascript:void(0)\" class=\"std-popup-close\"><i class=\"fas fa-times\"><\/i><\/a>\n                            <div class=\"std-form-wrap std-template-10 std-yerebatan_sarayi\">\n    <form method=\"post\" action=\"\" class=\"std-subscription-form\" data-form-alias=\"yerebatan_sarayi\">\n\n        \n<div class=\"std-form-content-wrap\">\n    <div class=\"std-icon-holder\">\n                <img decoding=\"async\" src=\"https:\/\/quickguides.info\/wp-content\/uploads\/2020\/10\/qg-icon.png\" title=\"\">\n    <\/div>\n\n            <h2 class=\"std-heading-text\">Subscribe to Download<\/h2>\n                    <p class=\"std-heading-text std-heading-paragraph\">Subscribe to our mailing list to receive our Pamplet for free.<\/p>\n            <div class=\"both-fields-wrap\">\n                    <div class=\"std-field-wrap name-field\">\n                <label for=\"std_name\" class=\"sr-only std-hidden-item\">Your Name<\/label>\n                <input type=\"text\" name=\"std_name\" class=\"std-name\" placeholder=\"Your Name\"\/>\n            <\/div>\n                    <!--Email Field-->\n        <div class=\"std-field-wrap\">\n            <label for=\"std_email\" class=\"sr-only std-hidden-item\">Your Email<\/label>\n            <input type=\"email\" name=\"std_email\" class=\"std-email\" placeholder=\"Your Email\"\/>\n        <\/div>\n        <!-- Email Field-->\n\n\n\n    <\/div>\n            <div class=\"std-field-wrap std-terms-agreement-wrap std-check-box-text\">\n            <label>\n                <input type=\"checkbox\" name=\"std_terms_agreement\" class=\"std-terms-agreement\"\/>\n                <span class=\"std-term-text\">I agree with the terms and agreement.<\/span>\n            <\/label>\n        <\/div>\n            \n    <!-- Subscribe Button-->\n    <div class=\"std-field-wrap std-submit-btn-wrap\">\n        <button type=\"submit\" name=\"std_form_submit\" class=\"std-form-submit\" value=\"Download\"><i class=\"fas fa-paper-plane\"><\/i><\/button>\n\n    <\/div>\n\n\n\n\n    \n    <span class=\"std-form-loader-wraper\">\n        <div class=\"std-form-loader std-form-loader-1\">Loading...<\/div>\n    <\/span>\n    <div class=\"std-form-message\"><\/div>\n\n<\/div>\n    <\/form>\n<\/div>                    <\/div>\n                <\/div>\n            <\/div>\n        <\/div>\n        [\/vc_column_text][\/vc_column_inner][vc_column_inner width=&#8221;1\/3&#8243;][\/vc_column_inner][\/vc_row_inner][vc_empty_space woodmart_hide_large=&#8221;0&#8243; woodmart_hide_medium=&#8221;0&#8243; woodmart_hide_small=&#8221;0&#8243; woodmart_hide_extra_small=&#8221;0&#8243;][\/vc_column][\/vc_row]<\/p>\n<\/div>","protected":false},"excerpt":{"rendered":"<p>[vc_row][vc_column][vc_column_text text_larger=&#8221;no&#8221;] Basilica Cistern \u2013 Yerebatan (Sunken) Palace A user friendly and informative Pamphlet with illustrations and plans. Its content<\/p>\n","protected":false},"author":1,"featured_media":0,"parent":4865,"menu_order":0,"comment_status":"closed","ping_status":"closed","template":"","meta":{"footnotes":""},"class_list":["post-4875","page","type-page","status-publish","hentry"],"_links":{"self":[{"href":"https:\/\/quickguides.info\/tr\/wp-json\/wp\/v2\/pages\/4875","targetHints":{"allow":["GET"]}}],"collection":[{"href":"https:\/\/quickguides.info\/tr\/wp-json\/wp\/v2\/pages"}],"about":[{"href":"https:\/\/quickguides.info\/tr\/wp-json\/wp\/v2\/types\/page"}],"author":[{"embeddable":true,"href":"https:\/\/quickguides.info\/tr\/wp-json\/wp\/v2\/users\/1"}],"replies":[{"embeddable":true,"href":"https:\/\/quickguides.info\/tr\/wp-json\/wp\/v2\/comments?post=4875"}],"version-history":[{"count":0,"href":"https:\/\/quickguides.info\/tr\/wp-json\/wp\/v2\/pages\/4875\/revisions"}],"up":[{"embeddable":true,"href":"https:\/\/quickguides.info\/tr\/wp-json\/wp\/v2\/pages\/4865"}],"wp:attachment":[{"href":"https:\/\/quickguides.info\/tr\/wp-json\/wp\/v2\/media?parent=4875"}],"curies":[{"name":"wp","href":"https:\/\/api.w.org\/{rel}","templated":true}]}}