{"id":4884,"date":"2020-10-27T08:38:39","date_gmt":"2020-10-27T08:38:39","guid":{"rendered":"https:\/\/quickguides.info\/?page_id=4884"},"modified":"2025-02-02T15:49:20","modified_gmt":"2025-02-02T15:49:20","slug":"bizans-istanbulu","status":"publish","type":"page","link":"https:\/\/quickguides.info\/tr\/turkiye\/istanbul\/bizans-istanbulu\/","title":{"rendered":"Bizans \u0130stanbul&#8217;u"},"content":{"rendered":"<div class=\"wpb-content-wrapper\"><p>[vc_row][vc_column]<div class=\"widget_products wd-rs-679f92ca58187 vc_custom_1738511111301\"><div class=\"widget woocommerce widget_products\"><h2 class=\"widgettitle\">Sat\u0131n almak i\u00e7in t\u0131klay\u0131n!<\/h2><ul class=\"product_list_widget\"><li>\n\t\t<span class=\"widget-product-wrap\">\n\t\t<a href=\"https:\/\/quickguides.info\/tr\/urun\/bizans-donemi-istanbul\/\" title=\"Bizans D\u00f6nemi \u0130stanbul\" class=\"widget-product-img\">\n\t\t\t<img loading=\"lazy\" decoding=\"async\" width=\"219\" height=\"300\" src=\"https:\/\/quickguides.info\/wp-content\/uploads\/2020\/12\/Bizans-webbook-tr-219x300.jpeg\" class=\"attachment-medium size-medium\" alt=\"\" srcset=\"https:\/\/quickguides.info\/wp-content\/uploads\/2020\/12\/Bizans-webbook-tr-219x300.jpeg 219w, https:\/\/quickguides.info\/wp-content\/uploads\/2020\/12\/Bizans-webbook-tr-300x412.jpeg 300w, https:\/\/quickguides.info\/wp-content\/uploads\/2020\/12\/Bizans-webbook-tr-150x206.jpeg 150w, https:\/\/quickguides.info\/wp-content\/uploads\/2020\/12\/Bizans-webbook-tr-600x824.jpeg 600w, https:\/\/quickguides.info\/wp-content\/uploads\/2020\/12\/Bizans-webbook-tr-746x1024.jpeg 746w, https:\/\/quickguides.info\/wp-content\/uploads\/2020\/12\/Bizans-webbook-tr-768x1054.jpeg 768w, https:\/\/quickguides.info\/wp-content\/uploads\/2020\/12\/Bizans-webbook-tr.jpeg 861w\" sizes=\"auto, (max-width: 219px) 100vw, 219px\" title=\"\">\t\t<\/a>\n\t\t<span class=\"widget-product-info\">\n\t\t\t<a href=\"https:\/\/quickguides.info\/tr\/urun\/bizans-donemi-istanbul\/\" title=\"Bizans D\u00f6nemi \u0130stanbul\" class=\"wd-entities-title\">\n\t\t\t\tBizans D\u00f6nemi \u0130stanbul\t\t\t<\/a>\n\t\t\t\t\t\t\t\t\t\t\t\t\t<span class=\"price\"><span class=\"woocommerce-Price-amount amount\"><bdi>200.00<span class=\"woocommerce-Price-currencySymbol\">&#8378;<\/span><\/bdi><\/span><\/span>\n\t\t<\/span>\n\t<\/span>\n\t<\/li>\n<\/ul><\/div><\/div>[vc_column_text css=&#8221;&#8221; text_larger=&#8221;no&#8221; woodmart_inline=&#8221;no&#8221;]<\/p>\n<h1>Bizans \u0130stanbul\u2019u (Konstantinopolis)<\/h1>\n<p>Kullan\u0131c\u0131 dostu ve bilgilendirici, ill\u00fcstrasyonlar ve planlar i\u00e7eren bir bro\u015f\u00fcrd\u00fcr. \u0130\u00e7eri\u011fi olduk\u00e7a anla\u015f\u0131l\u0131rd\u0131r. Bizans \u0130mparatorlu\u011fu hakk\u0131nda genel bilgilerin yan\u0131 s\u0131ra, Bizans d\u00f6neminde \u0130stanbul&#8217;daki t\u00fcm \u00f6nemli yap\u0131lar\u0131n (saraylar, surlar, sarn\u0131\u00e7lar, forumlar, kiliseler, su kemerleri vb.) ill\u00fcstrasyonlar\u0131n\u0131 ve konumlar\u0131n\u0131 g\u00f6stermektedir.<\/p>\n<h2>Quick Guide Bizans \u0130stanbul<\/h2>\n<p>\u0130ngilizce ve T\u00fcrk\u00e7e olarak mevcuttur<br \/>\nISBN: 978-605-88321-5-2<\/p>\n<p>Fiyat: 3,00 ABD Dolar\u0131 (\u015eerif Yenen veya Amazon.com\u2019dan sipari\u015f verebilirsiniz.)<\/p>\n<p>8 sayfal\u0131k katlanabilir bro\u015f\u00fcr<br \/>\nTam renkli foto\u011fraflar, haritalar, planlar, ill\u00fcstrasyonlar ve 3D rekonstr\u00fcksiyon \u00e7izimleri<br \/>\n\u015eerif Yenen taraf\u0131ndan 2009 \u2013 2011 y\u0131llar\u0131 aras\u0131nda yay\u0131mland\u0131<br \/>\nBoyutlar (in\u00e7 olarak) 8.66 x 6.30 (santimetre olarak) 22.00 x 16.00<\/p>\n<p><strong>\u00d6zel Sat\u0131\u015flar<\/strong><br \/>\n\u201cQuick Guides\u201d yay\u0131nlar\u0131m\u0131z, toplu al\u0131mlarda \u00f6zel indirimle sunulmaktad\u0131r. \u00d6zel ihtiya\u00e7lar do\u011frultusunda, ki\u015fiselle\u015ftirilmi\u015f kapaklar, al\u0131nt\u0131lar ve kurumsal logolar i\u00e7eren \u00f6zel bask\u0131lar olu\u015fturulabilir.[\/vc_column_text][vc_row_inner][vc_column_inner width=&#8221;1\/3&#8243;][vc_column_text text_larger=&#8221;no&#8221;]<div class=\"_df_thumb \" id=\"df_3496\"  title=\"byzantine-istanbul\" _slug=\"byzantine-istanbul\" wpoptions=\"true\" thumb=\"https:\/\/quickguides.info\/wp-content\/uploads\/2020\/10\/byzantine-istanbul-english.jpg\" thumbtype=\"bg\" >Byzantine Istanbul<\/div><script data-cfasync=\"false\">var option_df_3496 = {\"outline\":[],\"forceFit\":\"true\",\"autoEnableOutline\":\"false\",\"autoEnableThumbnail\":\"false\",\"overwritePDFOutline\":\"false\",\"direction\":\"1\",\"pageSize\":\"0\",\"source\":\"https:\\\/\\\/quickguides.info\\\/wp-content\\\/uploads\\\/2020\\\/10\\\/byzantine-istanbul-webbook-eng.pdf\",\"wpOptions\":\"true\"}; if(window.DFLIP && DFLIP.parseBooks){DFLIP.parseBooks();}<\/script><br \/>\n<div class=\"_df_button \" id=\"df_3496\"  title=\"byzantine-istanbul\" _slug=\"byzantine-istanbul\" wpoptions=\"true\" thumb=\"https:\/\/quickguides.info\/wp-content\/uploads\/2020\/10\/byzantine-istanbul-english.jpg\" thumbtype=\"bg\" >Byzantine Istanbul<\/div><script data-cfasync=\"false\">var option_df_3496 = {\"outline\":[],\"forceFit\":\"true\",\"autoEnableOutline\":\"false\",\"autoEnableThumbnail\":\"false\",\"overwritePDFOutline\":\"false\",\"direction\":\"1\",\"pageSize\":\"0\",\"source\":\"https:\\\/\\\/quickguides.info\\\/wp-content\\\/uploads\\\/2020\\\/10\\\/byzantine-istanbul-webbook-eng.pdf\",\"wpOptions\":\"true\"}; if(window.DFLIP && DFLIP.parseBooks){DFLIP.parseBooks();}<\/script>            <div class=\"std-popup-outerwrap std-popup-byzantine_istanbul_english\">\n            <input type=\"button\" class=\"std-popup-trigger std-popup-template-10\" value=\"Download\">\n            <div class=\"std-popup-innerwrap\" style=\"display:none;\">\n                <div class=\"std-overlay std-popup-wrapper\">\n\n                    <div class=\"std-popup-contetn-wrap\">\n                        <a href=\"javascript:void(0)\" class=\"std-popup-close\"><i class=\"fas fa-times\"><\/i><\/a>\n                            <div class=\"std-form-wrap std-template-10 std-byzantine_istanbul_english\">\n    <form method=\"post\" action=\"\" class=\"std-subscription-form\" data-form-alias=\"byzantine_istanbul_english\">\n\n        \n<div class=\"std-form-content-wrap\">\n    <div class=\"std-icon-holder\">\n                <img decoding=\"async\" src=\"https:\/\/quickguides.info\/wp-content\/uploads\/2020\/10\/qg-icon.png\" title=\"\">\n    <\/div>\n\n            <h2 class=\"std-heading-text\">Subscribe to Download<\/h2>\n                    <p class=\"std-heading-text std-heading-paragraph\">Subscribe to our mailing list to receive our Pamplet for free.<\/p>\n            <div class=\"both-fields-wrap\">\n                    <div class=\"std-field-wrap name-field\">\n                <label for=\"std_name\" class=\"sr-only std-hidden-item\">Your Name<\/label>\n                <input type=\"text\" name=\"std_name\" class=\"std-name\" placeholder=\"Your Name\"\/>\n            <\/div>\n                    <!--Email Field-->\n        <div class=\"std-field-wrap\">\n            <label for=\"std_email\" class=\"sr-only std-hidden-item\">Your Email<\/label>\n            <input type=\"email\" name=\"std_email\" class=\"std-email\" placeholder=\"Your Email\"\/>\n        <\/div>\n        <!-- Email Field-->\n\n\n\n    <\/div>\n            <div class=\"std-field-wrap std-terms-agreement-wrap std-check-box-text\">\n            <label>\n                <input type=\"checkbox\" name=\"std_terms_agreement\" class=\"std-terms-agreement\"\/>\n                <span class=\"std-term-text\">I agree with the terms and agreement.<\/span>\n            <\/label>\n        <\/div>\n            \n    <!-- Subscribe Button-->\n    <div class=\"std-field-wrap std-submit-btn-wrap\">\n        <button type=\"submit\" name=\"std_form_submit\" class=\"std-form-submit\" value=\"Download\"><i class=\"fas fa-paper-plane\"><\/i><\/button>\n\n    <\/div>\n\n\n\n\n    \n    <span class=\"std-form-loader-wraper\">\n        <div class=\"std-form-loader std-form-loader-1\">Loading...<\/div>\n    <\/span>\n    <div class=\"std-form-message\"><\/div>\n\n<\/div>\n    <\/form>\n<\/div>                    <\/div>\n                <\/div>\n            <\/div>\n        <\/div>\n        [\/vc_column_text][\/vc_column_inner][vc_column_inner width=&#8221;1\/3&#8243;][vc_column_text text_larger=&#8221;no&#8221;]<div class=\"_df_thumb \" id=\"df_3497\"  title=\"bizans-donemi-istanbul\" _slug=\"bizans-donemi-istanbul-turkce\" wpoptions=\"true\" thumb=\"https:\/\/quickguides.info\/wp-content\/uploads\/2020\/10\/bizans-donemi-istanbul-turkce.jpg\" thumbtype=\"bg\" >Bizans D\u00f6nemi \u0130stanbul<\/div><script data-cfasync=\"false\">var option_df_3497 = {\"outline\":[],\"forceFit\":\"true\",\"autoEnableOutline\":\"false\",\"autoEnableThumbnail\":\"false\",\"overwritePDFOutline\":\"false\",\"direction\":\"1\",\"pageSize\":\"0\",\"source\":\"https:\\\/\\\/quickguides.info\\\/wp-content\\\/uploads\\\/2020\\\/10\\\/bizans-donemi-istanbul-webbook-tur.pdf\",\"wpOptions\":\"true\"}; if(window.DFLIP && DFLIP.parseBooks){DFLIP.parseBooks();}<\/script><br \/>\n<div class=\"_df_button \" id=\"df_3497\"  title=\"bizans-donemi-istanbul\" _slug=\"bizans-donemi-istanbul-turkce\" wpoptions=\"true\" thumb=\"https:\/\/quickguides.info\/wp-content\/uploads\/2020\/10\/bizans-donemi-istanbul-turkce.jpg\" thumbtype=\"bg\" >Bizans D\u00f6nemi \u0130stanbul<\/div><script data-cfasync=\"false\">var option_df_3497 = {\"outline\":[],\"forceFit\":\"true\",\"autoEnableOutline\":\"false\",\"autoEnableThumbnail\":\"false\",\"overwritePDFOutline\":\"false\",\"direction\":\"1\",\"pageSize\":\"0\",\"source\":\"https:\\\/\\\/quickguides.info\\\/wp-content\\\/uploads\\\/2020\\\/10\\\/bizans-donemi-istanbul-webbook-tur.pdf\",\"wpOptions\":\"true\"}; if(window.DFLIP && DFLIP.parseBooks){DFLIP.parseBooks();}<\/script>             <div class=\"std-popup-outerwrap std-popup-bizans_donemi_istanbul_turkce\">\n            <input type=\"button\" class=\"std-popup-trigger std-popup-template-10\" value=\"Download\">\n            <div class=\"std-popup-innerwrap\" style=\"display:none;\">\n                <div class=\"std-overlay std-popup-wrapper\">\n\n                    <div class=\"std-popup-contetn-wrap\">\n                        <a href=\"javascript:void(0)\" class=\"std-popup-close\"><i class=\"fas fa-times\"><\/i><\/a>\n                            <div class=\"std-form-wrap std-template-10 std-bizans_donemi_istanbul_turkce\">\n    <form method=\"post\" action=\"\" class=\"std-subscription-form\" data-form-alias=\"bizans_donemi_istanbul_turkce\">\n\n        \n<div class=\"std-form-content-wrap\">\n    <div class=\"std-icon-holder\">\n                <img decoding=\"async\" src=\"https:\/\/quickguides.info\/wp-content\/uploads\/2020\/10\/qg-icon.png\" title=\"\">\n    <\/div>\n\n            <h2 class=\"std-heading-text\">Subscribe to Download<\/h2>\n                    <p class=\"std-heading-text std-heading-paragraph\">Subscribe to our mailing list to receive our Pamplet for free.<\/p>\n            <div class=\"both-fields-wrap\">\n                    <div class=\"std-field-wrap name-field\">\n                <label for=\"std_name\" class=\"sr-only std-hidden-item\">Your Name<\/label>\n                <input type=\"text\" name=\"std_name\" class=\"std-name\" placeholder=\"Your Name\"\/>\n            <\/div>\n                    <!--Email Field-->\n        <div class=\"std-field-wrap\">\n            <label for=\"std_email\" class=\"sr-only std-hidden-item\">Your Email<\/label>\n            <input type=\"email\" name=\"std_email\" class=\"std-email\" placeholder=\"Your Email\"\/>\n        <\/div>\n        <!-- Email Field-->\n\n\n\n    <\/div>\n            <div class=\"std-field-wrap std-terms-agreement-wrap std-check-box-text\">\n            <label>\n                <input type=\"checkbox\" name=\"std_terms_agreement\" class=\"std-terms-agreement\"\/>\n                <span class=\"std-term-text\">I agree with the terms and agreement.<\/span>\n            <\/label>\n        <\/div>\n            \n    <!-- Subscribe Button-->\n    <div class=\"std-field-wrap std-submit-btn-wrap\">\n        <button type=\"submit\" name=\"std_form_submit\" class=\"std-form-submit\" value=\"Download\"><i class=\"fas fa-paper-plane\"><\/i><\/button>\n\n    <\/div>\n\n\n\n\n    \n    <span class=\"std-form-loader-wraper\">\n        <div class=\"std-form-loader std-form-loader-1\">Loading...<\/div>\n    <\/span>\n    <div class=\"std-form-message\"><\/div>\n\n<\/div>\n    <\/form>\n<\/div>                    <\/div>\n                <\/div>\n            <\/div>\n        <\/div>\n        [\/vc_column_text][\/vc_column_inner][vc_column_inner width=&#8221;1\/3&#8243;][\/vc_column_inner][\/vc_row_inner][vc_empty_space woodmart_hide_large=&#8221;0&#8243; woodmart_hide_medium=&#8221;0&#8243; woodmart_hide_small=&#8221;0&#8243; woodmart_hide_extra_small=&#8221;0&#8243;][\/vc_column][\/vc_row]<\/p>\n<\/div>","protected":false},"excerpt":{"rendered":"<p>[vc_row][vc_column][vc_column_text css=&#8221;&#8221; text_larger=&#8221;no&#8221; woodmart_inline=&#8221;no&#8221;] Bizans \u0130stanbul\u2019u (Konstantinopolis) Kullan\u0131c\u0131 dostu ve bilgilendirici, ill\u00fcstrasyonlar ve planlar i\u00e7eren bir bro\u015f\u00fcrd\u00fcr. \u0130\u00e7eri\u011fi olduk\u00e7a anla\u015f\u0131l\u0131rd\u0131r.<\/p>\n","protected":false},"author":1,"featured_media":0,"parent":4865,"menu_order":0,"comment_status":"closed","ping_status":"closed","template":"","meta":{"footnotes":""},"class_list":["post-4884","page","type-page","status-publish","hentry"],"_links":{"self":[{"href":"https:\/\/quickguides.info\/tr\/wp-json\/wp\/v2\/pages\/4884","targetHints":{"allow":["GET"]}}],"collection":[{"href":"https:\/\/quickguides.info\/tr\/wp-json\/wp\/v2\/pages"}],"about":[{"href":"https:\/\/quickguides.info\/tr\/wp-json\/wp\/v2\/types\/page"}],"author":[{"embeddable":true,"href":"https:\/\/quickguides.info\/tr\/wp-json\/wp\/v2\/users\/1"}],"replies":[{"embeddable":true,"href":"https:\/\/quickguides.info\/tr\/wp-json\/wp\/v2\/comments?post=4884"}],"version-history":[{"count":0,"href":"https:\/\/quickguides.info\/tr\/wp-json\/wp\/v2\/pages\/4884\/revisions"}],"up":[{"embeddable":true,"href":"https:\/\/quickguides.info\/tr\/wp-json\/wp\/v2\/pages\/4865"}],"wp:attachment":[{"href":"https:\/\/quickguides.info\/tr\/wp-json\/wp\/v2\/media?parent=4884"}],"curies":[{"name":"wp","href":"https:\/\/api.w.org\/{rel}","templated":true}]}}