{"id":4887,"date":"2021-02-07T16:08:05","date_gmt":"2021-02-07T16:08:05","guid":{"rendered":"https:\/\/quickguides.info\/?page_id=4887"},"modified":"2025-02-02T20:52:49","modified_gmt":"2025-02-02T20:52:49","slug":"camlica-cami","status":"publish","type":"page","link":"https:\/\/quickguides.info\/tr\/turkiye\/istanbul\/camlica-cami\/","title":{"rendered":"\u00c7aml\u0131ca Camii"},"content":{"rendered":"<div class=\"wpb-content-wrapper\"><p>[vc_row][vc_column]<div class=\"widget_products wd-rs-679fdb0be8aed vc_custom_1738529564338\"><\/div>[vc_column_text text_larger=&#8221;no&#8221;]<\/p>\n<h2>Grand \u00c7aml\u0131ca Mosque &amp; TV Tower<\/h2>\n<p>A user friendly and informative brochure with illustrations and plans. Its content is very easy to understand. In addition to general information about Grand \u00c7aml\u0131ca Mosque &amp; TV Tower in Istanbul, Turkey, it shows the illustrations of the area. Visit \u00dcsk\u00fcdar and set foot in Asia; one of the nicest experiences in Istanbul.<\/p>\n<h2>Quick Guide Grand \u00c7aml\u0131ca Mosque &amp; TV Tower<\/h2>\n<p>Available in English<\/p>\n<p>Fold-out Pamphlet with 8 pages<br \/>\nFull-color photographs, maps, plans, illustrations and 3D reconstruction drawings<br \/>\nPublished by Serif Yenen in 2021<br \/>\nDimensions (in inches) 8.66 x 6.30 (in centimeters) 22.00 x 16.00<\/p>\n<p><strong>Special Editions<\/strong><br \/>\nSpecial editions, including personalized covers, excerpts, and corporate imprints, can be created for special needs.[\/vc_column_text][vc_empty_space height=&#8221;10px&#8221; woodmart_hide_large=&#8221;0&#8243; woodmart_hide_medium=&#8221;0&#8243; woodmart_hide_small=&#8221;0&#8243; woodmart_hide_extra_small=&#8221;0&#8243;][vc_row_inner][vc_column_inner width=&#8221;1\/3&#8243;][vc_column_text text_larger=&#8221;no&#8221;]<div class=\"_df_thumb \" id=\"df_4269\"  title=\"grand-camlica-mosque\" _slug=\"grand-camlica-mosque\" wpoptions=\"true\" thumb=\"https:\/\/quickguides.info\/wp-content\/uploads\/2021\/02\/camlica-eng.jpg\" thumbtype=\"bg\" >Grand \u00c7aml\u0131ca Mosque<\/div><script data-cfasync=\"false\">var option_df_4269 = {\"outline\":[],\"forceFit\":\"true\",\"autoEnableOutline\":\"false\",\"autoEnableThumbnail\":\"false\",\"overwritePDFOutline\":\"false\",\"direction\":\"1\",\"pageSize\":\"0\",\"source\":\"https:\\\/\\\/quickguides.info\\\/wp-content\\\/uploads\\\/2021\\\/02\\\/camlica-camii-download-eng.pdf\",\"wpOptions\":\"true\"}; if(window.DFLIP && DFLIP.parseBooks){DFLIP.parseBooks();}<\/script><br \/>\n<div class=\"_df_button \" id=\"df_4269\"  title=\"grand-camlica-mosque\" _slug=\"grand-camlica-mosque\" wpoptions=\"true\" thumb=\"https:\/\/quickguides.info\/wp-content\/uploads\/2021\/02\/camlica-eng.jpg\" thumbtype=\"bg\" >Grand \u00c7aml\u0131ca Mosque<\/div><script data-cfasync=\"false\">var option_df_4269 = {\"outline\":[],\"forceFit\":\"true\",\"autoEnableOutline\":\"false\",\"autoEnableThumbnail\":\"false\",\"overwritePDFOutline\":\"false\",\"direction\":\"1\",\"pageSize\":\"0\",\"source\":\"https:\\\/\\\/quickguides.info\\\/wp-content\\\/uploads\\\/2021\\\/02\\\/camlica-camii-download-eng.pdf\",\"wpOptions\":\"true\"}; if(window.DFLIP && DFLIP.parseBooks){DFLIP.parseBooks();}<\/script>            <div class=\"std-popup-outerwrap std-popup-camlica_english\">\n            <input type=\"button\" class=\"std-popup-trigger std-popup-template-10\" value=\"Download\">\n            <div class=\"std-popup-innerwrap\" style=\"display:none;\">\n                <div class=\"std-overlay std-popup-wrapper\">\n\n                    <div class=\"std-popup-contetn-wrap\">\n                        <a href=\"javascript:void(0)\" class=\"std-popup-close\"><i class=\"fas fa-times\"><\/i><\/a>\n                            <div class=\"std-form-wrap std-template-10 std-camlica_english\">\n    <form method=\"post\" action=\"\" class=\"std-subscription-form\" data-form-alias=\"camlica_english\">\n\n        \n<div class=\"std-form-content-wrap\">\n    <div class=\"std-icon-holder\">\n                <img decoding=\"async\" src=\"https:\/\/quickguides.info\/wp-content\/uploads\/2020\/10\/qg-icon.png\" title=\"\">\n    <\/div>\n\n            <h2 class=\"std-heading-text\">Subscribe to Download<\/h2>\n                    <p class=\"std-heading-text std-heading-paragraph\">Subscribe to our mailing list to receive our Pamplet for free.<\/p>\n            <div class=\"both-fields-wrap\">\n                    <div class=\"std-field-wrap name-field\">\n                <label for=\"std_name\" class=\"sr-only std-hidden-item\">Your Name<\/label>\n                <input type=\"text\" name=\"std_name\" class=\"std-name\" placeholder=\"Your Name\"\/>\n            <\/div>\n                    <!--Email Field-->\n        <div class=\"std-field-wrap\">\n            <label for=\"std_email\" class=\"sr-only std-hidden-item\">Your Email<\/label>\n            <input type=\"email\" name=\"std_email\" class=\"std-email\" placeholder=\"Your Email\"\/>\n        <\/div>\n        <!-- Email Field-->\n\n\n\n    <\/div>\n            <div class=\"std-field-wrap std-terms-agreement-wrap std-check-box-text\">\n            <label>\n                <input type=\"checkbox\" name=\"std_terms_agreement\" class=\"std-terms-agreement\"\/>\n                <span class=\"std-term-text\">I agree with the terms and agreement.<\/span>\n            <\/label>\n        <\/div>\n            \n    <!-- Subscribe Button-->\n    <div class=\"std-field-wrap std-submit-btn-wrap\">\n        <button type=\"submit\" name=\"std_form_submit\" class=\"std-form-submit\" value=\"Download\"><i class=\"fas fa-paper-plane\"><\/i><\/button>\n\n    <\/div>\n\n\n\n\n    \n    <span class=\"std-form-loader-wraper\">\n        <div class=\"std-form-loader std-form-loader-1\">Loading...<\/div>\n    <\/span>\n    <div class=\"std-form-message\"><\/div>\n\n<\/div>\n    <\/form>\n<\/div>                    <\/div>\n                <\/div>\n            <\/div>\n        <\/div>\n        [\/vc_column_text][\/vc_column_inner][vc_column_inner width=&#8221;1\/3&#8243;][\/vc_column_inner][vc_column_inner width=&#8221;1\/3&#8243;][\/vc_column_inner][\/vc_row_inner][\/vc_column][\/vc_row]<\/p>\n<\/div>","protected":false},"excerpt":{"rendered":"<p>[vc_row][vc_column][vc_column_text text_larger=&#8221;no&#8221;] Grand \u00c7aml\u0131ca Mosque &amp; TV Tower A user friendly and informative brochure with illustrations and plans. Its content<\/p>\n","protected":false},"author":1,"featured_media":0,"parent":4865,"menu_order":0,"comment_status":"closed","ping_status":"closed","template":"","meta":{"footnotes":""},"class_list":["post-4887","page","type-page","status-publish","hentry"],"_links":{"self":[{"href":"https:\/\/quickguides.info\/tr\/wp-json\/wp\/v2\/pages\/4887","targetHints":{"allow":["GET"]}}],"collection":[{"href":"https:\/\/quickguides.info\/tr\/wp-json\/wp\/v2\/pages"}],"about":[{"href":"https:\/\/quickguides.info\/tr\/wp-json\/wp\/v2\/types\/page"}],"author":[{"embeddable":true,"href":"https:\/\/quickguides.info\/tr\/wp-json\/wp\/v2\/users\/1"}],"replies":[{"embeddable":true,"href":"https:\/\/quickguides.info\/tr\/wp-json\/wp\/v2\/comments?post=4887"}],"version-history":[{"count":0,"href":"https:\/\/quickguides.info\/tr\/wp-json\/wp\/v2\/pages\/4887\/revisions"}],"up":[{"embeddable":true,"href":"https:\/\/quickguides.info\/tr\/wp-json\/wp\/v2\/pages\/4865"}],"wp:attachment":[{"href":"https:\/\/quickguides.info\/tr\/wp-json\/wp\/v2\/media?parent=4887"}],"curies":[{"name":"wp","href":"https:\/\/api.w.org\/{rel}","templated":true}]}}