{"id":4905,"date":"2020-10-27T08:41:12","date_gmt":"2020-10-27T08:41:12","guid":{"rendered":"https:\/\/quickguides.info\/?page_id=4905"},"modified":"2025-02-02T20:48:58","modified_gmt":"2025-02-02T20:48:58","slug":"sultan-ahmed-cami","status":"publish","type":"page","link":"https:\/\/quickguides.info\/tr\/turkiye\/istanbul\/sultan-ahmed-cami\/","title":{"rendered":"Sultan Ahmed Cami"},"content":{"rendered":"<div class=\"wpb-content-wrapper\"><p>[vc_row][vc_column]<div class=\"widget_products wd-rs-679fda22d9b43 vc_custom_1738529332446\"><div class=\"widget woocommerce widget_products\"><h2 class=\"widgettitle\">Sat\u0131n almak i\u00e7in t\u0131klay\u0131n!<\/h2><ul class=\"product_list_widget\"><li>\n\t\t<span class=\"widget-product-wrap\">\n\t\t<a href=\"https:\/\/quickguides.info\/tr\/urun\/sultan-ahmed-camii\/\" title=\"Sultan Ahmed Camii\" class=\"widget-product-img\">\n\t\t\t<img loading=\"lazy\" decoding=\"async\" width=\"219\" height=\"300\" src=\"https:\/\/quickguides.info\/wp-content\/uploads\/2020\/12\/sultan-ahmed-camisi-TR-219x300.jpeg\" class=\"attachment-medium size-medium\" alt=\"\" srcset=\"https:\/\/quickguides.info\/wp-content\/uploads\/2020\/12\/sultan-ahmed-camisi-TR-219x300.jpeg 219w, https:\/\/quickguides.info\/wp-content\/uploads\/2020\/12\/sultan-ahmed-camisi-TR-300x410.jpeg 300w, https:\/\/quickguides.info\/wp-content\/uploads\/2020\/12\/sultan-ahmed-camisi-TR-150x205.jpeg 150w, https:\/\/quickguides.info\/wp-content\/uploads\/2020\/12\/sultan-ahmed-camisi-TR.jpeg 601w\" sizes=\"auto, (max-width: 219px) 100vw, 219px\" title=\"\">\t\t<\/a>\n\t\t<span class=\"widget-product-info\">\n\t\t\t<a href=\"https:\/\/quickguides.info\/tr\/urun\/sultan-ahmed-camii\/\" title=\"Sultan Ahmed Camii\" class=\"wd-entities-title\">\n\t\t\t\tSultan Ahmed Camii\t\t\t<\/a>\n\t\t\t\t\t\t\t\t\t\t\t\t\t<span class=\"price\"><span class=\"woocommerce-Price-amount amount\"><bdi>200.00<span class=\"woocommerce-Price-currencySymbol\">&#8378;<\/span><\/bdi><\/span><\/span>\n\t\t<\/span>\n\t<\/span>\n\t<\/li>\n<\/ul><\/div><\/div>[vc_column_text text_larger=&#8221;no&#8221;]<\/p>\n<h1>Sultan Ahmed Mosque (Blue Mosque) in Istanbul<\/h1>\n<p>A user friendly and informative Pamphlet with illustrations and plans. Its content is very easy to understand. In addition to general information about the Sultan Ahmed Mosque (Blue Mosque) in Istanbul, Turkey, it shows the photos of all of the major monuments in and around the mosque. A general plan of the surrounding areas will help the reader to get oriented to the Sultanahmet neighborhood.<\/p>\n<h2>Quick Guide Sultan Ahmed Mosque<\/h2>\n<p>ISBN: 978-605-60629-7-1<br \/>\nAvailable in English, Turkish, German, French, Spanish, Italian, Portuguese, Greek and Arabic<\/p>\n<p><strong>Price:<\/strong> $3.00 USD (You can order it from Serif Yenen or <a href=\"https:\/\/www.amazon.com\/Serif-Yenen\/e\/B001JWS564\/ref=ntt_athr_dp_pel_1\" target=\"_blank\" rel=\"noopener noreferrer\">Amazon.com<\/a>)<\/p>\n<p>Fold-out Pamphlet with 8 pages<br \/>\nFull-color photographs, maps, plans, illustrations and 3D reconstruction drawings<br \/>\nPublished by Serif Yenen in 2009 \u2013 2011<br \/>\nDimensions (in inches) 8.66 x 6.30 (in centimeters) 22.00 x 16.00<\/p>\n<p><strong>Special Sales<\/strong><br \/>\n\u201cQuick Guides\u201d are available at special discount for bulk purchases. Special editions, including personalized covers, excerpts, and corporate imprints, can be created for special needs.[\/vc_column_text][vc_row_inner row_reverse_mobile=&#8221;0&#8243; row_reverse_tablet=&#8221;0&#8243;][vc_column_inner width=&#8221;1\/3&#8243;][vc_column_text text_larger=&#8221;no&#8221;]<div class=\"_df_thumb \" id=\"df_4052\"  title=\"sultan-ahmed-mosque\" _slug=\"sultan-ahmed-mosque\" wpoptions=\"true\" thumb=\"https:\/\/quickguides.info\/wp-content\/uploads\/2020\/12\/Sultanahmet-webbook-ENG.jpeg\" thumbtype=\"bg\" >Sultan Ahmed Mosque<\/div><script data-cfasync=\"false\">var option_df_4052 = {\"outline\":[],\"forceFit\":\"true\",\"autoEnableOutline\":\"false\",\"autoEnableThumbnail\":\"false\",\"overwritePDFOutline\":\"false\",\"direction\":\"1\",\"pageSize\":\"0\",\"source\":\"https:\\\/\\\/quickguides.info\\\/wp-content\\\/uploads\\\/2020\\\/12\\\/Sultanahmet-webbook-ENG.pdf\",\"wpOptions\":\"true\"}; if(window.DFLIP && DFLIP.parseBooks){DFLIP.parseBooks();}<\/script><br \/>\n<div class=\"_df_button \" id=\"df_4052\"  title=\"sultan-ahmed-mosque\" _slug=\"sultan-ahmed-mosque\" wpoptions=\"true\" thumb=\"https:\/\/quickguides.info\/wp-content\/uploads\/2020\/12\/Sultanahmet-webbook-ENG.jpeg\" thumbtype=\"bg\" >Sultan Ahmed Mosque<\/div><script data-cfasync=\"false\">var option_df_4052 = {\"outline\":[],\"forceFit\":\"true\",\"autoEnableOutline\":\"false\",\"autoEnableThumbnail\":\"false\",\"overwritePDFOutline\":\"false\",\"direction\":\"1\",\"pageSize\":\"0\",\"source\":\"https:\\\/\\\/quickguides.info\\\/wp-content\\\/uploads\\\/2020\\\/12\\\/Sultanahmet-webbook-ENG.pdf\",\"wpOptions\":\"true\"}; if(window.DFLIP && DFLIP.parseBooks){DFLIP.parseBooks();}<\/script>            <div class=\"std-popup-outerwrap std-popup-sultan_ahmed_mosque\">\n            <input type=\"button\" class=\"std-popup-trigger std-popup-template-10\" value=\"Download\">\n            <div class=\"std-popup-innerwrap\" style=\"display:none;\">\n                <div class=\"std-overlay std-popup-wrapper\">\n\n                    <div class=\"std-popup-contetn-wrap\">\n                        <a href=\"javascript:void(0)\" class=\"std-popup-close\"><i class=\"fas fa-times\"><\/i><\/a>\n                            <div class=\"std-form-wrap std-template-10 std-sultan_ahmed_mosque\">\n    <form method=\"post\" action=\"\" class=\"std-subscription-form\" data-form-alias=\"sultan_ahmed_mosque\">\n\n        \n<div class=\"std-form-content-wrap\">\n    <div class=\"std-icon-holder\">\n                <img decoding=\"async\" src=\"https:\/\/quickguides.info\/wp-content\/uploads\/2020\/10\/qg-icon.png\" title=\"\">\n    <\/div>\n\n            <h2 class=\"std-heading-text\">Subscribe to Download<\/h2>\n                    <p class=\"std-heading-text std-heading-paragraph\">Subscribe to our mailing list to receive our Pamplet for free.<\/p>\n            <div class=\"both-fields-wrap\">\n                    <div class=\"std-field-wrap name-field\">\n                <label for=\"std_name\" class=\"sr-only std-hidden-item\">Your Name<\/label>\n                <input type=\"text\" name=\"std_name\" class=\"std-name\" placeholder=\"Your Name\"\/>\n            <\/div>\n                    <!--Email Field-->\n        <div class=\"std-field-wrap\">\n            <label for=\"std_email\" class=\"sr-only std-hidden-item\">Your Email<\/label>\n            <input type=\"email\" name=\"std_email\" class=\"std-email\" placeholder=\"Your Email\"\/>\n        <\/div>\n        <!-- Email Field-->\n\n\n\n    <\/div>\n            <div class=\"std-field-wrap std-terms-agreement-wrap std-check-box-text\">\n            <label>\n                <input type=\"checkbox\" name=\"std_terms_agreement\" class=\"std-terms-agreement\"\/>\n                <span class=\"std-term-text\">I agree with the terms and agreement.<\/span>\n            <\/label>\n        <\/div>\n            \n    <!-- Subscribe Button-->\n    <div class=\"std-field-wrap std-submit-btn-wrap\">\n        <button type=\"submit\" name=\"std_form_submit\" class=\"std-form-submit\" value=\"Download\"><i class=\"fas fa-paper-plane\"><\/i><\/button>\n\n    <\/div>\n\n\n\n\n    \n    <span class=\"std-form-loader-wraper\">\n        <div class=\"std-form-loader std-form-loader-1\">Loading...<\/div>\n    <\/span>\n    <div class=\"std-form-message\"><\/div>\n\n<\/div>\n    <\/form>\n<\/div>                    <\/div>\n                <\/div>\n            <\/div>\n        <\/div>\n        [\/vc_column_text][\/vc_column_inner][vc_column_inner width=&#8221;1\/3&#8243;][vc_column_text text_larger=&#8221;no&#8221;]<div class=\"_df_thumb \" id=\"df_4089\"  title=\"sultan-ahmed-camisi\" _slug=\"sultan-ahmed-camisi\" wpoptions=\"true\" thumb=\"https:\/\/quickguides.info\/wp-content\/uploads\/2020\/12\/sultan-ahmed-camisi-TR.jpeg\" thumbtype=\"bg\" >Sultan Ahmed Camisi<\/div><script data-cfasync=\"false\">var option_df_4089 = {\"outline\":[],\"forceFit\":\"true\",\"autoEnableOutline\":\"false\",\"autoEnableThumbnail\":\"false\",\"overwritePDFOutline\":\"false\",\"direction\":\"1\",\"pageSize\":\"0\",\"source\":\"https:\\\/\\\/quickguides.info\\\/wp-content\\\/uploads\\\/2020\\\/12\\\/Sultanahmet-webbook-TR.pdf\",\"wpOptions\":\"true\"}; if(window.DFLIP && DFLIP.parseBooks){DFLIP.parseBooks();}<\/script><br \/>\n<div class=\"_df_button \" id=\"df_4089\"  title=\"sultan-ahmed-camisi\" _slug=\"sultan-ahmed-camisi\" wpoptions=\"true\" thumb=\"https:\/\/quickguides.info\/wp-content\/uploads\/2020\/12\/sultan-ahmed-camisi-TR.jpeg\" thumbtype=\"bg\" >Sultan Ahmed Camisi<\/div><script data-cfasync=\"false\">var option_df_4089 = {\"outline\":[],\"forceFit\":\"true\",\"autoEnableOutline\":\"false\",\"autoEnableThumbnail\":\"false\",\"overwritePDFOutline\":\"false\",\"direction\":\"1\",\"pageSize\":\"0\",\"source\":\"https:\\\/\\\/quickguides.info\\\/wp-content\\\/uploads\\\/2020\\\/12\\\/Sultanahmet-webbook-TR.pdf\",\"wpOptions\":\"true\"}; if(window.DFLIP && DFLIP.parseBooks){DFLIP.parseBooks();}<\/script>             <div class=\"std-popup-outerwrap std-popup-sultan_ahmed_camisi\">\n            <input type=\"button\" class=\"std-popup-trigger std-popup-template-10\" value=\"Download\">\n            <div class=\"std-popup-innerwrap\" style=\"display:none;\">\n                <div class=\"std-overlay std-popup-wrapper\">\n\n                    <div class=\"std-popup-contetn-wrap\">\n                        <a href=\"javascript:void(0)\" class=\"std-popup-close\"><i class=\"fas fa-times\"><\/i><\/a>\n                            <div class=\"std-form-wrap std-template-10 std-sultan_ahmed_camisi\">\n    <form method=\"post\" action=\"\" class=\"std-subscription-form\" data-form-alias=\"sultan_ahmed_camisi\">\n\n        \n<div class=\"std-form-content-wrap\">\n    <div class=\"std-icon-holder\">\n                <img decoding=\"async\" src=\"https:\/\/quickguides.info\/wp-content\/uploads\/2020\/10\/qg-icon.png\" title=\"\">\n    <\/div>\n\n            <h2 class=\"std-heading-text\">Subscribe to Download<\/h2>\n                    <p class=\"std-heading-text std-heading-paragraph\">Subscribe to our mailing list to receive our Pamplet for free.<\/p>\n            <div class=\"both-fields-wrap\">\n                    <div class=\"std-field-wrap name-field\">\n                <label for=\"std_name\" class=\"sr-only std-hidden-item\">Your Name<\/label>\n                <input type=\"text\" name=\"std_name\" class=\"std-name\" placeholder=\"Your Name\"\/>\n            <\/div>\n                    <!--Email Field-->\n        <div class=\"std-field-wrap\">\n            <label for=\"std_email\" class=\"sr-only std-hidden-item\">Your Email<\/label>\n            <input type=\"email\" name=\"std_email\" class=\"std-email\" placeholder=\"Your Email\"\/>\n        <\/div>\n        <!-- Email Field-->\n\n\n\n    <\/div>\n            <div class=\"std-field-wrap std-terms-agreement-wrap std-check-box-text\">\n            <label>\n                <input type=\"checkbox\" name=\"std_terms_agreement\" class=\"std-terms-agreement\"\/>\n                <span class=\"std-term-text\">I agree with the terms and agreement.<\/span>\n            <\/label>\n        <\/div>\n            \n    <!-- Subscribe Button-->\n    <div class=\"std-field-wrap std-submit-btn-wrap\">\n        <button type=\"submit\" name=\"std_form_submit\" class=\"std-form-submit\" value=\"Download\"><i class=\"fas fa-paper-plane\"><\/i><\/button>\n\n    <\/div>\n\n\n\n\n    \n    <span class=\"std-form-loader-wraper\">\n        <div class=\"std-form-loader std-form-loader-1\">Loading...<\/div>\n    <\/span>\n    <div class=\"std-form-message\"><\/div>\n\n<\/div>\n    <\/form>\n<\/div>                    <\/div>\n                <\/div>\n            <\/div>\n        <\/div>\n        [\/vc_column_text][\/vc_column_inner][vc_column_inner width=&#8221;1\/3&#8243;][\/vc_column_inner][\/vc_row_inner][vc_row_inner disable_element=&#8221;yes&#8221; row_reverse_mobile=&#8221;0&#8243; row_reverse_tablet=&#8221;0&#8243;][vc_column_inner width=&#8221;1\/3&#8243;][\/vc_column_inner][vc_column_inner width=&#8221;1\/3&#8243;][vc_column_text text_larger=&#8221;no&#8221;]<div class=\"_df_thumb \" id=\"df_2889\"  title=\"santa-sofia-espanol\" _slug=\"ayasofya-esp\" wpoptions=\"true\" thumb=\"https:\/\/quickguides.info\/wp-content\/uploads\/2020\/07\/Ayasofya-Esp.jpg\" thumbtype=\"bg\" >Santa Sofia Espanol<\/div><script data-cfasync=\"false\">var option_df_2889 = {\"outline\":[],\"forceFit\":\"true\",\"autoEnableOutline\":\"false\",\"autoEnableThumbnail\":\"false\",\"overwritePDFOutline\":\"false\",\"direction\":\"1\",\"pageSize\":\"0\",\"source\":\"https:\\\/\\\/quickguides.info\\\/wp-content\\\/uploads\\\/2020\\\/07\\\/Ayasofya-webkitap-ESP.pdf\",\"wpOptions\":\"true\"}; if(window.DFLIP && DFLIP.parseBooks){DFLIP.parseBooks();}<\/script><br \/>\n<div class=\"_df_button \" id=\"df_2889\"  title=\"santa-sofia-espanol\" _slug=\"ayasofya-esp\" wpoptions=\"true\" thumb=\"https:\/\/quickguides.info\/wp-content\/uploads\/2020\/07\/Ayasofya-Esp.jpg\" thumbtype=\"bg\" >Santa Sofia Espanol<\/div><script data-cfasync=\"false\">var option_df_2889 = {\"outline\":[],\"forceFit\":\"true\",\"autoEnableOutline\":\"false\",\"autoEnableThumbnail\":\"false\",\"overwritePDFOutline\":\"false\",\"direction\":\"1\",\"pageSize\":\"0\",\"source\":\"https:\\\/\\\/quickguides.info\\\/wp-content\\\/uploads\\\/2020\\\/07\\\/Ayasofya-webkitap-ESP.pdf\",\"wpOptions\":\"true\"}; if(window.DFLIP && DFLIP.parseBooks){DFLIP.parseBooks();}<\/script>            <div class=\"std-popup-outerwrap std-popup-hagia_sophia_espanol\">\n            <input type=\"button\" class=\"std-popup-trigger std-popup-template-10\" value=\"Download\">\n            <div class=\"std-popup-innerwrap\" style=\"display:none;\">\n                <div class=\"std-overlay std-popup-wrapper\">\n\n                    <div class=\"std-popup-contetn-wrap\">\n                        <a href=\"javascript:void(0)\" class=\"std-popup-close\"><i class=\"fas fa-times\"><\/i><\/a>\n                            <div class=\"std-form-wrap std-template-10 std-hagia_sophia_espanol\">\n    <form method=\"post\" action=\"\" class=\"std-subscription-form\" data-form-alias=\"hagia_sophia_espanol\">\n\n        \n<div class=\"std-form-content-wrap\">\n    <div class=\"std-icon-holder\">\n                <img decoding=\"async\" src=\"https:\/\/quickguides.info\/wp-content\/plugins\/subscribe-to-download\/images\/template-10-icon.png\" title=\"\">\n    <\/div>\n\n            <h2 class=\"std-heading-text\">Subscribe to Download<\/h2>\n                    <p class=\"std-heading-text std-heading-paragraph\">Subscribe to our mailing list to receive Pamplet for free.<\/p>\n            <div class=\"both-fields-wrap\">\n                    <div class=\"std-field-wrap name-field\">\n                <label for=\"std_name\" class=\"sr-only std-hidden-item\">Your Name<\/label>\n                <input type=\"text\" name=\"std_name\" class=\"std-name\" placeholder=\"Your Name\"\/>\n            <\/div>\n                    <!--Email Field-->\n        <div class=\"std-field-wrap\">\n            <label for=\"std_email\" class=\"sr-only std-hidden-item\">Your Email<\/label>\n            <input type=\"email\" name=\"std_email\" class=\"std-email\" placeholder=\"Your Email\"\/>\n        <\/div>\n        <!-- Email Field-->\n\n\n\n    <\/div>\n            <div class=\"std-field-wrap std-terms-agreement-wrap std-check-box-text\">\n            <label>\n                <input type=\"checkbox\" name=\"std_terms_agreement\" class=\"std-terms-agreement\"\/>\n                <span class=\"std-term-text\">I agree with the terms and agreement.<\/span>\n            <\/label>\n        <\/div>\n            \n    <!-- Subscribe Button-->\n    <div class=\"std-field-wrap std-submit-btn-wrap\">\n        <button type=\"submit\" name=\"std_form_submit\" class=\"std-form-submit\" value=\"Download\"><i class=\"fas fa-paper-plane\"><\/i><\/button>\n\n    <\/div>\n\n\n\n\n    \n    <span class=\"std-form-loader-wraper\">\n        <div class=\"std-form-loader std-form-loader-1\">Loading...<\/div>\n    <\/span>\n    <div class=\"std-form-message\"><\/div>\n\n<\/div>\n    <\/form>\n<\/div>                    <\/div>\n                <\/div>\n            <\/div>\n        <\/div>\n        [\/vc_column_text][\/vc_column_inner][vc_column_inner width=&#8221;1\/3&#8243;][vc_column_text text_larger=&#8221;no&#8221;]<div class=\"_df_thumb \" id=\"df_2880\"  title=\"santa-sofia-italiano\" _slug=\"ayasofya-ita\" wpoptions=\"true\" thumb=\"https:\/\/quickguides.info\/wp-content\/uploads\/2020\/07\/Ayasofya-Ita.jpg\" thumbtype=\"bg\" >Santa Sofia Italiano<\/div><script data-cfasync=\"false\">var option_df_2880 = {\"outline\":[],\"forceFit\":\"true\",\"autoEnableOutline\":\"false\",\"autoEnableThumbnail\":\"false\",\"overwritePDFOutline\":\"false\",\"direction\":\"1\",\"pageSize\":\"0\",\"source\":\"https:\\\/\\\/quickguides.info\\\/wp-content\\\/uploads\\\/2020\\\/07\\\/Ayasofya-webkitap-ITA.pdf\",\"wpOptions\":\"true\"}; if(window.DFLIP && DFLIP.parseBooks){DFLIP.parseBooks();}<\/script><br \/>\n<div class=\"_df_button \" id=\"df_2880\"  title=\"santa-sofia-italiano\" _slug=\"ayasofya-ita\" wpoptions=\"true\" thumb=\"https:\/\/quickguides.info\/wp-content\/uploads\/2020\/07\/Ayasofya-Ita.jpg\" thumbtype=\"bg\" >Santa Sofia Italiano<\/div><script data-cfasync=\"false\">var option_df_2880 = {\"outline\":[],\"forceFit\":\"true\",\"autoEnableOutline\":\"false\",\"autoEnableThumbnail\":\"false\",\"overwritePDFOutline\":\"false\",\"direction\":\"1\",\"pageSize\":\"0\",\"source\":\"https:\\\/\\\/quickguides.info\\\/wp-content\\\/uploads\\\/2020\\\/07\\\/Ayasofya-webkitap-ITA.pdf\",\"wpOptions\":\"true\"}; if(window.DFLIP && DFLIP.parseBooks){DFLIP.parseBooks();}<\/script>            <div class=\"std-popup-outerwrap std-popup-hagia_sophia_italiano\">\n            <input type=\"button\" class=\"std-popup-trigger std-popup-template-10\" value=\"Download\">\n            <div class=\"std-popup-innerwrap\" style=\"display:none;\">\n                <div class=\"std-overlay std-popup-wrapper\">\n\n                    <div class=\"std-popup-contetn-wrap\">\n                        <a href=\"javascript:void(0)\" class=\"std-popup-close\"><i class=\"fas fa-times\"><\/i><\/a>\n                            <div class=\"std-form-wrap std-template-10 std-hagia_sophia_italiano\">\n    <form method=\"post\" action=\"\" class=\"std-subscription-form\" data-form-alias=\"hagia_sophia_italiano\">\n\n        \n<div class=\"std-form-content-wrap\">\n    <div class=\"std-icon-holder\">\n                <img decoding=\"async\" src=\"https:\/\/quickguides.info\/wp-content\/uploads\/2020\/10\/qg-icon.png\" title=\"\">\n    <\/div>\n\n            <h2 class=\"std-heading-text\">Subscribe to Download<\/h2>\n                    <p class=\"std-heading-text std-heading-paragraph\">Subscribe to our mailing list to receive Pamplet for free.<\/p>\n            <div class=\"both-fields-wrap\">\n                    <div class=\"std-field-wrap name-field\">\n                <label for=\"std_name\" class=\"sr-only std-hidden-item\">Your Name<\/label>\n                <input type=\"text\" name=\"std_name\" class=\"std-name\" placeholder=\"Your Name\"\/>\n            <\/div>\n                    <!--Email Field-->\n        <div class=\"std-field-wrap\">\n            <label for=\"std_email\" class=\"sr-only std-hidden-item\">Your Email<\/label>\n            <input type=\"email\" name=\"std_email\" class=\"std-email\" placeholder=\"Your Email\"\/>\n        <\/div>\n        <!-- Email Field-->\n\n\n\n    <\/div>\n            <div class=\"std-field-wrap std-terms-agreement-wrap std-check-box-text\">\n            <label>\n                <input type=\"checkbox\" name=\"std_terms_agreement\" class=\"std-terms-agreement\"\/>\n                <span class=\"std-term-text\">I agree with the terms and agreement.<\/span>\n            <\/label>\n        <\/div>\n            \n    <!-- Subscribe Button-->\n    <div class=\"std-field-wrap std-submit-btn-wrap\">\n        <button type=\"submit\" name=\"std_form_submit\" class=\"std-form-submit\" value=\"Download\"><i class=\"fas fa-paper-plane\"><\/i><\/button>\n\n    <\/div>\n\n\n\n\n    \n    <span class=\"std-form-loader-wraper\">\n        <div class=\"std-form-loader std-form-loader-1\">Loading...<\/div>\n    <\/span>\n    <div class=\"std-form-message\"><\/div>\n\n<\/div>\n    <\/form>\n<\/div>                    <\/div>\n                <\/div>\n            <\/div>\n        <\/div>\n        [\/vc_column_text][\/vc_column_inner][\/vc_row_inner][vc_empty_space woodmart_hide_large=&#8221;0&#8243; woodmart_hide_medium=&#8221;0&#8243; woodmart_hide_small=&#8221;0&#8243; woodmart_hide_extra_small=&#8221;0&#8243;][\/vc_column][\/vc_row]<\/p>\n<\/div>","protected":false},"excerpt":{"rendered":"<p>[vc_row][vc_column][vc_column_text text_larger=&#8221;no&#8221;] Sultan Ahmed Mosque (Blue Mosque) in Istanbul A user friendly and informative Pamphlet with illustrations and plans. Its<\/p>\n","protected":false},"author":1,"featured_media":0,"parent":4865,"menu_order":0,"comment_status":"closed","ping_status":"closed","template":"","meta":{"footnotes":""},"class_list":["post-4905","page","type-page","status-publish","hentry"],"_links":{"self":[{"href":"https:\/\/quickguides.info\/tr\/wp-json\/wp\/v2\/pages\/4905","targetHints":{"allow":["GET"]}}],"collection":[{"href":"https:\/\/quickguides.info\/tr\/wp-json\/wp\/v2\/pages"}],"about":[{"href":"https:\/\/quickguides.info\/tr\/wp-json\/wp\/v2\/types\/page"}],"author":[{"embeddable":true,"href":"https:\/\/quickguides.info\/tr\/wp-json\/wp\/v2\/users\/1"}],"replies":[{"embeddable":true,"href":"https:\/\/quickguides.info\/tr\/wp-json\/wp\/v2\/comments?post=4905"}],"version-history":[{"count":0,"href":"https:\/\/quickguides.info\/tr\/wp-json\/wp\/v2\/pages\/4905\/revisions"}],"up":[{"embeddable":true,"href":"https:\/\/quickguides.info\/tr\/wp-json\/wp\/v2\/pages\/4865"}],"wp:attachment":[{"href":"https:\/\/quickguides.info\/tr\/wp-json\/wp\/v2\/media?parent=4905"}],"curies":[{"name":"wp","href":"https:\/\/api.w.org\/{rel}","templated":true}]}}