{"id":4909,"date":"2020-11-07T15:04:40","date_gmt":"2020-11-07T15:04:40","guid":{"rendered":"https:\/\/quickguides.info\/?page_id=4909"},"modified":"2025-02-02T16:55:20","modified_gmt":"2025-02-02T16:55:20","slug":"turkish-odyssey","status":"publish","type":"page","link":"https:\/\/quickguides.info\/tr\/turkish-odyssey\/","title":{"rendered":"Turkish Odyssey"},"content":{"rendered":"<div class=\"wpb-content-wrapper\"><p>[vc_row][vc_column][vc_column_text css=&#8221;&#8221; text_larger=&#8221;no&#8221; woodmart_inline=&#8221;no&#8221;]<\/p>\n<h1>Turkish Odyssey, A Cultural Guide to Turkey<\/h1>\n<h2>Anadolu Destan\u0131, T\u00fcrkiye\u2019nin K\u00fclt\u00fcrel Miras\u0131 ve Gezi Rehberi<\/h2>\n<p>Tur rehberi olarak \u00e7al\u0131\u015f\u0131rken edindi\u011fi saha deneyimiyle, \u015eerif Yenen 1997 y\u0131l\u0131nda ilk rehber kitab\u0131 T\u00fcrk Destan\u0131&#8217;n\u0131 \u0130ngilizce olarak yay\u0131mlad\u0131. T\u00fcrk Destan\u0131, bir T\u00fcrk taraf\u0131ndan yaz\u0131lm\u0131\u015f ilk T\u00fcrkiye rehber kitab\u0131 olup, yaln\u0131zca bir yerlinin sunabilece\u011fi k\u00fclt\u00fcrel i\u00e7g\u00f6r\u00fcler sa\u011flar. \u015eerif Yenen kitab\u0131 \u0130ngilizce olarak yazd\u0131, ancak daha sonra Almanca, T\u00fcrk\u00e7e ve \u0130talyanca dillerinde de yay\u0131mland\u0131. T\u00fcrk Destan\u0131, \u00e7e\u015fitli \u00fcniversitelerde ders kitab\u0131 olarak kullan\u0131lm\u0131\u015f veya \u00f6nerilen okuma listelerinde yer alm\u0131\u015ft\u0131r. \u015eerif Yenen \u015fu anda kitab\u0131n\u0131 g\u00fcncellemektedir.<\/p>\n<p>Turkish Odyssey, T\u00fcrkiye\u2019nin K\u00fclt\u00fcrel Miras\u0131 ve Gezi Rehberi<\/p>\n<p>(1997, 1998, 2001, 2007) &#8211; \u015eerif Yenen<\/p>\n<p>Fiyat: 16,95 ABD Dolar\u0131 (\u0130ngilizce ve T\u00fcrk\u00e7e bask\u0131lar\u0131 t\u00fckenmi\u015ftir. Almanca veya \u0130talyanca versiyonlar\u0131n\u0131 \u015eerif Yenen\u2019den sipari\u015f edebilirsiniz.)<\/p>\n<p>Yumu\u015fak kapak, 560 sayfa<br \/>\n250\u2019den fazla tam renkli foto\u011fraf, harita, plan, 3D rekonstr\u00fcksiyon \u00e7izimleri<br \/>\n\u0130lk bask\u0131: Eyl\u00fcl 1997, \u015eerif Yenen taraf\u0131ndan yay\u0131mland\u0131<br \/>\nG\u00f6zden ge\u00e7irilmi\u015f ikinci bask\u0131: 1998<br \/>\nG\u00f6zden ge\u00e7irilmi\u015f \u00fc\u00e7\u00fcnc\u00fc bask\u0131: 2001, D\u00f6rd\u00fcnc\u00fc bask\u0131: 2007<\/p>\n<p>Boyutlar:<br \/>\n(in\u00e7) 8.46 x 5.90 x 0.94<br \/>\n(santimetre) 21.50 x 15.00 x 2.40<br \/>\nA\u011f\u0131rl\u0131k: 830 gram \/ 1.83 pound<br \/>\nISBN: 978-975-94638-0-9[\/vc_column_text][\/vc_column][\/vc_row][vc_row][vc_column width=&#8221;1\/4&#8243;][vc_single_image image=&#8221;4526&#8243; img_size=&#8221;medium&#8221; add_caption=&#8221;yes&#8221; alignment=&#8221;center&#8221; style=&#8221;vc_box_shadow_border&#8221; parallax_scroll=&#8221;no&#8221;][\/vc_column][vc_column width=&#8221;1\/4&#8243;][vc_single_image image=&#8221;4528&#8243; img_size=&#8221;medium&#8221; add_caption=&#8221;yes&#8221; alignment=&#8221;center&#8221; style=&#8221;vc_box_shadow_border&#8221; parallax_scroll=&#8221;no&#8221;][\/vc_column][vc_column width=&#8221;1\/4&#8243;][vc_single_image image=&#8221;4530&#8243; img_size=&#8221;medium&#8221; add_caption=&#8221;yes&#8221; alignment=&#8221;center&#8221; style=&#8221;vc_box_shadow_border&#8221; parallax_scroll=&#8221;no&#8221;][\/vc_column][vc_column width=&#8221;1\/4&#8243;][vc_single_image image=&#8221;4529&#8243; img_size=&#8221;medium&#8221; add_caption=&#8221;yes&#8221; alignment=&#8221;center&#8221; style=&#8221;vc_box_shadow_border&#8221; parallax_scroll=&#8221;no&#8221;][\/vc_column][\/vc_row][vc_row][vc_column][vc_single_image image=&#8221;5929&#8243; img_size=&#8221;large&#8221; alignment=&#8221;center&#8221; style=&#8221;vc_box_shadow_3d&#8221; onclick=&#8221;custom_link&#8221; css=&#8221;&#8221; link=&#8221;https:\/\/quickguides.info\/tr\/urun\/turkish-odyssey\/&#8221; parallax_scroll=&#8221;no&#8221; woodmart_inline=&#8221;no&#8221; title=&#8221;Turkish Odyssey (Yenilenmi\u015f ve geni\u015fletilmi\u015f versiyon)&#8221;][\/vc_column][\/vc_row]<\/p>\n<\/div>","protected":false},"excerpt":{"rendered":"<p>[vc_row][vc_column][vc_column_text css=&#8221;&#8221; text_larger=&#8221;no&#8221; woodmart_inline=&#8221;no&#8221;] Turkish Odyssey, A Cultural Guide to Turkey Anadolu Destan\u0131, T\u00fcrkiye\u2019nin K\u00fclt\u00fcrel Miras\u0131 ve Gezi Rehberi Tur<\/p>\n","protected":false},"author":1,"featured_media":0,"parent":0,"menu_order":0,"comment_status":"closed","ping_status":"closed","template":"","meta":{"footnotes":""},"class_list":["post-4909","page","type-page","status-publish","hentry"],"_links":{"self":[{"href":"https:\/\/quickguides.info\/tr\/wp-json\/wp\/v2\/pages\/4909","targetHints":{"allow":["GET"]}}],"collection":[{"href":"https:\/\/quickguides.info\/tr\/wp-json\/wp\/v2\/pages"}],"about":[{"href":"https:\/\/quickguides.info\/tr\/wp-json\/wp\/v2\/types\/page"}],"author":[{"embeddable":true,"href":"https:\/\/quickguides.info\/tr\/wp-json\/wp\/v2\/users\/1"}],"replies":[{"embeddable":true,"href":"https:\/\/quickguides.info\/tr\/wp-json\/wp\/v2\/comments?post=4909"}],"version-history":[{"count":0,"href":"https:\/\/quickguides.info\/tr\/wp-json\/wp\/v2\/pages\/4909\/revisions"}],"wp:attachment":[{"href":"https:\/\/quickguides.info\/tr\/wp-json\/wp\/v2\/media?parent=4909"}],"curies":[{"name":"wp","href":"https:\/\/api.w.org\/{rel}","templated":true}]}}