{"id":4771,"date":"2023-04-16T07:40:41","date_gmt":"2023-04-16T07:40:41","guid":{"rendered":"https:\/\/quickguides.info\/?post_type=product&#038;p=4771"},"modified":"2025-03-14T14:49:08","modified_gmt":"2025-03-14T14:49:08","slug":"anadolu-destani","status":"publish","type":"product","link":"https:\/\/quickguides.info\/tr\/urun\/anadolu-destani\/","title":{"rendered":"Anadolu Destan\u0131, T\u00fcrkiye\u2019nin K\u00fclt\u00fcrel Miras\u0131 ve Gezi Rehberi"},"content":{"rendered":"<div class=\"wpb-content-wrapper\"><p>[vc_row][vc_column][vc_column_text text_larger=&#8221;no&#8221;]<\/p>\n<h2>Anadolu Destan\u0131, T\u00fcrkiye\u2019nin K\u00fclt\u00fcrel Miras\u0131 ve Gezi Rehberi<\/h2>\n<h3>(2001, 2007, Temmuz 2022) \u015eerif Yenen<\/h3>\n<p>[\/vc_column_text][\/vc_column][\/vc_row][vc_row][vc_column width=&#8221;1\/2&#8243;][vc_column_text text_larger=&#8221;no&#8221;]768 sayfa<br \/>\n661 foto\u011fraf, 20 harita, 38 ill\u00fcstrasyon ve 65 tablo<br \/>\n<strong>Alfa Yay\u0131nlar\u0131<\/strong><br \/>\n<strong>Kapak:<\/strong> F\u00fcsun Turcan Elmaso\u011flu<br \/>\n<strong>\u0130ll\u00fcstrasyonlar ve Haritalar:<\/strong> Cemil Cahit Yavuz<br \/>\n<strong>Boyut:<\/strong> 19,5 cm x 25,5 cm (Ciltli: 20 cm x 26 cm)<br \/>\n<strong>Barkod:<\/strong> 9786254495960 (Ciltli: 9786254495977)<\/p>\n<p>\u015eerif Yenen Kimdir?<\/p>\n<p><strong>\u015eerif Yenen<\/strong>, 1989 y\u0131l\u0131ndan beri turizm sekt\u00f6r\u00fcnde aktif olarak rol al\u0131yor. <strong>Seyahat uzman\u0131<\/strong>, <strong>turist rehberi<\/strong>, <strong>uluslararas\u0131 konu\u015fmac\u0131<\/strong>, <strong>rehber kitaplar yazar\u0131<\/strong> ve <strong>turizm filmleri<\/strong> yap\u0131mc\u0131s\u0131 gibi bir\u00e7ok farkl\u0131 g\u00f6revi \u00fcstlenmi\u015ftir.<\/p>\n<p>&#8220;<strong>Turkish Odyssey<\/strong>&#8221; adl\u0131 eseri, T\u00fcrkiye&#8217;nin ilk \u0130ngilizce gezi rehberi olarak bilinir ve bu kitapla T\u00fcrkiye&#8217;nin zengin k\u00fclt\u00fcrel miras\u0131n\u0131 uluslararas\u0131 kitlelere aktar\u0131yor. \u015eerif Yenen, T\u00fcrkiye&#8217;nin tan\u0131t\u0131m\u0131na da b\u00fcy\u00fck katk\u0131da bulunmu\u015f, Bilgi \u00dcniversitesi ve Bo\u011fazi\u00e7i \u00dcniversitesi&#8217;nde part-time \u00f6\u011fretim g\u00f6revlisi olarak gen\u00e7 turizm profesyonellerine rehberlik etmi\u015ftir.<\/p>\n<p>Sadece T\u00fcrkiye&#8217;de de\u011fil, uluslararas\u0131 arenada da sayg\u0131n kurulu\u015flarda liderlik yapm\u0131\u015ft\u0131r. \u0130stanbul Rehberler Odas\u0131 ve T\u00fcrkiye Turist Rehberleri Birli\u011fi&#8217;nde 13 y\u0131l ba\u015fkanl\u0131k yapm\u0131\u015f ve iki d\u00f6nem D\u00fcnya Rehberler Birli\u011fi&#8217;nin y\u00f6netiminde g\u00f6rev alm\u0131\u015ft\u0131r. Yay\u0131nlar\u0131, akademik \u00e7evrelerde de\u011ferli kaynaklar olarak kabul g\u00f6rmekte, makale ve yaz\u0131lar\u0131 uluslararas\u0131 dergilerde ve ulusal gazetelerde d\u00fczenli olarak yay\u0131mlanmaktad\u0131r.<\/p>\n<p>&#8220;<strong>Anadolu Destan\u0131<\/strong>&#8221; isimli eseriyle, 30 y\u0131l\u0131 a\u015fk\u0131n rehberlik deneyimini kullanarak T\u00fcrkiye&#8217;nin k\u00fclt\u00fcrel miras\u0131n\u0131 hem kronolojik hem de b\u00f6lgesel olarak detayl\u0131ca sunuyor. Bu eser, zengin g\u00f6rsel materyallerle desteklenerek, okuyucuya T\u00fcrkiye&#8217;nin tarihi ve k\u00fclt\u00fcrel g\u00fczelliklerini kapsaml\u0131 bir \u015fekilde aktar\u0131yor.<\/p>\n<p>K\u0131sacas\u0131, \u015eerif Yenen&#8217;in uzun y\u0131llard\u0131r sekt\u00f6rde edindi\u011fi deneyim, bilgi birikimi ve \u00f6zg\u00fcven, onu T\u00fcrkiye&#8217;nin en kapsaml\u0131 gezi rehberlerinden birini yazmaya te\u015fvik etmi\u015ftir. Sahada binlerce insana rehberlik yapman\u0131n getirdi\u011fi bilgiyle, okuyucular\u0131na unutulmaz bir gezi deneyimi sunmaktad\u0131r. Onun bu tutkusu, T\u00fcrkiye turizminin d\u00fcnya genelinde tan\u0131t\u0131m\u0131na ilham kayna\u011f\u0131 olmaya devam\u00a0edecektir.[\/vc_column_text][\/vc_column][vc_column width=&#8221;1\/2&#8243;][vc_custom_heading text=&#8221;TRT &#8211; Hayat Sanat Program\u0131&#8221; font_container=&#8221;tag:h3|text_align:left&#8221; use_theme_fonts=&#8221;yes&#8221;][vc_video link=&#8221;https:\/\/www.youtube.com\/watch?v=_S04s5CclqY&#8221; align=&#8221;center&#8221; image_poster_switch=&#8221;no&#8221;][\/vc_column][\/vc_row][vc_row][vc_column][vc_custom_heading text=&#8221;Yorumlar&#8221; font_container=&#8221;tag:h3|text_align:left&#8221; use_theme_fonts=&#8221;yes&#8221;]\t\t\t<div id=\"wd-69e61ddb9ca14\" class=\"testimonials testimon-style-boxed color-scheme-  testimon-align-center  wd-carousel-container wd-carousel-dis-mb wd-off-md wd-off-sm\">\n\t\t\t\t\n\t\t\t\t\t\t\t\t\t<div class=\"wd-carousel-inner\">\n\t\t\t\t\t\t\t\t<div class=\" wd-carousel wd-grid\" data-speed=\"5000\" data-wrap=\"yes\" data-autoplay=\"yes\" data-scroll_per_page=\"yes\" style=\"--wd-col-lg:2;--wd-col-md:2;--wd-col-sm:1;--wd-gap-lg:30px;--wd-gap-sm:10px;\">\n\t\t\t\t\t\t\t\t\t\t\t<div class=\"wd-carousel-wrap\">\n\t\t\t\t\t\n\t\t\t\t\t\n<div class=\"testimonial  wd-carousel-item\">\n\t<div class=\"testimonial-inner\">\n\t\t\t\t\t<div class=\"testimonial-avatar\">\n\t\t\t\t<img loading=\"lazy\" decoding=\"async\" width=\"100\" height=\"100\" src=\"https:\/\/quickguides.info\/wp-content\/uploads\/2023\/04\/icon-512-100x100.png\" class=\"testimonial-avatar-image\" alt=\"\" title=\"\">\t\t\t<\/div>\n\t\t\n\t\t<div class=\"testimonial-content\">\n\t\t\t<div class=\"testimonial-rating\">\n\t\t\t\t<span class=\"star-rating\">\n\t\t\t\t\t<span style=\"width:100%\"><\/span>\n\t\t\t\t<\/span>\n\t\t\t<\/div>\n\n\t\t\tSak\u0131p Sabanc\u0131 M\u00fczesi&#8217;nde de yerimizi ald\u0131k.\n\t\t\t<footer>\n\t\t\t\t\n\t\t\t\t\t\t\t<\/footer>\n\t\t<\/div>\n\t<\/div>\n<\/div>\n<div class=\"testimonial  wd-carousel-item\">\n\t<div class=\"testimonial-inner\">\n\t\t\t\t\t<div class=\"testimonial-avatar\">\n\t\t\t\t<img loading=\"lazy\" decoding=\"async\" width=\"100\" height=\"100\" src=\"https:\/\/quickguides.info\/wp-content\/uploads\/2023\/04\/Gokhan-Demir-100x100.jpg\" class=\"testimonial-avatar-image\" alt=\"\" title=\"\">\t\t\t<\/div>\n\t\t\n\t\t<div class=\"testimonial-content\">\n\t\t\t<div class=\"testimonial-rating\">\n\t\t\t\t<span class=\"star-rating\">\n\t\t\t\t\t<span style=\"width:100%\"><\/span>\n\t\t\t\t<\/span>\n\t\t\t<\/div>\n\n\t\t\t\u0130lmek ilmek dokunmu\u015f, \u00f6m\u00fcrl\u00fck bir \u00e7aban\u0131n \u00fcr\u00fcn\u00fc.\n\t\t\t<footer>\n\t\t\t\tG\u00f6khan Demir\n\t\t\t\t\t\t\t<\/footer>\n\t\t<\/div>\n\t<\/div>\n<\/div>\n<div class=\"testimonial  wd-carousel-item\">\n\t<div class=\"testimonial-inner\">\n\t\t\t\t\t<div class=\"testimonial-avatar\">\n\t\t\t\t<img loading=\"lazy\" decoding=\"async\" width=\"100\" height=\"100\" src=\"https:\/\/quickguides.info\/wp-content\/uploads\/2023\/04\/Sedef-Kabas-100x100.jpg\" class=\"testimonial-avatar-image\" alt=\"\" title=\"\">\t\t\t<\/div>\n\t\t\n\t\t<div class=\"testimonial-content\">\n\t\t\t<div class=\"testimonial-rating\">\n\t\t\t\t<span class=\"star-rating\">\n\t\t\t\t\t<span style=\"width:100%\"><\/span>\n\t\t\t\t<\/span>\n\t\t\t<\/div>\n\n\t\t\tDuayen rehberlerden \u015eerif Yenen y\u0131llara dayanan tecr\u00fcbesi \u0131\u015f\u0131\u011f\u0131nda ANADOLU&#8217;nun tarihi, turistik ve k\u00fclt\u00fcrel zenginliklerini bu kaynak kitapta sunmu\u015f&#8230; Ke\u015ffedin derim.\n\t\t\t<footer>\n\t\t\t\tSedef Kaba\u015f\n\t\t\t\t\t\t\t<\/footer>\n\t\t<\/div>\n\t<\/div>\n<\/div>\n<div class=\"testimonial  wd-carousel-item\">\n\t<div class=\"testimonial-inner\">\n\t\t\t\t\t<div class=\"testimonial-avatar\">\n\t\t\t\t<img loading=\"lazy\" decoding=\"async\" width=\"100\" height=\"100\" src=\"https:\/\/quickguides.info\/wp-content\/uploads\/2023\/04\/Ugur-Bilgin-100x100.jpg\" class=\"testimonial-avatar-image\" alt=\"\" title=\"\">\t\t\t<\/div>\n\t\t\n\t\t<div class=\"testimonial-content\">\n\t\t\t<div class=\"testimonial-rating\">\n\t\t\t\t<span class=\"star-rating\">\n\t\t\t\t\t<span style=\"width:100%\"><\/span>\n\t\t\t\t<\/span>\n\t\t\t<\/div>\n\n\t\t\tHocam\u0131z\u0131n son kitab\u0131 \u00e7\u0131kt\u0131, okuyan\u0131 bol olsun.\n\t\t\t<footer>\n\t\t\t\tU\u011fur Bilgin\n\t\t\t\t\t\t\t<\/footer>\n\t\t<\/div>\n\t<\/div>\n<\/div>\n<div class=\"testimonial  wd-carousel-item\">\n\t<div class=\"testimonial-inner\">\n\t\t\t\t\t<div class=\"testimonial-avatar\">\n\t\t\t\t<img loading=\"lazy\" decoding=\"async\" width=\"100\" height=\"100\" src=\"https:\/\/quickguides.info\/wp-content\/uploads\/2023\/04\/Muberra-Eresin-100x100.jpg\" class=\"testimonial-avatar-image\" alt=\"\" title=\"\">\t\t\t<\/div>\n\t\t\n\t\t<div class=\"testimonial-content\">\n\t\t\t<div class=\"testimonial-rating\">\n\t\t\t\t<span class=\"star-rating\">\n\t\t\t\t\t<span style=\"width:100%\"><\/span>\n\t\t\t\t<\/span>\n\t\t\t<\/div>\n\n\t\t\tK\u00fct\u00fcphanenizde olmas\u0131 gereken \u00e7ok \u00f6zel bir kitap. Te\u015fekk\u00fcrler, Eme\u011finize sa\u011fl\u0131k.\n\t\t\t<footer>\n\t\t\t\tM\u00fcberra Eresin\n\t\t\t\t\t\t\t<\/footer>\n\t\t<\/div>\n\t<\/div>\n<\/div>\n<div class=\"testimonial  wd-carousel-item\">\n\t<div class=\"testimonial-inner\">\n\t\t\t\t\t<div class=\"testimonial-avatar\">\n\t\t\t\t<img loading=\"lazy\" decoding=\"async\" width=\"100\" height=\"100\" src=\"https:\/\/quickguides.info\/wp-content\/uploads\/2023\/04\/Alp-Alper-100x100.jpg\" class=\"testimonial-avatar-image\" alt=\"\" title=\"\">\t\t\t<\/div>\n\t\t\n\t\t<div class=\"testimonial-content\">\n\t\t\t<div class=\"testimonial-rating\">\n\t\t\t\t<span class=\"star-rating\">\n\t\t\t\t\t<span style=\"width:100%\"><\/span>\n\t\t\t\t<\/span>\n\t\t\t<\/div>\n\n\t\t\t\u015eerif Yenen hocam\u0131n yenilenen &#8220;Anadolu Destan\u0131&#8221; kitab\u0131m da geldi. \u015eerif hocam \u00e7ok g\u00fczel bir dille anlatm\u0131\u015f. Elinize y\u00fcre\u011finize sa\u011fl\u0131k hocam.\n\t\t\t<footer>\n\t\t\t\tAlp Alper\n\t\t\t\t\t\t\t<\/footer>\n\t\t<\/div>\n\t<\/div>\n<\/div>\n<div class=\"testimonial  wd-carousel-item\">\n\t<div class=\"testimonial-inner\">\n\t\t\t\t\t<div class=\"testimonial-avatar\">\n\t\t\t\t<img loading=\"lazy\" decoding=\"async\" width=\"100\" height=\"100\" src=\"https:\/\/quickguides.info\/wp-content\/uploads\/2023\/04\/Gila-Benmayor-100x100.jpg\" class=\"testimonial-avatar-image\" alt=\"\" title=\"\">\t\t\t<\/div>\n\t\t\n\t\t<div class=\"testimonial-content\">\n\t\t\t<div class=\"testimonial-rating\">\n\t\t\t\t<span class=\"star-rating\">\n\t\t\t\t\t<span style=\"width:100%\"><\/span>\n\t\t\t\t<\/span>\n\t\t\t<\/div>\n\n\t\t\tKalemine sa\u011fl\u0131k! K\u00fclt\u00fcrel miras merakl\u0131lar\u0131 i\u00e7in harika bir derleme.\n\t\t\t<footer>\n\t\t\t\tGila Benmayor\n\t\t\t\t\t\t\t<\/footer>\n\t\t<\/div>\n\t<\/div>\n<\/div>\n\t\t\t\t\t\t\t\t\t\t\t<\/div>\n\t\t\t\t\t\t\t\t\t<\/div>\n\n\t\t\t\t\t\t\t\t\t\t\t\t\t\t\t\t\t<div class=\"wd-nav-arrows wd-pos-sep wd-hover-1 wd-icon-1\">\n\t\t\t<div class=\"wd-btn-arrow wd-prev wd-disabled\">\n\t\t\t\t<div class=\"wd-arrow-inner\"><\/div>\n\t\t\t<\/div>\n\t\t\t<div class=\"wd-btn-arrow wd-next\">\n\t\t\t\t<div class=\"wd-arrow-inner\"><\/div>\n\t\t\t<\/div>\n\t\t<\/div>\n\t\t\t\t\t\t\t\n\t\t\t\t\t<\/div>\n\n\t\t\t\t\t\t\t<div class=\"wd-nav-pagin-wrap text-center wd-style-shape wd-hide-md-sm wd-hide-sm\">\n\t\t\t<ul class=\"wd-nav-pagin\"><\/ul>\n\t\t<\/div>\n\t\t\t\t\t\t\t\t\t\t\t\t\t\t<\/div>\n\t\t[\/vc_column][\/vc_row][vc_row][vc_column][vc_custom_heading text=&#8221;Kitab\u0131 Ke\u015ffet&#8221; font_container=&#8221;tag:h3|text_align:left&#8221; use_theme_fonts=&#8221;yes&#8221;][vc_column_text text_larger=&#8221;no&#8221;]<div class=\"_df_book df-container df-loading \" id=\"df_5071\"  title=\"anadolu-destani\" _slug=\"anadolu-destani\" wpoptions=\"true\" thumbtype=\"bg\" ><\/div><script data-cfasync=\"false\">var option_df_5071 = {\"outline\":[],\"forceFit\":\"true\",\"autoEnableOutline\":\"false\",\"autoEnableThumbnail\":\"false\",\"overwritePDFOutline\":\"false\",\"direction\":\"1\",\"pageSize\":\"0\",\"source\":\"https:\\\/\\\/quickguides.info\\\/wp-content\\\/uploads\\\/2023\\\/07\\\/anadolu-destani.pdf\",\"wpOptions\":\"true\"}; if(window.DFLIP && DFLIP.parseBooks){DFLIP.parseBooks();}<\/script>[\/vc_column_text][\/vc_column][\/vc_row]<\/p>\n<\/div>","protected":false},"excerpt":{"rendered":"<h2>Ad\u0131n\u0131za \u0130mzal\u0131 \u00d6zel Versiyon<\/h2>\n<p>\u015eerif Yenen &#8211; Anadolu Destan\u0131, T\u00fcrkiye&#8217;nin K\u00fclt\u00fcrel Miras\u0131 ve Gezi Rehberi<\/p>\n","protected":false},"featured_media":5201,"template":"","meta":[],"product_brand":[215],"product_cat":[204],"product_tag":[196,198,195,197],"class_list":{"0":"post-4771","1":"product","2":"type-product","3":"status-publish","4":"has-post-thumbnail","6":"product_brand-serif-yenen","7":"product_cat-rehber-kitaplar","8":"product_tag-anadolu-destani","9":"product_tag-gezi-rehberi","10":"product_tag-serif-yenen","11":"product_tag-turkish-odyssey","12":"product_shipping_class-gonderim-ucreti","14":"first","15":"outofstock","16":"featured","17":"taxable","18":"shipping-taxable","19":"purchasable","20":"product-type-simple"},"_links":{"self":[{"href":"https:\/\/quickguides.info\/tr\/wp-json\/wp\/v2\/product\/4771","targetHints":{"allow":["GET"]}}],"collection":[{"href":"https:\/\/quickguides.info\/tr\/wp-json\/wp\/v2\/product"}],"about":[{"href":"https:\/\/quickguides.info\/tr\/wp-json\/wp\/v2\/types\/product"}],"wp:featuredmedia":[{"embeddable":true,"href":"https:\/\/quickguides.info\/tr\/wp-json\/wp\/v2\/media\/5201"}],"wp:attachment":[{"href":"https:\/\/quickguides.info\/tr\/wp-json\/wp\/v2\/media?parent=4771"}],"wp:term":[{"taxonomy":"product_brand","embeddable":true,"href":"https:\/\/quickguides.info\/tr\/wp-json\/wp\/v2\/product_brand?post=4771"},{"taxonomy":"product_cat","embeddable":true,"href":"https:\/\/quickguides.info\/tr\/wp-json\/wp\/v2\/product_cat?post=4771"},{"taxonomy":"product_tag","embeddable":true,"href":"https:\/\/quickguides.info\/tr\/wp-json\/wp\/v2\/product_tag?post=4771"}],"curies":[{"name":"wp","href":"https:\/\/api.w.org\/{rel}","templated":true}]}}