{"id":5404,"date":"2024-03-06T18:42:32","date_gmt":"2024-03-06T18:42:32","guid":{"rendered":"https:\/\/quickguides.info\/?post_type=product&#038;p=5404"},"modified":"2025-05-30T16:13:16","modified_gmt":"2025-05-30T16:13:16","slug":"in-turchia-italyanca","status":"publish","type":"product","link":"https:\/\/quickguides.info\/tr\/urun\/in-turchia-italyanca\/","title":{"rendered":"In Turchia (\u0130talyanca)"},"content":{"rendered":"<h2 data-sourcepos=\"1:1-1:45\">T\u00fcrkiye&#8217;de, Anadolu K\u00fclt\u00fcr\u00fcne Bir Yolculuk<\/h2>\n<p data-sourcepos=\"3:1-3:18\"><strong>Kitap Tan\u0131t\u0131m:<\/strong><\/p>\n<p data-sourcepos=\"5:1-5:353\">\u015eerif Yenen&#8217;in orijinal \u0130ngilizce bask\u0131s\u0131 &#8220;Turkish Odyssey: T\u00fcrkiye&#8217;ye K\u00fclt\u00fcrel Rehber&#8221; kitab\u0131n\u0131n \u0130talyancaya \u00e7evrilmi\u015f versiyonu olan &#8220;T\u00fcrkiye&#8217;de, Anadolu K\u00fclt\u00fcr\u00fcne Bir Yolculuk&#8221; 2001 y\u0131l\u0131nda Meander Yay\u0131nlar\u0131 taraf\u0131ndan bas\u0131lm\u0131\u015ft\u0131r. Kitap, T\u00fcrkiye&#8217;nin k\u00fclt\u00fcr\u00fcn\u00fc ve tarihini zengin bir i\u00e7erikle sunarak, Anadolu&#8217;ya k\u00fclt\u00fcrel bir yolculuk imkan\u0131 veriyor.<\/p>\n<p data-sourcepos=\"7:1-7:20\"><strong>Kitap Bilgileri:<\/strong><\/p>\n<ul data-sourcepos=\"9:1-20:239\">\n<li data-sourcepos=\"9:1-9:56\"><strong>Ba\u015fl\u0131k:<\/strong>\u00a0T\u00fcrkiye&#8217;de, Anadolu K\u00fclt\u00fcr\u00fcne Bir Yolculuk<\/li>\n<li data-sourcepos=\"10:1-10:24\"><strong>Yazar:<\/strong>\u00a0\u015eerif Yenen<\/li>\n<li data-sourcepos=\"11:1-11:28\"><strong>\u00c7eviren:<\/strong>\u00a0R. Tunc Ozben<\/li>\n<li data-sourcepos=\"12:1-12:24\"><strong>Yay\u0131n Tarihi:<\/strong>\u00a02001<\/li>\n<li data-sourcepos=\"14:1-14:38\"><strong>Sayfa Say\u0131s\u0131:<\/strong>\u00a0560 sayfa (Ciltli)<\/li>\n<li data-sourcepos=\"15:1-15:94\"><strong>\u0130\u00e7erik:<\/strong>\u00a0250&#8217;den fazla renkli foto\u011fraf, harita, plan, 3 boyutlu rekonstr\u00fcksiyon \u00e7izimleri<\/li>\n<li data-sourcepos=\"16:1-16:32\"><strong>Yay\u0131nc\u0131:<\/strong>\u00a0Meander Yay\u0131nlar\u0131<\/li>\n<li data-sourcepos=\"17:1-17:44\"><strong>\u00d6l\u00e7\u00fcler:<\/strong>\u00a021.50 cm x 15.00 cm x 2.40 cm<\/li>\n<li data-sourcepos=\"18:1-18:23\"><strong>A\u011f\u0131rl\u0131k:<\/strong>\u00a0830 gram<\/li>\n<li data-sourcepos=\"19:1-19:25\"><strong>ISBN:<\/strong>\u00a0975-96953-1-6<\/li>\n<li data-sourcepos=\"20:1-20:239\"><strong>\u00d6zel Sat\u0131\u015f:<\/strong>\u00a0Kitap, 100 ve \u00fczeri adetlik toplu al\u0131mlarda promosyon veya hediyelik olarak \u00f6zel indirimlerle sat\u0131lmaktad\u0131r. Ki\u015fiye \u00f6zel kapak, al\u0131nt\u0131 b\u00f6l\u00fcmler ve kurumsal bask\u0131lar gibi \u00f6zel ihtiya\u00e7lar i\u00e7in \u00f6zel bask\u0131lar olu\u015fturulabilir.<\/li>\n<\/ul>\n<h2><\/h2>\n<h2>In Turchia, Un Viaggio nella Cultura Anatolica<\/h2>\n<p><img loading=\"lazy\" decoding=\"async\" class=\" wd-lazy-fade alignright wp-image-562 size-full\" src=\"https:\/\/quickguides.info\/wp-content\/themes\/woodmart\/images\/lazy.svg\" data-src=\"https:\/\/serifyenen.com\/wp-content\/uploads\/2014\/09\/inturchia_italian.jpg\" sizes=\"auto, (max-width: 148px) 100vw, 148px\" srcset=\"\" data-srcset=\"\/\/serifyenen.com\/wp-content\/uploads\/2014\/09\/inturchia_italian.jpg 148w, \/\/serifyenen.com\/wp-content\/uploads\/2014\/09\/inturchia_italian-100x100.jpg 100w\" alt=\"In Turchia\" width=\"148\" height=\"148\" title=\"\"><\/p>\n<p>( 2001 ) by Serif Yenen<br \/>\nTranslated by R. Tunc Ozben<\/p>\n<p>Softcover with 560 pages<br \/>\nMore than 250 full-color photographs, maps, plans, 3D reconstruction drawings<br \/>\nPublished by Meander Publishing in 2001<br \/>\nDimensions (in centimeters) 21.50 x 15.00 x 2.40<br \/>\nWeight 830 grams \/ 1.83 pounds<br \/>\nISBN 975-96953-1-6<br \/>\nSpecial Sales<br \/>\n\u201cBook\u201d is available at special discount for bulk purchases (100 copies or more) for promotions or premiums. Special editions, including personalized covers, excerpts, and corparate imprints, can be created for special needs.<\/p>\n","protected":false},"excerpt":{"rendered":"<p>T\u00fcrkiye&#8217;de, Anadolu K\u00fclt\u00fcr\u00fcne Bir Yolculuk Kitap Tan\u0131t\u0131m: \u015eerif Yenen&#8217;in orijinal \u0130ngilizce bask\u0131s\u0131 &#8220;Turkish Odyssey: T\u00fcrkiye&#8217;ye K\u00fclt\u00fcrel Rehber&#8221; kitab\u0131n\u0131n \u0130talyancaya \u00e7evrilmi\u015f<\/p>\n","protected":false},"featured_media":4529,"template":"","meta":[],"product_brand":[224],"product_cat":[204],"product_tag":[],"class_list":{"0":"post-5404","1":"product","2":"type-product","3":"status-publish","4":"has-post-thumbnail","6":"product_brand-serif-yenen-tr","7":"product_cat-rehber-kitaplar","8":"product_shipping_class-gonderim-ucreti","10":"first","11":"outofstock","12":"taxable","13":"shipping-taxable","14":"purchasable","15":"product-type-simple"},"_links":{"self":[{"href":"https:\/\/quickguides.info\/tr\/wp-json\/wp\/v2\/product\/5404","targetHints":{"allow":["GET"]}}],"collection":[{"href":"https:\/\/quickguides.info\/tr\/wp-json\/wp\/v2\/product"}],"about":[{"href":"https:\/\/quickguides.info\/tr\/wp-json\/wp\/v2\/types\/product"}],"wp:featuredmedia":[{"embeddable":true,"href":"https:\/\/quickguides.info\/tr\/wp-json\/wp\/v2\/media\/4529"}],"wp:attachment":[{"href":"https:\/\/quickguides.info\/tr\/wp-json\/wp\/v2\/media?parent=5404"}],"wp:term":[{"taxonomy":"product_brand","embeddable":true,"href":"https:\/\/quickguides.info\/tr\/wp-json\/wp\/v2\/product_brand?post=5404"},{"taxonomy":"product_cat","embeddable":true,"href":"https:\/\/quickguides.info\/tr\/wp-json\/wp\/v2\/product_cat?post=5404"},{"taxonomy":"product_tag","embeddable":true,"href":"https:\/\/quickguides.info\/tr\/wp-json\/wp\/v2\/product_tag?post=5404"}],"curies":[{"name":"wp","href":"https:\/\/api.w.org\/{rel}","templated":true}]}}