{"id":5621,"date":"2025-01-19T14:31:06","date_gmt":"2025-01-19T14:31:06","guid":{"rendered":"https:\/\/quickguides.info\/urun\/quick-guide-istanbul\/"},"modified":"2025-02-04T18:24:08","modified_gmt":"2025-02-04T18:24:08","slug":"quick-guide-istanbul","status":"publish","type":"product","link":"https:\/\/quickguides.info\/tr\/urun\/quick-guide-istanbul\/","title":{"rendered":"Quick Guide Istanbul"},"content":{"rendered":"<div class=\"wpb-content-wrapper\"><p>[vc_row][vc_column width=&#8221;2\/3&#8243;][vc_column_text]Serif Yenen&#8217;in ikinci rehber kitab\u0131 olan Quick Guide Istanbul, cebe s\u0131\u011fabilecek boyutta haritalar, ill\u00fcstrasyonlar, foto\u011fraflar ve bir\u00e7ok pratik bilgi i\u00e7erir. \u0130stanbul 2010 K\u00fclt\u00fcr Ba\u015fkenti, T\u00fcrk Hava Yollar\u0131, toplant\u0131lar, kongreler ve bir\u00e7ok seyahat acentesi i\u00e7in \u00f6zel bask\u0131lar yap\u0131lm\u0131\u015f ve yay\u0131mlanm\u0131\u015ft\u0131r.<\/p>\n<p>Quick Guide Istanbul<br \/>\nISBN 978-975-94638-8-5<\/p>\n<p>Price: US $14.95[\/vc_column_text][\/vc_column][vc_column width=&#8221;1\/3&#8243;][vc_column_text css=&#8221;&#8221; woodmart_inline=&#8221;no&#8221; text_larger=&#8221;no&#8221;]<div class=\"_df_thumb \" id=\"df_5833\"  title=\"qg-istanbul\" _slug=\"qg-istanbul-2\" wpoptions=\"true\" thumb=\"https:\/\/quickguides.info\/wp-content\/uploads\/2020\/11\/qg-istanbul-2013-01.jpg\" thumbtype=\"bg\" >QG Istanbul<\/div><script data-cfasync=\"false\">var option_df_5833 = {\"outline\":[],\"forceFit\":\"true\",\"autoEnableOutline\":\"false\",\"autoEnableThumbnail\":\"false\",\"overwritePDFOutline\":\"false\",\"direction\":\"1\",\"pageSize\":\"0\",\"source\":\"https:\\\/\\\/quickguides.info\\\/wp-content\\\/uploads\\\/2025\\\/01\\\/Istanbul-Kitap_2013-dragged.pdf\",\"wpOptions\":\"true\"}; if(window.DFLIP && DFLIP.parseBooks){DFLIP.parseBooks();}<\/script>[\/vc_column_text][\/vc_column][\/vc_row]<\/p>\n<\/div>","protected":false},"excerpt":{"rendered":"<p>Serif Yenen&#8217;in ikinci rehber kitab\u0131 olan Quick Guide Istanbul, cebe s\u0131\u011fabilecek boyutta haritalar, ill\u00fcstrasyonlar, foto\u011fraflar ve bir\u00e7ok pratik bilgi i\u00e7erir. \u0130stanbul 2010 K\u00fclt\u00fcr Ba\u015fkenti, T\u00fcrk Hava Yollar\u0131, toplant\u0131lar, kongreler ve bir\u00e7ok seyahat acentesi i\u00e7in \u00f6zel bask\u0131lar yap\u0131lm\u0131\u015f ve yay\u0131mlanm\u0131\u015ft\u0131r.<\/p>\n","protected":false},"featured_media":4551,"template":"","meta":[],"product_brand":[215],"product_cat":[204],"product_tag":[],"class_list":{"0":"post-5621","1":"product","2":"type-product","3":"status-publish","4":"has-post-thumbnail","6":"product_brand-serif-yenen","7":"product_cat-rehber-kitaplar","8":"product_shipping_class-gonderim-ucreti","10":"first","11":"outofstock","12":"taxable","13":"shipping-taxable","14":"purchasable","15":"product-type-simple"},"_links":{"self":[{"href":"https:\/\/quickguides.info\/tr\/wp-json\/wp\/v2\/product\/5621","targetHints":{"allow":["GET"]}}],"collection":[{"href":"https:\/\/quickguides.info\/tr\/wp-json\/wp\/v2\/product"}],"about":[{"href":"https:\/\/quickguides.info\/tr\/wp-json\/wp\/v2\/types\/product"}],"wp:featuredmedia":[{"embeddable":true,"href":"https:\/\/quickguides.info\/tr\/wp-json\/wp\/v2\/media\/4551"}],"wp:attachment":[{"href":"https:\/\/quickguides.info\/tr\/wp-json\/wp\/v2\/media?parent=5621"}],"wp:term":[{"taxonomy":"product_brand","embeddable":true,"href":"https:\/\/quickguides.info\/tr\/wp-json\/wp\/v2\/product_brand?post=5621"},{"taxonomy":"product_cat","embeddable":true,"href":"https:\/\/quickguides.info\/tr\/wp-json\/wp\/v2\/product_cat?post=5621"},{"taxonomy":"product_tag","embeddable":true,"href":"https:\/\/quickguides.info\/tr\/wp-json\/wp\/v2\/product_tag?post=5621"}],"curies":[{"name":"wp","href":"https:\/\/api.w.org\/{rel}","templated":true}]}}