{"id":5640,"date":"2025-01-19T19:21:11","date_gmt":"2025-01-19T19:21:11","guid":{"rendered":"https:\/\/quickguides.info\/urun\/ayasofya-mosque\/"},"modified":"2025-08-03T09:03:05","modified_gmt":"2025-08-03T09:03:05","slug":"ayasofya-mosque","status":"publish","type":"product","link":"https:\/\/quickguides.info\/tr\/urun\/ayasofya-mosque\/","title":{"rendered":"Ayasofya Camii"},"content":{"rendered":"<div class=\"wpb-content-wrapper\"><p>[vc_row][vc_column width=&#8221;2\/3&#8243;][vc_column_text]Ayasofya Camii (Hagia Sophia) \u0130stanbul<\/p>\n<p>Kullan\u0131c\u0131 dostu, resimli ve planl\u0131 bilgilendirici bir bro\u015f\u00fcr. \u0130\u00e7eri\u011fi olduk\u00e7a anla\u015f\u0131l\u0131r \u015fekilde haz\u0131rlanm\u0131\u015ft\u0131r. Bu bro\u015f\u00fcr, Ayasofya&#8217;n\u0131n m\u00fcze olarak kullan\u0131ld\u0131\u011f\u0131 d\u00f6nemde haz\u0131rlanm\u0131\u015ft\u0131r. \u0130stanbul, T\u00fcrkiye&#8217;deki Ayasofya Kilisesi (St. Sophia Kilisesi &#8211; Ayasofya Camii-M\u00fczesi) hakk\u0131nda genel bilgilerin yan\u0131 s\u0131ra, kilise-cami i\u00e7inde ve \u00e7evresindeki \u00f6nemli an\u0131tlar\u0131n foto\u011fraflar\u0131n\u0131 da i\u00e7ermektedir. \u00c7evre alanlar\u0131n genel plan\u0131, okuyucunun Sultanahmet b\u00f6lgesine y\u00f6nelik bir oryantasyon sa\u011flamas\u0131na yard\u0131mc\u0131 olacakt\u0131r.<\/p>\n<p>Hagia Sophia QG<br \/>\nISBN: 978-605-60629-1-9<br \/>\n\u0130ngilizce, T\u00fcrk\u00e7e, Almanca, Frans\u0131zca, \u0130spanyolca, \u0130talyanca, Portekizce, Yunanca, Rus\u00e7a ve Japonca olarak mevcuttur.<\/p>\n<p>Fiyat: 3.00 USD<\/p>\n<p>8 sayfal\u0131k katlanabilir bro\u015f\u00fcr<br \/>\nTam renkli foto\u011fraflar, haritalar, planlar, ill\u00fcstrasyonlar ve 3D rekonstr\u00fcksiyon \u00e7izimleri<br \/>\nSerif Yenen taraf\u0131ndan 2009 &#8211; 2011 y\u0131llar\u0131 aras\u0131nda yay\u0131mlanm\u0131\u015ft\u0131r.<br \/>\nBoyutlar (in\u00e7 olarak) 8.66 x 6.30 (santimetre olarak) 22.00 x 16.00<\/p>\n<p>\u00d6zel Sat\u0131\u015flar<br \/>\n&#8220;Quick Guides&#8221; toplu al\u0131mlar i\u00e7in \u00f6zel indirimlerle sunulmaktad\u0131r. \u00d6zel ihtiya\u00e7lar i\u00e7in ki\u015fiselle\u015ftirilmi\u015f kapaklar, al\u0131nt\u0131lar ve kurumsal bask\u0131lar i\u00e7eren \u00f6zel bask\u0131lar olu\u015fturulabilir.[\/vc_column_text][\/vc_column][vc_column width=&#8221;1\/3&#8243;][vc_column_text css=&#8221;&#8221; woodmart_inline=&#8221;no&#8221; text_larger=&#8221;no&#8221;]<div class=\"_df_thumb \" id=\"df_2868\"  title=\"ayasofya-turkce\" _slug=\"ayasofya-tur\" wpoptions=\"true\" thumb=\"https:\/\/quickguides.info\/wp-content\/uploads\/2020\/07\/Ayasofya-TUR.jpg\" thumbtype=\"bg\" >Ayasofya T\u00fcrk\u00e7e<\/div><script data-cfasync=\"false\">var option_df_2868 = {\"outline\":[],\"forceFit\":\"true\",\"autoEnableOutline\":\"false\",\"autoEnableThumbnail\":\"false\",\"overwritePDFOutline\":\"false\",\"direction\":\"1\",\"pageSize\":\"0\",\"source\":\"https:\\\/\\\/quickguides.info\\\/wp-content\\\/uploads\\\/2020\\\/07\\\/Ayasofya-webkitap-TR.pdf\",\"wpOptions\":\"true\"}; if(window.DFLIP && DFLIP.parseBooks){DFLIP.parseBooks();}<\/script><br \/>\n<div class=\"_df_button \" id=\"df_2868\"  title=\"ayasofya-turkce\" _slug=\"ayasofya-tur\" wpoptions=\"true\" thumb=\"https:\/\/quickguides.info\/wp-content\/uploads\/2020\/07\/Ayasofya-TUR.jpg\" thumbtype=\"bg\" >Ayasofya T\u00fcrk\u00e7e<\/div><script data-cfasync=\"false\">var option_df_2868 = {\"outline\":[],\"forceFit\":\"true\",\"autoEnableOutline\":\"false\",\"autoEnableThumbnail\":\"false\",\"overwritePDFOutline\":\"false\",\"direction\":\"1\",\"pageSize\":\"0\",\"source\":\"https:\\\/\\\/quickguides.info\\\/wp-content\\\/uploads\\\/2020\\\/07\\\/Ayasofya-webkitap-TR.pdf\",\"wpOptions\":\"true\"}; if(window.DFLIP && DFLIP.parseBooks){DFLIP.parseBooks();}<\/script>             <div class=\"std-popup-outerwrap std-popup-hagia_sophia_turkce\">\n            <input type=\"button\" class=\"std-popup-trigger std-popup-template-10\" value=\"Download\">\n            <div class=\"std-popup-innerwrap\" style=\"display:none;\">\n                <div class=\"std-overlay std-popup-wrapper\">\n\n                    <div class=\"std-popup-contetn-wrap\">\n                        <a href=\"javascript:void(0)\" class=\"std-popup-close\"><i class=\"fas fa-times\"><\/i><\/a>\n                            <div class=\"std-form-wrap std-template-10 std-hagia_sophia_turkce\">\n    <form method=\"post\" action=\"\" class=\"std-subscription-form\" data-form-alias=\"hagia_sophia_turkce\">\n\n        \n<div class=\"std-form-content-wrap\">\n    <div class=\"std-icon-holder\">\n                <img decoding=\"async\" src=\"https:\/\/quickguides.info\/wp-content\/plugins\/subscribe-to-download\/images\/template-10-icon.png\" title=\"\">\n    <\/div>\n\n            <h2 class=\"std-heading-text\">Subscribe to Download<\/h2>\n                    <p class=\"std-heading-text std-heading-paragraph\">Subscribe to our mailing list to receive Pamplet for free.<\/p>\n            <div class=\"both-fields-wrap\">\n                    <div class=\"std-field-wrap name-field\">\n                <label for=\"std_name\" class=\"sr-only std-hidden-item\">Your Name<\/label>\n                <input type=\"text\" name=\"std_name\" class=\"std-name\" placeholder=\"Your Name\"\/>\n            <\/div>\n                    <!--Email Field-->\n        <div class=\"std-field-wrap\">\n            <label for=\"std_email\" class=\"sr-only std-hidden-item\">Your Email<\/label>\n            <input type=\"email\" name=\"std_email\" class=\"std-email\" placeholder=\"Your Email\"\/>\n        <\/div>\n        <!-- Email Field-->\n\n\n\n    <\/div>\n            <div class=\"std-field-wrap std-terms-agreement-wrap std-check-box-text\">\n            <label>\n                <input type=\"checkbox\" name=\"std_terms_agreement\" class=\"std-terms-agreement\"\/>\n                <span class=\"std-term-text\">I agree with the terms and agreement.<\/span>\n            <\/label>\n        <\/div>\n            \n    <!-- Subscribe Button-->\n    <div class=\"std-field-wrap std-submit-btn-wrap\">\n        <button type=\"submit\" name=\"std_form_submit\" class=\"std-form-submit\" value=\"Download\"><i class=\"fas fa-paper-plane\"><\/i><\/button>\n\n    <\/div>\n\n\n\n\n    \n    <span class=\"std-form-loader-wraper\">\n        <div class=\"std-form-loader std-form-loader-1\">Loading...<\/div>\n    <\/span>\n    <div class=\"std-form-message\"><\/div>\n\n<\/div>\n    <\/form>\n<\/div>                    <\/div>\n                <\/div>\n            <\/div>\n        <\/div>\n        [\/vc_column_text][\/vc_column][\/vc_row]<\/p>\n<\/div>","protected":false},"excerpt":{"rendered":"<p>[vc_row][vc_column width=&#8221;2\/3&#8243;][vc_column_text]Ayasofya Camii (Hagia Sophia) \u0130stanbul Kullan\u0131c\u0131 dostu, resimli ve planl\u0131 bilgilendirici bir bro\u015f\u00fcr. \u0130\u00e7eri\u011fi olduk\u00e7a anla\u015f\u0131l\u0131r \u015fekilde haz\u0131rlanm\u0131\u015ft\u0131r. Bu<\/p>\n","protected":false},"featured_media":4389,"template":"","meta":[],"product_brand":[215],"product_cat":[206],"product_tag":[209],"class_list":{"0":"post-5640","1":"product","2":"type-product","3":"status-publish","4":"has-post-thumbnail","6":"product_brand-serif-yenen","7":"product_cat-brosurler","8":"product_tag-istanbul-series","9":"product_shipping_class-gonderim-ucreti","11":"first","12":"instock","13":"taxable","14":"shipping-taxable","15":"purchasable","16":"product-type-variable","17":"has-default-attributes"},"_links":{"self":[{"href":"https:\/\/quickguides.info\/tr\/wp-json\/wp\/v2\/product\/5640","targetHints":{"allow":["GET"]}}],"collection":[{"href":"https:\/\/quickguides.info\/tr\/wp-json\/wp\/v2\/product"}],"about":[{"href":"https:\/\/quickguides.info\/tr\/wp-json\/wp\/v2\/types\/product"}],"wp:featuredmedia":[{"embeddable":true,"href":"https:\/\/quickguides.info\/tr\/wp-json\/wp\/v2\/media\/4389"}],"wp:attachment":[{"href":"https:\/\/quickguides.info\/tr\/wp-json\/wp\/v2\/media?parent=5640"}],"wp:term":[{"taxonomy":"product_brand","embeddable":true,"href":"https:\/\/quickguides.info\/tr\/wp-json\/wp\/v2\/product_brand?post=5640"},{"taxonomy":"product_cat","embeddable":true,"href":"https:\/\/quickguides.info\/tr\/wp-json\/wp\/v2\/product_cat?post=5640"},{"taxonomy":"product_tag","embeddable":true,"href":"https:\/\/quickguides.info\/tr\/wp-json\/wp\/v2\/product_tag?post=5640"}],"curies":[{"name":"wp","href":"https:\/\/api.w.org\/{rel}","templated":true}]}}