{"id":5674,"date":"2025-01-19T21:19:19","date_gmt":"2025-01-19T21:19:19","guid":{"rendered":"https:\/\/quickguides.info\/urun\/kariye-mosque-chora\/"},"modified":"2025-08-03T09:00:58","modified_gmt":"2025-08-03T09:00:58","slug":"kariye-muzesi","status":"publish","type":"product","link":"https:\/\/quickguides.info\/tr\/urun\/kariye-muzesi\/","title":{"rendered":"Kariye M\u00fczesi"},"content":{"rendered":"<div class=\"wpb-content-wrapper\"><p>[vc_row][vc_column width=&#8221;2\/3&#8243;][vc_column_text css=&#8221;&#8221; woodmart_inline=&#8221;no&#8221; text_larger=&#8221;no&#8221;]<\/p>\n<h1>Kariye Camii (Chora Manast\u0131r\u0131 &#8211; Chora&#8217;daki Hz. \u0130sa Kilisesi)<\/h1>\n<p>Kullan\u0131c\u0131 dostu ve bilgilendirici, resim ve planlarla zenginle\u015ftirilmi\u015f bir bro\u015f\u00fcr. \u0130\u00e7eri\u011fi son derece anla\u015f\u0131l\u0131r. Kariye&#8217;nin m\u00fcze oldu\u011fu d\u00f6nemde haz\u0131rlanm\u0131\u015ft\u0131r. \u0130stanbul, T\u00fcrkiye&#8217;deki Kariye Manast\u0131r\u0131 (Kariye M\u00fczesi) Chora&#8217;daki Hz. \u0130sa Kilisesi hakk\u0131nda genel bilgilerin yan\u0131 s\u0131ra, kronolojik s\u0131rayla t\u00fcm \u00f6nemli mozaik panellerin ve fresklerin foto\u011fraflar\u0131n\u0131 g\u00f6stermektedir. Her sahne k\u0131saca tan\u0131mlanm\u0131\u015ft\u0131r. Bizans d\u00f6nemi Konstantinopolis&#8217;te in\u015fa edilmi\u015ftir.<\/p>\n<h2>Quick Guide Chora Church<\/h2>\n<p>ISBN: 978-605-88321-3-8<br \/>\n\u0130ngilizce, T\u00fcrk\u00e7e, Almanca, Frans\u0131zca, \u0130spanyolca, \u0130talyanca, Portekizce, Yunanca ve Rus\u00e7a olarak mevcut<\/p>\n<p>Fiyat: 3.00 USD<\/p>\n<p><strong>8 sayfal\u0131k katlanabilir bro\u015f\u00fcr<\/strong><br \/>\nTam renkli foto\u011fraflar, haritalar, planlar, ill\u00fcstrasyonlar ve 3D rekonstr\u00fcksiyon \u00e7izimleri<br \/>\nSerif Yenen taraf\u0131ndan 2009 \u2013 2011 y\u0131llar\u0131nda yay\u0131mland\u0131<br \/>\nBoyutlar (in\u00e7 olarak) 8.66 x 6.30 (santimetre olarak) 22.00 x 16.00<\/p>\n<p><strong>\u00d6zel Sat\u0131\u015flar<\/strong><br \/>\n&#8220;Quick Guides&#8221;, toplu al\u0131mlar i\u00e7in \u00f6zel indirimlerle sunulmaktad\u0131r. \u00d6zel ihtiya\u00e7lar i\u00e7in ki\u015fiselle\u015ftirilmi\u015f kapaklar, \u00f6zetler ve kurumsal bask\u0131lar i\u00e7eren \u00f6zel bask\u0131lar olu\u015fturulabilir.[\/vc_column_text][\/vc_column][vc_column width=&#8221;1\/3&#8243;][vc_column_text css=&#8221;&#8221; woodmart_inline=&#8221;no&#8221; text_larger=&#8221;no&#8221;]<div class=\"_df_thumb \" id=\"df_3485\"  title=\"kariye-muzesi-turkce\" _slug=\"3485\" wpoptions=\"true\" thumb=\"https:\/\/quickguides.info\/wp-content\/uploads\/2020\/10\/kariye-turkce.jpg\" thumbtype=\"bg\" >Kariye M\u00fczesi T\u00fcrk\u00e7e<\/div><script data-cfasync=\"false\">var option_df_3485 = {\"outline\":[],\"forceFit\":\"true\",\"autoEnableOutline\":\"false\",\"autoEnableThumbnail\":\"false\",\"overwritePDFOutline\":\"false\",\"direction\":\"1\",\"pageSize\":\"0\",\"source\":\"https:\\\/\\\/quickguides.info\\\/wp-content\\\/uploads\\\/2020\\\/10\\\/kariye-webbook-tur.pdf\",\"wpOptions\":\"true\"}; if(window.DFLIP && DFLIP.parseBooks){DFLIP.parseBooks();}<\/script><br \/>\n<div class=\"_df_button \" id=\"df_3485\"  title=\"kariye-muzesi-turkce\" _slug=\"3485\" wpoptions=\"true\" thumb=\"https:\/\/quickguides.info\/wp-content\/uploads\/2020\/10\/kariye-turkce.jpg\" thumbtype=\"bg\" >Kariye M\u00fczesi T\u00fcrk\u00e7e<\/div><script data-cfasync=\"false\">var option_df_3485 = {\"outline\":[],\"forceFit\":\"true\",\"autoEnableOutline\":\"false\",\"autoEnableThumbnail\":\"false\",\"overwritePDFOutline\":\"false\",\"direction\":\"1\",\"pageSize\":\"0\",\"source\":\"https:\\\/\\\/quickguides.info\\\/wp-content\\\/uploads\\\/2020\\\/10\\\/kariye-webbook-tur.pdf\",\"wpOptions\":\"true\"}; if(window.DFLIP && DFLIP.parseBooks){DFLIP.parseBooks();}<\/script>             <div class=\"std-popup-outerwrap std-popup-kariye_muzesi\">\n            <input type=\"button\" class=\"std-popup-trigger std-popup-template-10\" value=\"Download\">\n            <div class=\"std-popup-innerwrap\" style=\"display:none;\">\n                <div class=\"std-overlay std-popup-wrapper\">\n\n                    <div class=\"std-popup-contetn-wrap\">\n                        <a href=\"javascript:void(0)\" class=\"std-popup-close\"><i class=\"fas fa-times\"><\/i><\/a>\n                            <div class=\"std-form-wrap std-template-10 std-kariye_muzesi\">\n    <form method=\"post\" action=\"\" class=\"std-subscription-form\" data-form-alias=\"kariye_muzesi\">\n\n        \n<div class=\"std-form-content-wrap\">\n    <div class=\"std-icon-holder\">\n                <img decoding=\"async\" src=\"https:\/\/quickguides.info\/wp-content\/uploads\/2020\/10\/qg-icon.png\" title=\"\">\n    <\/div>\n\n            <h2 class=\"std-heading-text\">Subscribe to Download<\/h2>\n                    <p class=\"std-heading-text std-heading-paragraph\">Subscribe to our mailing list to receive our Pamplet for free.<\/p>\n            <div class=\"both-fields-wrap\">\n                    <div class=\"std-field-wrap name-field\">\n                <label for=\"std_name\" class=\"sr-only std-hidden-item\">Your Name<\/label>\n                <input type=\"text\" name=\"std_name\" class=\"std-name\" placeholder=\"Your Name\"\/>\n            <\/div>\n                    <!--Email Field-->\n        <div class=\"std-field-wrap\">\n            <label for=\"std_email\" class=\"sr-only std-hidden-item\">Your Email<\/label>\n            <input type=\"email\" name=\"std_email\" class=\"std-email\" placeholder=\"Your Email\"\/>\n        <\/div>\n        <!-- Email Field-->\n\n\n\n    <\/div>\n            <div class=\"std-field-wrap std-terms-agreement-wrap std-check-box-text\">\n            <label>\n                <input type=\"checkbox\" name=\"std_terms_agreement\" class=\"std-terms-agreement\"\/>\n                <span class=\"std-term-text\">I agree with the terms and agreement.<\/span>\n            <\/label>\n        <\/div>\n            \n    <!-- Subscribe Button-->\n    <div class=\"std-field-wrap std-submit-btn-wrap\">\n        <button type=\"submit\" name=\"std_form_submit\" class=\"std-form-submit\" value=\"Download\"><i class=\"fas fa-paper-plane\"><\/i><\/button>\n\n    <\/div>\n\n\n\n\n    \n    <span class=\"std-form-loader-wraper\">\n        <div class=\"std-form-loader std-form-loader-1\">Loading...<\/div>\n    <\/span>\n    <div class=\"std-form-message\"><\/div>\n\n<\/div>\n    <\/form>\n<\/div>                    <\/div>\n                <\/div>\n            <\/div>\n        <\/div>\n        [\/vc_column_text][\/vc_column][\/vc_row]<\/p>\n<\/div>","protected":false},"excerpt":{"rendered":"<p>[vc_row][vc_column width=&#8221;2\/3&#8243;][vc_column_text css=&#8221;&#8221; woodmart_inline=&#8221;no&#8221; text_larger=&#8221;no&#8221;] Kariye Camii (Chora Manast\u0131r\u0131 &#8211; Chora&#8217;daki Hz. \u0130sa Kilisesi) Kullan\u0131c\u0131 dostu ve bilgilendirici, resim ve<\/p>\n","protected":false},"featured_media":4586,"template":"","meta":[],"product_brand":[224],"product_cat":[206],"product_tag":[219],"class_list":{"0":"post-5674","1":"product","2":"type-product","3":"status-publish","4":"has-post-thumbnail","6":"product_brand-serif-yenen-tr","7":"product_cat-brosurler","8":"product_tag-istanbul-serisi","9":"product_shipping_class-gonderim-ucreti","11":"first","12":"instock","13":"taxable","14":"shipping-taxable","15":"purchasable","16":"product-type-variable"},"_links":{"self":[{"href":"https:\/\/quickguides.info\/tr\/wp-json\/wp\/v2\/product\/5674","targetHints":{"allow":["GET"]}}],"collection":[{"href":"https:\/\/quickguides.info\/tr\/wp-json\/wp\/v2\/product"}],"about":[{"href":"https:\/\/quickguides.info\/tr\/wp-json\/wp\/v2\/types\/product"}],"wp:featuredmedia":[{"embeddable":true,"href":"https:\/\/quickguides.info\/tr\/wp-json\/wp\/v2\/media\/4586"}],"wp:attachment":[{"href":"https:\/\/quickguides.info\/tr\/wp-json\/wp\/v2\/media?parent=5674"}],"wp:term":[{"taxonomy":"product_brand","embeddable":true,"href":"https:\/\/quickguides.info\/tr\/wp-json\/wp\/v2\/product_brand?post=5674"},{"taxonomy":"product_cat","embeddable":true,"href":"https:\/\/quickguides.info\/tr\/wp-json\/wp\/v2\/product_cat?post=5674"},{"taxonomy":"product_tag","embeddable":true,"href":"https:\/\/quickguides.info\/tr\/wp-json\/wp\/v2\/product_tag?post=5674"}],"curies":[{"name":"wp","href":"https:\/\/api.w.org\/{rel}","templated":true}]}}