{"id":5695,"date":"2025-01-20T07:54:24","date_gmt":"2025-01-20T07:54:24","guid":{"rendered":"https:\/\/quickguides.info\/?post_type=product&#038;p=5695"},"modified":"2025-08-03T09:00:13","modified_gmt":"2025-08-03T09:00:13","slug":"istanbul-arkeoloji-muzesi","status":"publish","type":"product","link":"https:\/\/quickguides.info\/tr\/urun\/istanbul-arkeoloji-muzesi\/","title":{"rendered":"\u0130stanbul Arkeoloji M\u00fczesi"},"content":{"rendered":"<h2>Quick Guide Istanbul Arkeoloji M\u00fczesi<\/h2>\n<p>ISBN: 978-605-60629-2-6<br \/>\nAvailable in English, Turkish, German, French, Italian and Spanish.<\/p>\n<p><strong>Price:<\/strong> $3.00 USD<\/p>\n<p>Fold-out Pamphlet with 8 pages<br \/>\nFull-color photographs, maps, plans, illustrations and 3D reconstruction drawings<br \/>\nPublished by Serif Yenen in 2009 \u2013 2011<br \/>\nDimensions (in inches) 8.66 x 6.30 (in centimeters) 22.00 x 16.00<\/p>\n<p><strong>Special Sales<\/strong><br \/>\n\u201cQuick Guides\u201d are available at special discount for bulk purchases. Special editions, including personalized covers, excerpts, and corporate imprints, can be created for special needs.<\/p>\n","protected":false},"excerpt":{"rendered":"<p>A user friendly and informative Pamphlet with illustrations and plans. Its content is very easy to understand. In addition to general information about the Archaeological Museums of Istanbul, Turkey, it shows the photos of many of the major monuments and artifacts in the museum. Floor plans will help the visitor to get around easily. A general plan of the surrounding areas will help the reader to get oriented to the Sultanahmet neighborhood.<\/p>\n","protected":false},"featured_media":4638,"template":"","meta":[],"product_brand":[224],"product_cat":[206],"product_tag":[219],"class_list":{"0":"post-5695","1":"product","2":"type-product","3":"status-publish","4":"has-post-thumbnail","6":"product_brand-serif-yenen-tr","7":"product_cat-brosurler","8":"product_tag-istanbul-serisi","9":"product_shipping_class-gonderim-ucreti","11":"first","12":"instock","13":"taxable","14":"shipping-taxable","15":"purchasable","16":"product-type-variable"},"_links":{"self":[{"href":"https:\/\/quickguides.info\/tr\/wp-json\/wp\/v2\/product\/5695","targetHints":{"allow":["GET"]}}],"collection":[{"href":"https:\/\/quickguides.info\/tr\/wp-json\/wp\/v2\/product"}],"about":[{"href":"https:\/\/quickguides.info\/tr\/wp-json\/wp\/v2\/types\/product"}],"wp:featuredmedia":[{"embeddable":true,"href":"https:\/\/quickguides.info\/tr\/wp-json\/wp\/v2\/media\/4638"}],"wp:attachment":[{"href":"https:\/\/quickguides.info\/tr\/wp-json\/wp\/v2\/media?parent=5695"}],"wp:term":[{"taxonomy":"product_brand","embeddable":true,"href":"https:\/\/quickguides.info\/tr\/wp-json\/wp\/v2\/product_brand?post=5695"},{"taxonomy":"product_cat","embeddable":true,"href":"https:\/\/quickguides.info\/tr\/wp-json\/wp\/v2\/product_cat?post=5695"},{"taxonomy":"product_tag","embeddable":true,"href":"https:\/\/quickguides.info\/tr\/wp-json\/wp\/v2\/product_tag?post=5695"}],"curies":[{"name":"wp","href":"https:\/\/api.w.org\/{rel}","templated":true}]}}