{"id":5727,"date":"2025-01-20T12:42:32","date_gmt":"2025-01-20T12:42:32","guid":{"rendered":"https:\/\/quickguides.info\/urun\/egyptian-spice-bazaar\/"},"modified":"2025-08-03T08:57:43","modified_gmt":"2025-08-03T08:57:43","slug":"misir-carsisi","status":"publish","type":"product","link":"https:\/\/quickguides.info\/tr\/urun\/misir-carsisi\/","title":{"rendered":"M\u0131s\u0131r \u00c7ar\u015f\u0131s\u0131"},"content":{"rendered":"<div class=\"wpb-content-wrapper\"><p>[vc_row][vc_column width=&#8221;2\/3&#8243;][vc_column_text]<\/p>\n<h2>Quick Guide Egyptian-Spice Bazaar<\/h2>\n<p>ISBN: 978-605-60629-9-5<br \/>\nAvailable in English and Turkish<\/p>\n<p><strong>Price:<\/strong>\u00a0$3.00 USD (You can order it from Serif Yenen or\u00a0<a href=\"https:\/\/www.amazon.com\/Serif-Yenen\/e\/B001JWS564\/ref=ntt_athr_dp_pel_1\" target=\"_blank\" rel=\"noopener noreferrer\">Amazon.com<\/a>)<\/p>\n<p>Fold-out Pamphlet with 8 pages<br \/>\nFull-color photographs, maps, plans, illustrations and 3D reconstruction drawings<br \/>\nPublished by Serif Yenen in 2009 \u2013 2011<br \/>\nDimensions (in inches) 8.66 x 6.30 (in centimeters) 22.00 x 16.00<\/p>\n<p><strong>Special Sales<\/strong><br \/>\n\u201cQuick Guides\u201d are available at special discount for bulk purchases. Special editions, including personalized covers, excerpts, and corporate imprints, can be created for special needs.[\/vc_column_text][\/vc_column][vc_column width=&#8221;1\/3&#8243;][vc_column_text css=&#8221;&#8221; woodmart_inline=&#8221;no&#8221; text_larger=&#8221;no&#8221;]<div class=\"_df_thumb \" id=\"df_4033\"  title=\"egyptian-spice-bazaar\" _slug=\"egyptian-spice-bazaar\" wpoptions=\"true\" thumb=\"https:\/\/quickguides.info\/wp-content\/uploads\/2020\/12\/Misircarsi-webbook-ENG.jpeg\" thumbtype=\"bg\" >Egyptian-Spice Bazaar<\/div><script data-cfasync=\"false\">var option_df_4033 = {\"outline\":[],\"forceFit\":\"true\",\"autoEnableOutline\":\"false\",\"autoEnableThumbnail\":\"false\",\"overwritePDFOutline\":\"false\",\"direction\":\"1\",\"pageSize\":\"0\",\"source\":\"https:\\\/\\\/quickguides.info\\\/wp-content\\\/uploads\\\/2020\\\/12\\\/Misircarsi-webbook-ENG.pdf\",\"wpOptions\":\"true\"}; if(window.DFLIP && DFLIP.parseBooks){DFLIP.parseBooks();}<\/script><br \/>\n<div class=\"_df_button \" id=\"df_4033\"  title=\"egyptian-spice-bazaar\" _slug=\"egyptian-spice-bazaar\" wpoptions=\"true\" thumb=\"https:\/\/quickguides.info\/wp-content\/uploads\/2020\/12\/Misircarsi-webbook-ENG.jpeg\" thumbtype=\"bg\" >Egyptian-Spice Bazaar<\/div><script data-cfasync=\"false\">var option_df_4033 = {\"outline\":[],\"forceFit\":\"true\",\"autoEnableOutline\":\"false\",\"autoEnableThumbnail\":\"false\",\"overwritePDFOutline\":\"false\",\"direction\":\"1\",\"pageSize\":\"0\",\"source\":\"https:\\\/\\\/quickguides.info\\\/wp-content\\\/uploads\\\/2020\\\/12\\\/Misircarsi-webbook-ENG.pdf\",\"wpOptions\":\"true\"}; if(window.DFLIP && DFLIP.parseBooks){DFLIP.parseBooks();}<\/script>            <div class=\"std-popup-outerwrap std-popup-egyptian_spice_bazaar_english\">\n            <input type=\"button\" class=\"std-popup-trigger std-popup-template-10\" value=\"Download\">\n            <div class=\"std-popup-innerwrap\" style=\"display:none;\">\n                <div class=\"std-overlay std-popup-wrapper\">\n\n                    <div class=\"std-popup-contetn-wrap\">\n                        <a href=\"javascript:void(0)\" class=\"std-popup-close\"><i class=\"fas fa-times\"><\/i><\/a>\n                            <div class=\"std-form-wrap std-template-10 std-egyptian_spice_bazaar_english\">\n    <form method=\"post\" action=\"\" class=\"std-subscription-form\" data-form-alias=\"egyptian_spice_bazaar_english\">\n\n        \n<div class=\"std-form-content-wrap\">\n    <div class=\"std-icon-holder\">\n                <img decoding=\"async\" src=\"https:\/\/quickguides.info\/wp-content\/uploads\/2020\/10\/qg-icon.png\" title=\"\">\n    <\/div>\n\n            <h2 class=\"std-heading-text\">Subscribe to Download<\/h2>\n                    <p class=\"std-heading-text std-heading-paragraph\">Subscribe to our mailing list to receive our Pamplet for free.<\/p>\n            <div class=\"both-fields-wrap\">\n                    <div class=\"std-field-wrap name-field\">\n                <label for=\"std_name\" class=\"sr-only std-hidden-item\">Your Name<\/label>\n                <input type=\"text\" name=\"std_name\" class=\"std-name\" placeholder=\"Your Name\"\/>\n            <\/div>\n                    <!--Email Field-->\n        <div class=\"std-field-wrap\">\n            <label for=\"std_email\" class=\"sr-only std-hidden-item\">Your Email<\/label>\n            <input type=\"email\" name=\"std_email\" class=\"std-email\" placeholder=\"Your Email\"\/>\n        <\/div>\n        <!-- Email Field-->\n\n\n\n    <\/div>\n            <div class=\"std-field-wrap std-terms-agreement-wrap std-check-box-text\">\n            <label>\n                <input type=\"checkbox\" name=\"std_terms_agreement\" class=\"std-terms-agreement\"\/>\n                <span class=\"std-term-text\">I agree with the terms and agreement.<\/span>\n            <\/label>\n        <\/div>\n            \n    <!-- Subscribe Button-->\n    <div class=\"std-field-wrap std-submit-btn-wrap\">\n        <button type=\"submit\" name=\"std_form_submit\" class=\"std-form-submit\" value=\"Download\"><i class=\"fas fa-paper-plane\"><\/i><\/button>\n\n    <\/div>\n\n\n\n\n    \n    <span class=\"std-form-loader-wraper\">\n        <div class=\"std-form-loader std-form-loader-1\">Loading...<\/div>\n    <\/span>\n    <div class=\"std-form-message\"><\/div>\n\n<\/div>\n    <\/form>\n<\/div>                    <\/div>\n                <\/div>\n            <\/div>\n        <\/div>\n        [\/vc_column_text][\/vc_column][\/vc_row]<\/p>\n<\/div>","protected":false},"excerpt":{"rendered":"<p>A user friendly and informative Pamphlet with illustrations and plans. Its content is very easy to understand. In addition to general information about the Egyptian-Spice Bazaar in Istanbul, Turkey, it shows the photos of all of the major monuments in and around the Egyptian Bazaar. You can find a lot of information about spices as well. A general plan of the surrounding areas will help the reader to get oriented to the bazaar area.<\/p>\n","protected":false},"featured_media":4557,"template":"","meta":[],"product_brand":[224],"product_cat":[206],"product_tag":[213,219],"class_list":{"0":"post-5727","1":"product","2":"type-product","3":"status-publish","4":"has-post-thumbnail","6":"product_brand-serif-yenen-tr","7":"product_cat-brosurler","8":"product_tag-alisveris","9":"product_tag-istanbul-serisi","10":"product_shipping_class-gonderim-ucreti","12":"first","13":"instock","14":"taxable","15":"shipping-taxable","16":"purchasable","17":"product-type-variable"},"_links":{"self":[{"href":"https:\/\/quickguides.info\/tr\/wp-json\/wp\/v2\/product\/5727","targetHints":{"allow":["GET"]}}],"collection":[{"href":"https:\/\/quickguides.info\/tr\/wp-json\/wp\/v2\/product"}],"about":[{"href":"https:\/\/quickguides.info\/tr\/wp-json\/wp\/v2\/types\/product"}],"wp:featuredmedia":[{"embeddable":true,"href":"https:\/\/quickguides.info\/tr\/wp-json\/wp\/v2\/media\/4557"}],"wp:attachment":[{"href":"https:\/\/quickguides.info\/tr\/wp-json\/wp\/v2\/media?parent=5727"}],"wp:term":[{"taxonomy":"product_brand","embeddable":true,"href":"https:\/\/quickguides.info\/tr\/wp-json\/wp\/v2\/product_brand?post=5727"},{"taxonomy":"product_cat","embeddable":true,"href":"https:\/\/quickguides.info\/tr\/wp-json\/wp\/v2\/product_cat?post=5727"},{"taxonomy":"product_tag","embeddable":true,"href":"https:\/\/quickguides.info\/tr\/wp-json\/wp\/v2\/product_tag?post=5727"}],"curies":[{"name":"wp","href":"https:\/\/api.w.org\/{rel}","templated":true}]}}