{"id":5797,"date":"2025-01-25T10:44:21","date_gmt":"2025-01-25T10:44:21","guid":{"rendered":"https:\/\/quickguides.info\/urun\/kariye-chora\/"},"modified":"2025-08-15T04:53:37","modified_gmt":"2025-08-15T04:53:37","slug":"kariye-chora","status":"publish","type":"product","link":"https:\/\/quickguides.info\/tr\/urun\/kariye-chora\/","title":{"rendered":"Kariye \/ Chora"},"content":{"rendered":"<div class=\"wpb-content-wrapper\"><p>[vc_row][vc_column width=&#8221;2\/3&#8243;][vc_column_text css=&#8221;&#8221; woodmart_inline=&#8221;no&#8221; text_larger=&#8221;no&#8221;]<\/p>\n<h4><strong>Y\u00fczy\u0131llar\u0131n Sanat Miras\u0131n\u0131 Ta\u015f\u0131yan Bir \u015eaheser<\/strong><\/h4>\n<p>Tarihin en b\u00fcy\u00fck sanat destek\u00e7ilerinden Theodoros Metokhites\u2019in 14. y\u00fczy\u0131lda bug\u00fcnk\u00fc \u015feklini verdi\u011fi Chora Kilisesi, Osmanl\u0131 d\u00f6neminde Atik Ali Pa\u015fa taraf\u0131ndan camiye d\u00f6n\u00fc\u015ft\u00fcr\u00fclerek yeni bir kimlik kazand\u0131. \u0130stanbul Fatih\u2019te yer alan Kariye Camii, bug\u00fcn hem camii hem de m\u00fcze olarak hizmet veriyor. <strong>Kariye\/Chora<\/strong> kitab\u0131nda, Bizans sanat\u0131n\u0131n son \u015faheserlerinden olan mozaik ve fresklerin ilgin\u00e7 \u00f6yk\u00fcleri detayl\u0131 bir \u015fekilde ele al\u0131n\u0131yor.<\/p>\n<p>Bu eser, Demir\u00f6ren Yay\u0131nlar\u0131 taraf\u0131ndan s\u0131n\u0131rl\u0131 say\u0131da T\u00fcrk\u00e7e ve \u0130ngilizce olarak bas\u0131lm\u0131\u015f olup, \u00f6zel kutusuyla sanatseverlerin ve tarih merakl\u0131lar\u0131n\u0131n be\u011fenisine sunuluyor. Kitapta, R\u00f6nesans d\u00f6neminin habercisi say\u0131lan mozaik ve fresklerin teknik detaylar\u0131, g\u00f6lgelendirmeler, \u0131\u015f\u0131k kullan\u0131m\u0131 ve duygular\u0131n ifade edilme bi\u00e7imleri ile Kariye Camii\u2019nin e\u015fsiz sanat miras\u0131 ke\u015ffediliyor. Toplamda 60 \u00f6yk\u00fc ve yakla\u015f\u0131k 100 foto\u011fraf ile zenginle\u015ftirilen <strong>Kariye\/Chora<\/strong>, hem g\u00f6rsel hem de edebi anlamda okuyuculara unutulmaz bir deneyim sunuyor.<\/p>\n<h4><strong>Kitab\u0131n Haberi<\/strong><\/h4>\n<p><strong>Kariye Chora: Kiliseden Camiye Bir D\u00f6n\u00fc\u015f\u00fcm Hikayesi<\/strong> kitab\u0131 yay\u0131mland\u0131!<\/p>\n<p>Demir\u00f6ren Yay\u0131nlar\u0131\u2019ndan \u00e7\u0131kan bu \u00f6zel eser, Chora Kilisesi\u2019nin (Kariye Camii) duvarlar\u0131ndaki mozaik ve fresklerde anlat\u0131lan \u00f6yk\u00fcleri bir araya getiriyor. Kitap, T\u00fcrk\u00e7e ve \u0130ngilizce olarak s\u0131n\u0131rl\u0131 say\u0131da bas\u0131lm\u0131\u015f ve 60 \u00f6yk\u00fc ile yakla\u015f\u0131k 100 foto\u011fraf i\u00e7ermektedir.<\/p>\n<p>Arkeolog Dr. Murat Sav, kitab\u0131 de\u011ferlendirirken \u015funlar\u0131 s\u00f6yledi:<br \/>\n\u201c\u0130talya\u2019da R\u00f6nesans ba\u015flamadan \u00f6nce Bizans\u2019ta bu kilisede ba\u015flam\u0131\u015ft\u0131. Yap\u0131da fig\u00fcrler b\u00fcy\u00fcmeye ve uzamaya ba\u015flam\u0131\u015f. Bizansta g\u00f6rsel ve ikonografik anlamda bu denli yo\u011fun ba\u015fka bir yap\u0131 yoktur. Burada \u00e7ok \u00f6zel detaylar bulunuyor. Cami, Meryem ve \u0130sa\u2019n\u0131n baz\u0131 mucizelerinin yer ald\u0131\u011f\u0131 resimler ve mozaikler ile ku\u015fat\u0131lm\u0131\u015f. Kariye \u00e7ok \u00f6zel bir yap\u0131, bu nedenle hem turistik hem k\u00fclt\u00fcrel anlamda do\u011fru bilinmesi gerekiyor.\u201d<\/p>\n<p>Dr. Sav, kitab\u0131n foto\u011frafik belgeleme yaparak camideki mozaik ve freskleri \u00f6n plana \u00e7\u0131kard\u0131\u011f\u0131n\u0131 belirterek, &#8220;Kariye Chora: Kiliseden Camiye Bir D\u00f6n\u00fc\u015f\u00fcm Hikayesi, caminin tarihini \u00f6\u011frenmek isteyenler i\u00e7in b\u00fcy\u00fck \u00f6nem ta\u015f\u0131yor,&#8221; dedi.<\/p>\n<p>[\/vc_column_text][\/vc_column][vc_column width=&#8221;1\/3&#8243;][vc_video link=&#8221;https:\/\/youtube.com\/shorts\/oQWeoQueM0I?feature=share&#8221; el_aspect=&#8221;916&#8243; css=&#8221;&#8221; woodmart_css_id=&#8221;6794cc3dac88a&#8221; image_poster_switch=&#8221;no&#8221;][\/vc_column][\/vc_row][vc_row][vc_column][vc_column_text css=&#8221;&#8221; woodmart_inline=&#8221;no&#8221; text_larger=&#8221;no&#8221;]<\/p>\n<h4><strong>\u00d6zel Bas\u0131m ve De\u011ferli \u0130\u00e7erik<\/strong><\/h4>\n<p><strong>Kariye\/Chora<\/strong>, sadece sanat ve tarih merakl\u0131lar\u0131 i\u00e7in de\u011fil, ayn\u0131 zamanda s\u0131n\u0131rl\u0131 say\u0131da bas\u0131lm\u0131\u015f bu \u00f6zel eseri koleksiyonuna eklemek isteyenler i\u00e7in de e\u015fsiz bir f\u0131rsat sunuyor. Kitab\u0131n her iki dilde de bas\u0131lm\u0131\u015f olmas\u0131, uluslararas\u0131 okuyucular\u0131n da bu de\u011ferli eseri ke\u015ffetmesine olanak tan\u0131yor.<\/p>\n<p><strong>Kariye\/Chora<\/strong> ile Kariye Camii\u2019nin b\u00fcy\u00fcleyici sanat d\u00fcnyas\u0131na ad\u0131m at\u0131n ve tarihin derinliklerine yolculuk edin. Bu e\u015fsiz \u015faheseri ka\u00e7\u0131rmay\u0131n!<\/p>\n<p><strong>Kariye Camii\u2019nin b\u00fcy\u00fcleyici hikayesini ke\u015ffedin!<\/strong><\/p>\n<p style=\"font-weight: 400;\"><b><strong>Proje Direkt\u00f6r\u00fc \/ Project Director:<\/strong><\/b>\u00a0Bedri G\u00f6\u011falp<\/p>\n<p style=\"font-weight: 400;\"><b><strong>Yay\u0131na Haz\u0131rl\u0131k \/ Preparation for Publication:<\/strong><\/b>\u00a0G\u00f6khan \u00c7avu\u015f-\u015eule Onur<\/p>\n<p style=\"font-weight: 400;\"><b><strong>\u00d6ns\u00f6z \/ Preface:<\/strong><\/b>\u00a0Do\u011fan H\u0131zlan-Murat Sav<\/p>\n<p style=\"font-weight: 400;\"><b><strong>Metinler ve \u00c7eviri \/ Text and Translation:<\/strong><\/b>\u00a0\u015eerif Yenen<\/p>\n<p style=\"font-weight: 400;\"><b><strong>Edit\u00f6r \/ Editor:<\/strong><\/b>\u00a0Mehmet \u00c7elik<\/p>\n<p style=\"font-weight: 400;\"><b><strong>Foto\u011fraflar \/ Photos:<\/strong><\/b>\u00a0Ozan G\u00fczelce-Sercan \u00d6zkurnazl\u0131<\/p>\n<p style=\"font-weight: 400;\"><b><strong>Proje Dan\u0131\u015fman\u0131 \/ Project Consultant:<\/strong><\/b>\u00a0Turgay Erol<\/p>\n<p style=\"font-weight: 400;\"><b><strong>Kitap Tasar\u0131m \/ Graphic Design:<\/strong><\/b>\u00a0Tuncer Ta\u015fd\u00f6\u011fen<\/p>\n<p style=\"font-weight: 400;\"><b><strong>Kapak Tasar\u0131m\u0131 \/ Cover Design:<\/strong><\/b>\u00a0Ayd\u0131n Tibet<\/p>\n<p style=\"font-weight: 400;\"><b><strong>Medya \u0130li\u015fkileri ve \u0130leti\u015fim \/ Media Relations:<\/strong><\/b>\u00a0Eda Kaygalak<\/p>\n<p style=\"font-weight: 400;\"><b><strong>Katk\u0131da Bulunanlar \/ Contributors:<\/strong><\/b>\u00a0Y\u0131lmaz Akkaya-Ahmet \u0130stemkar-\u00d6zge \u00c7ift\u00e7i-Selim Erdem \u00c7elik<\/p>\n<p style=\"font-weight: 400;\"><b><strong>1.Bask\u0131 \/ 1.Edition:<\/strong><\/b>\u00a0Kas\u0131m 2024<\/p>\n<p style=\"font-weight: 400;\"><b><strong>Hamur Tipi:<\/strong><\/b>\u00a0Mat Ku\u015fe<\/p>\n<p style=\"font-weight: 400;\"><b><strong>Sayfa Say\u0131s\u0131:<\/strong><\/b>\u00a080<\/p>\n<p style=\"font-weight: 400;\"><b><strong>Ebat:<\/strong><\/b>\u00a033 x 48<\/p>\n<p style=\"font-weight: 400;\"><b><strong>ISBN:<\/strong><\/b>978-625-99827-5-5<\/p>\n<p>[\/vc_column_text][\/vc_column][\/vc_row]<\/p>\n<\/div>","protected":false},"excerpt":{"rendered":"<h2>Ad\u0131n\u0131za \u0130mzal\u0131 \u00d6zel Versiyon<\/h2>\n<p>\u015eerif Yenen\u2019in kaleme ald\u0131\u011f\u0131 <strong>&#8220;Kariye Chora: Kiliseden Camiye Bir D\u00f6n\u00fc\u015f\u00fcm Hikayesi&#8221;<\/strong>, Bizans\u2019tan Osmanl\u0131\u2019ya uzanan Kariye Camii\u2019nin b\u00fcy\u00fcleyici tarihini ve sanat\u0131n\u0131 ke\u015ffetmenizi sa\u011fl\u0131yor. 14. y\u00fczy\u0131lda Theodoros Metokhites taraf\u0131ndan in\u015fa edilen Chora Kilisesi\u2019nin, Atik Ali Pa\u015fa taraf\u0131ndan camiye d\u00f6n\u00fc\u015ft\u00fcr\u00fclmesiyle kazand\u0131\u011f\u0131 yeni kimlik bu kitapta detaylar\u0131yla anlat\u0131l\u0131yor.<\/p>\n<p>Demir\u00f6ren Yay\u0131nlar\u0131\u2019ndan s\u0131n\u0131rl\u0131 say\u0131da T\u00fcrk\u00e7e ve \u0130ngilizce olarak bas\u0131lan eser, 60 \u00f6yk\u00fc ve 100\u2019e yak\u0131n etkileyici foto\u011frafla Kariye\u2019nin mozaik ve fresklerinin derinliklerine iniyor.<\/p>\n<p>S\u0131n\u0131rl\u0131 Say\u0131daki Esere Sahip Olmak \u0130\u00e7in \u015eimdi Sat\u0131n Al\u0131n<\/p>\n","protected":false},"featured_media":5793,"template":"","meta":[],"product_brand":[],"product_cat":[204],"product_tag":[],"class_list":{"0":"post-5797","1":"product","2":"type-product","3":"status-publish","4":"has-post-thumbnail","6":"product_cat-rehber-kitaplar","7":"product_shipping_class-ucretsiz-kargo","9":"first","10":"instock","11":"featured","12":"sold-individually","13":"taxable","14":"shipping-taxable","15":"purchasable","16":"product-type-simple"},"_links":{"self":[{"href":"https:\/\/quickguides.info\/tr\/wp-json\/wp\/v2\/product\/5797","targetHints":{"allow":["GET"]}}],"collection":[{"href":"https:\/\/quickguides.info\/tr\/wp-json\/wp\/v2\/product"}],"about":[{"href":"https:\/\/quickguides.info\/tr\/wp-json\/wp\/v2\/types\/product"}],"wp:featuredmedia":[{"embeddable":true,"href":"https:\/\/quickguides.info\/tr\/wp-json\/wp\/v2\/media\/5793"}],"wp:attachment":[{"href":"https:\/\/quickguides.info\/tr\/wp-json\/wp\/v2\/media?parent=5797"}],"wp:term":[{"taxonomy":"product_brand","embeddable":true,"href":"https:\/\/quickguides.info\/tr\/wp-json\/wp\/v2\/product_brand?post=5797"},{"taxonomy":"product_cat","embeddable":true,"href":"https:\/\/quickguides.info\/tr\/wp-json\/wp\/v2\/product_cat?post=5797"},{"taxonomy":"product_tag","embeddable":true,"href":"https:\/\/quickguides.info\/tr\/wp-json\/wp\/v2\/product_tag?post=5797"}],"curies":[{"name":"wp","href":"https:\/\/api.w.org\/{rel}","templated":true}]}}