{"id":5943,"date":"2025-01-21T18:39:40","date_gmt":"2025-01-21T18:39:40","guid":{"rendered":"https:\/\/quickguides.info\/urun\/illustrated-map-of-zeytinburnu\/"},"modified":"2025-02-04T18:20:12","modified_gmt":"2025-02-04T18:20:12","slug":"illustrasyonlu-zeytinburnu-haritasi","status":"publish","type":"product","link":"https:\/\/quickguides.info\/tr\/urun\/illustrasyonlu-zeytinburnu-haritasi\/","title":{"rendered":"\u0130ll\u00fcstrasyonlu Zeytinburnu Haritas\u0131"},"content":{"rendered":"<h3>\u0130stanbul&#8217;un \u0130ll\u00fcstrasyonlu Haritalar\u0131<\/h3>\n<p>\u015eerif Yenen&#8217;in y\u00fcr\u00fctt\u00fc\u011f\u00fc devam eden bir di\u011fer Quick Guide Projesi, \u0130stanbul&#8217;un ill\u00fcstrasyonlu haritas\u0131d\u0131r.<\/p>\n<p>Bu harita, Alt\u0131n Boynuz ile Eski \u015eehir, Pera, Beyo\u011flu, Bo\u011fazi\u00e7i K\u00f6pr\u00fcs\u00fc\u2019ne kadar Bo\u011faz ve \u0130stanbul&#8217;un Asya yakas\u0131ndaki k\u0131y\u0131lar\u0131 kapsayan bir ill\u00fcstrasyonlu \u015fehir plan\u0131 ve gezi haritas\u0131d\u0131r. G\u00fcnl\u00fck olarak \u00f6nerilen gezilecek yerler listesi ve tematik rotalar, \u015fehri ke\u015ffetmenize rehberlik edecektir.<\/p>\n<p>\u0130ll\u00fcstrasyonlar, tarihi ve turistik yerleri, an\u0131tlar\u0131, m\u00fczeleri, saraylar\u0131, camileri, kiliseleri, sinagoglar\u0131, kaleleri, hamamlar\u0131, \u00e7ar\u015f\u0131lar\u0131 ve pazarlar\u0131 kapsamaktad\u0131r.<\/p>\n<p>Haritan\u0131n arka y\u00fcz\u00fcnde tam bir Bo\u011faz haritas\u0131 ile farkl\u0131 versiyonlarda \u00e7e\u015fitli faydal\u0131 haritalar veya planlar yer almaktad\u0131r.<\/p>\n<p>Fiyat: 1,50 ABD Dolar\u0131<\/p>\n<p><strong>Katlanabilir Haritalar<\/strong><br \/>\nTam renkli foto\u011fraflar, haritalar, planlar, ill\u00fcstrasyonlar ve 3D rekonstr\u00fcksiyon \u00e7izimleri<br \/>\n\u015eerif Yenen taraf\u0131ndan 2012 \u2013 2021 y\u0131llar\u0131 aras\u0131nda yay\u0131mland\u0131.<\/p>\n<p><strong>\u00d6zel Sat\u0131\u015flar<\/strong><br \/>\n\u201cH\u0131zl\u0131 Rehber \u0130ll\u00fcstrasyonlu \u0130stanbul Haritalar\u0131\u201d, toplu al\u0131mlarda \u00f6zel indirimle sunulmaktad\u0131r. \u00d6zel ihtiya\u00e7lar do\u011frultusunda, ki\u015fiselle\u015ftirilmi\u015f kapaklar, al\u0131nt\u0131lar ve kurumsal logolar i\u00e7eren \u00f6zel bask\u0131lar olu\u015fturulabilir.<\/p>\n","protected":false},"excerpt":{"rendered":"<p>\u015eerif Yenen&#8217;in y\u00fcr\u00fctt\u00fc\u011f\u00fc Quick Guide Projesi, \u0130stanbul&#8217;un ill\u00fcstrasyonlu haritas\u0131d\u0131r.<\/p>\n","protected":false},"featured_media":4518,"template":"","meta":[],"product_brand":[224],"product_cat":[205],"product_tag":[],"class_list":{"0":"post-5943","1":"product","2":"type-product","3":"status-publish","4":"has-post-thumbnail","6":"product_brand-serif-yenen-tr","7":"product_cat-haritalar","8":"product_shipping_class-gonderim-ucreti","10":"first","11":"outofstock","12":"taxable","13":"shipping-taxable","14":"purchasable","15":"product-type-simple"},"_links":{"self":[{"href":"https:\/\/quickguides.info\/tr\/wp-json\/wp\/v2\/product\/5943","targetHints":{"allow":["GET"]}}],"collection":[{"href":"https:\/\/quickguides.info\/tr\/wp-json\/wp\/v2\/product"}],"about":[{"href":"https:\/\/quickguides.info\/tr\/wp-json\/wp\/v2\/types\/product"}],"wp:featuredmedia":[{"embeddable":true,"href":"https:\/\/quickguides.info\/tr\/wp-json\/wp\/v2\/media\/4518"}],"wp:attachment":[{"href":"https:\/\/quickguides.info\/tr\/wp-json\/wp\/v2\/media?parent=5943"}],"wp:term":[{"taxonomy":"product_brand","embeddable":true,"href":"https:\/\/quickguides.info\/tr\/wp-json\/wp\/v2\/product_brand?post=5943"},{"taxonomy":"product_cat","embeddable":true,"href":"https:\/\/quickguides.info\/tr\/wp-json\/wp\/v2\/product_cat?post=5943"},{"taxonomy":"product_tag","embeddable":true,"href":"https:\/\/quickguides.info\/tr\/wp-json\/wp\/v2\/product_tag?post=5943"}],"curies":[{"name":"wp","href":"https:\/\/api.w.org\/{rel}","templated":true}]}}