{"id":5945,"date":"2025-01-21T18:21:41","date_gmt":"2025-01-21T18:21:41","guid":{"rendered":"https:\/\/quickguides.info\/urun\/quick-guide-turkey-an-illustrated-map-for-visitors\/"},"modified":"2025-02-01T21:18:35","modified_gmt":"2025-02-01T21:18:35","slug":"quick-guide-turkey-an-illustrated-map-for-visitors","status":"publish","type":"product","link":"https:\/\/quickguides.info\/tr\/urun\/quick-guide-turkey-an-illustrated-map-for-visitors\/","title":{"rendered":"Quick Guide Turkiye, Ziyaret\u00e7iler \u0130\u00e7in \u0130ll\u00fcstrasyonlu Harita"},"content":{"rendered":"<div class=\"wpb-content-wrapper\"><p>[vc_row][vc_column][vc_column_text css=&#8221;&#8221; woodmart_inline=&#8221;no&#8221; text_larger=&#8221;no&#8221;]<\/p>\n<h2>Quick Guide T\u00fcrkiye, Ziyaret\u00e7iler \u0130\u00e7in \u0130ll\u00fcstrasyonlu Harita<\/h2>\n<p>ISBN 978-605-4541263<br \/>\n\u0130ngilizce olarak mevcuttur<br \/>\nKatlanabilir Harita<br \/>\n2 sayfa<br \/>\nTam renkli harita, planlar, ill\u00fcstrasyonlar ve 3D rekonstr\u00fcksiyon \u00e7izimleri<br \/>\n2016 y\u0131l\u0131nda yay\u0131mland\u0131<br \/>\nFiyat: 9,99 ABD Dolar\u0131<\/p>\n<p><strong>\u00d6zel Sat\u0131\u015flar<\/strong><br \/>\n\u201cQuick Guide T\u00fcrkiye, Ziyaret\u00e7iler \u0130\u00e7in \u0130ll\u00fcstrasyonlu Harita\u201d, toplu al\u0131mlarda \u00f6zel indirimle sunulmaktad\u0131r. \u00d6zel ihtiya\u00e7lar do\u011frultusunda, ki\u015fiselle\u015ftirilmi\u015f kapaklar, al\u0131nt\u0131lar ve kurumsal logolar i\u00e7eren \u00f6zel bask\u0131lar olu\u015fturulabilir.[\/vc_column_text][\/vc_column][\/vc_row]<\/p>\n<\/div>","protected":false},"excerpt":{"rendered":"<p>T\u00fcrkiye\u2019nin co\u011frafi b\u00f6lgeleri, milli parklar\u0131, Roma eyaletleri, UNESCO D\u00fcnya Miras\u0131 Alanlar\u0131, Vahiy\u2019in Yedi Kilisesi ve Aziz Paulus\u2019un Yolculuklar\u0131n\u0131 kapsayan lamine edilmi\u015f ve ill\u00fcstrasyonlu bir seyahat haritas\u0131d\u0131r.  <\/p>\n<p>Arka y\u00fcz\u00fcnde Efes ve Hierapolis (Pamukkale) antik kentlerinin planlar\u0131, Kapadokya\u2019n\u0131n b\u00f6lgesel haritas\u0131 ve Bizans d\u00f6nemine ait ill\u00fcstrasyonlu bir Konstantinopolis haritas\u0131 yer almaktad\u0131r.<\/p>\n","protected":false},"featured_media":4656,"template":"","meta":[],"product_brand":[224],"product_cat":[205],"product_tag":[],"class_list":{"0":"post-5945","1":"product","2":"type-product","3":"status-publish","4":"has-post-thumbnail","6":"product_brand-serif-yenen-tr","7":"product_cat-haritalar","9":"first","10":"outofstock","11":"taxable","12":"shipping-taxable","13":"purchasable","14":"product-type-simple"},"_links":{"self":[{"href":"https:\/\/quickguides.info\/tr\/wp-json\/wp\/v2\/product\/5945","targetHints":{"allow":["GET"]}}],"collection":[{"href":"https:\/\/quickguides.info\/tr\/wp-json\/wp\/v2\/product"}],"about":[{"href":"https:\/\/quickguides.info\/tr\/wp-json\/wp\/v2\/types\/product"}],"wp:featuredmedia":[{"embeddable":true,"href":"https:\/\/quickguides.info\/tr\/wp-json\/wp\/v2\/media\/4656"}],"wp:attachment":[{"href":"https:\/\/quickguides.info\/tr\/wp-json\/wp\/v2\/media?parent=5945"}],"wp:term":[{"taxonomy":"product_brand","embeddable":true,"href":"https:\/\/quickguides.info\/tr\/wp-json\/wp\/v2\/product_brand?post=5945"},{"taxonomy":"product_cat","embeddable":true,"href":"https:\/\/quickguides.info\/tr\/wp-json\/wp\/v2\/product_cat?post=5945"},{"taxonomy":"product_tag","embeddable":true,"href":"https:\/\/quickguides.info\/tr\/wp-json\/wp\/v2\/product_tag?post=5945"}],"curies":[{"name":"wp","href":"https:\/\/api.w.org\/{rel}","templated":true}]}}