{"id":6153,"date":"2025-02-23T23:22:16","date_gmt":"2025-02-23T23:22:16","guid":{"rendered":"https:\/\/quickguides.info\/?post_type=product&#038;p=6153"},"modified":"2026-02-28T10:21:38","modified_gmt":"2026-02-28T10:21:38","slug":"turkish-odyssey","status":"publish","type":"product","link":"https:\/\/quickguides.info\/tr\/urun\/turkish-odyssey\/","title":{"rendered":"Turkish Odyssey"},"content":{"rendered":"<div class=\"wpb-content-wrapper\"><p>[vc_row][vc_column][\/vc_column][\/vc_row]<\/p>\n<\/div>","protected":false},"excerpt":{"rendered":"<p>(G\u00fcncellenmi\u015f ve Geni\u015fletilmi\u015f Bask\u0131 \u2013 3 Ciltlik \u00d6zel Kutulu Set)<\/p>\n<h2>T\u00fcrkiye\u2019nin binlerce y\u0131ll\u0131k miras\u0131na yolculuk: Turkish Odyssey<\/h2>\n<p>T\u00fcrkiye&#8217;nin \u00f6ne \u00e7\u0131kan ve iz b\u0131rakan rehberlerinden \u015eerif Yenen\u2019in \u0130ngilizce kaleme ald\u0131\u011f\u0131 bu \u00fc\u00e7 ciltlik eser, Anadolu\u2019nun tarihini, arkeolojisini, sanat\u0131n\u0131 ve geleneklerini \u00f6zg\u00fcn bir bak\u0131\u015fla anlat\u0131yor. \u015eerif Yenen\u2019in k\u0131rk y\u0131la yakla\u015fan saha deneyimiyle \u015fekillenen Turkish Odyssey, yaln\u0131zca bir rehber de\u011fil; hem gezginlere hem de k\u00fclt\u00fcr merakl\u0131lar\u0131na T\u00fcrkiye\u2019yi derinlemesine ke\u015ffetme imk\u00e2n\u0131 sunan benzersiz bir k\u00fclt\u00fcr yolculu\u011fu.<\/p>\n<ul>\n<li>Gezginler i\u00e7in bir pusula,<\/li>\n<li>Akademisyenler i\u00e7in de\u011ferli bir kaynak,<\/li>\n<li>Yabanc\u0131 konuklar i\u00e7in unutulmaz ve kal\u0131c\u0131 bir arma\u011fan,<\/li>\n<li>K\u00fclt\u00fcr ve seyahat tutkunlar\u0131 i\u00e7in vazge\u00e7ilmez bir yol arkada\u015f\u0131<\/li>\n<\/ul>\n<h4>\u0130\u015fte Turkish Odyssey<\/h4>\n","protected":false},"featured_media":7913,"template":"","meta":[],"product_brand":[224],"product_cat":[204],"product_tag":[197],"class_list":{"0":"post-6153","1":"product","2":"type-product","3":"status-publish","4":"has-post-thumbnail","6":"product_brand-serif-yenen-tr","7":"product_cat-rehber-kitaplar","8":"product_tag-turkish-odyssey","9":"product_shipping_class-ucretsiz-kargo","11":"first","12":"instock","13":"featured","14":"taxable","15":"shipping-taxable","16":"purchasable","17":"product-type-simple"},"_links":{"self":[{"href":"https:\/\/quickguides.info\/tr\/wp-json\/wp\/v2\/product\/6153","targetHints":{"allow":["GET"]}}],"collection":[{"href":"https:\/\/quickguides.info\/tr\/wp-json\/wp\/v2\/product"}],"about":[{"href":"https:\/\/quickguides.info\/tr\/wp-json\/wp\/v2\/types\/product"}],"wp:featuredmedia":[{"embeddable":true,"href":"https:\/\/quickguides.info\/tr\/wp-json\/wp\/v2\/media\/7913"}],"wp:attachment":[{"href":"https:\/\/quickguides.info\/tr\/wp-json\/wp\/v2\/media?parent=6153"}],"wp:term":[{"taxonomy":"product_brand","embeddable":true,"href":"https:\/\/quickguides.info\/tr\/wp-json\/wp\/v2\/product_brand?post=6153"},{"taxonomy":"product_cat","embeddable":true,"href":"https:\/\/quickguides.info\/tr\/wp-json\/wp\/v2\/product_cat?post=6153"},{"taxonomy":"product_tag","embeddable":true,"href":"https:\/\/quickguides.info\/tr\/wp-json\/wp\/v2\/product_tag?post=6153"}],"curies":[{"name":"wp","href":"https:\/\/api.w.org\/{rel}","templated":true}]}}